{"id":163967,"date":"2025-12-19T13:07:45","date_gmt":"2025-12-19T10:07:45","guid":{"rendered":"https:\/\/baldumarket.lt\/product\/rivero-rivp01-polka-wiszaca-szara-dab-flagstaff-ciemna\/"},"modified":"2026-04-06T19:47:35","modified_gmt":"2026-04-06T16:47:35","slug":"rivero-rivp01-polka-wiszaca-szara-dab-flagstaff-ciemna","status":"publish","type":"product","link":"https:\/\/baldumarket.lt\/lt\/product\/rivero-rivp01-polka-wiszaca-szara-dab-flagstaff-ciemna\/","title":{"rendered":"Rivero RIVP01 \u2013 Pakabinama lentyna, pilka\/tamsaus \u0105\u017euolo spalvos, Flagstaff spalvos"},"content":{"rendered":"<p>Jei ie\u0161kote elegancijos ir prakti\u0161kumo savo interjerui, per\u017ei\u016br\u0117kite m\u016bs\u0173 naujausi\u0105 gamin\u012f \u2013 sienin\u0119 lentyn\u0105 \u201eRivero RIVP01\u201c. Ji derina nat\u016bral\u0173 tamsaus \u0105\u017euolo gro\u017e\u012f ir \u0161ilum\u0105 su modernaus, prislopintos pilkos spalvos prisilietimu. Tai sprendimas tiek klasikos, tiek modernumo m\u0117g\u0117jams, puikiai papildantis \u012fvairius interjerus. Pagaminta i\u0161 auk\u0161tos kokyb\u0117s laminuotos plok\u0161t\u0117s, lentyna yra idealiai tinkanti m\u0117gstamoms knygoms, \u0161eimos nuotraukoms ar net augal\u0173 kolekcijoms eksponuoti: 150 cm plo\u010dio, 22 cm auk\u0161\u010dio ir 20 cm gylio. Tai daro j\u0105 itin funkcionalia, i\u0161laikant minimalistin\u012f dizain\u0105. Modernus stilius, \u012fk\u016bnytas paprastose bald\u0173 linijose, leid\u017eia juos lengvai integruoti \u012f bet kok\u012f interjer\u0105, o laminuota med\u017eio dro\u017eli\u0173 plok\u0161t\u0117 u\u017etikrina lengv\u0105 valym\u0105 ir atsparum\u0105 \u012fbr\u0117\u017eimams, padidindama gaminio patvarum\u0105 ir esteti\u0161k\u0105 apdail\u0105. Galin\u0117 sienel\u0117, taip pat pagaminta i\u0161 laminuotos med\u017eio dro\u017eli\u0173 plok\u0161t\u0117s, apsaugo sien\u0105 nuo galim\u0173 purvo ir pa\u017eeidim\u0173, kartu suteikdama lentynai charakterio ir stabilumo.<\/p>","protected":false},"excerpt":{"rendered":"<p>Plotis (cm): 150<br \/>\n\u016agis (cm): 22<br \/>\nGylis (cm): 20<\/p>","protected":false},"featured_media":163968,"comment_status":"open","ping_status":"open","template":"","meta":[],"product_brand":[],"product_cat":[9496,1174,4107],"product_tag":[],"class_list":{"0":"post-163967","1":"product","2":"type-product","3":"status-publish","4":"has-post-thumbnail","6":"product_cat-furniture-system-rivero-wojcik-meble","7":"product_cat-hanging-shelves","8":"product_cat-meble-wojcik","10":"first","11":"instock","12":"purchasable","13":"product-type-simple"},"_links":{"self":[{"href":"https:\/\/baldumarket.lt\/lt\/wp-json\/wp\/v2\/product\/163967","targetHints":{"allow":["GET"]}}],"collection":[{"href":"https:\/\/baldumarket.lt\/lt\/wp-json\/wp\/v2\/product"}],"about":[{"href":"https:\/\/baldumarket.lt\/lt\/wp-json\/wp\/v2\/types\/product"}],"replies":[{"embeddable":true,"href":"https:\/\/baldumarket.lt\/lt\/wp-json\/wp\/v2\/comments?post=163967"}],"wp:featuredmedia":[{"embeddable":true,"href":"https:\/\/baldumarket.lt\/lt\/wp-json\/wp\/v2\/media\/163968"}],"wp:attachment":[{"href":"https:\/\/baldumarket.lt\/lt\/wp-json\/wp\/v2\/media?parent=163967"}],"wp:term":[{"taxonomy":"product_brand","embeddable":true,"href":"https:\/\/baldumarket.lt\/lt\/wp-json\/wp\/v2\/product_brand?post=163967"},{"taxonomy":"product_cat","embeddable":true,"href":"https:\/\/baldumarket.lt\/lt\/wp-json\/wp\/v2\/product_cat?post=163967"},{"taxonomy":"product_tag","embeddable":true,"href":"https:\/\/baldumarket.lt\/lt\/wp-json\/wp\/v2\/product_tag?post=163967"}],"curies":[{"name":"wp","href":"https:\/\/api.w.org\/{rel}","templated":true}]}}