{"id":163961,"date":"2025-12-19T13:07:32","date_gmt":"2025-12-19T10:07:32","guid":{"rendered":"https:\/\/baldumarket.lt\/product\/ricko-rikr01-regal-dab-coast-evoke\/"},"modified":"2026-04-06T19:47:35","modified_gmt":"2026-04-06T16:47:35","slug":"ricko-rikr01-regal-dab-coast-evoke","status":"publish","type":"product","link":"https:\/\/baldumarket.lt\/lt\/product\/ricko-rikr01-regal-dab-coast-evoke\/","title":{"rendered":"Ricko RIKR01 \u2013 \u201eCoast Evoke\u201c \u0105\u017euolo knyg\u0173 lentyna"},"content":{"rendered":"<p>Susipa\u017einkite su \u201eRicko RIKR01\u201c knyg\u0173 lentyna \u2013 baldu, kuriame unikalus dizainas ir prakti\u0161kumas susijungia, kad pagerint\u0173 ir pagra\u017eint\u0173 j\u016bs\u0173 namus. \u0160is i\u0161skirtinis baldas, kurio plotis \u2013 91,5 cm, auk\u0161tis \u2013 198 cm, o gylis \u2013 40 cm, ne tik puikiai tinka j\u016bs\u0173 bibliotekai ar kolekcijai laikyti, bet ir tampa visaver\u010diu dekoratyviniu elementu, kuris lengvai patrauks ak\u012f ir sudomins sve\u010dius. Pagaminta i\u0161 patvarios ir lengvai valomos laminuotos plok\u0161t\u0117s, \u201eRicko\u201c knyg\u0173 lentyna yra \u201eCoast Evoke Oak\u201c spalvos, kuri suteikia kambariui \u0161ilumos ir nat\u016bralios harmonijos. Nat\u016brali spalva, derinama su baltais elementais, suteikia interjerui gaivumo ir modernumo, tapdama puikiu fonu knygoms, augalams ar pasirinktiems dekoratyviniams akcentams. Papildomas \u0161io baldo bruo\u017eas \u2013 asimetri\u0161kas lentyn\u0173 i\u0161d\u0117stymas, kuris ne tik suteikia unikali\u0105 estetik\u0105, bet ir leid\u017eia efektyviai i\u0161naudoti turim\u0105 erdv\u0119. Tai leid\u017eia laisvai i\u0161d\u0117styti \u012fvairaus dyd\u017eio daiktus, tod\u0117l galite lengvai eksponuoti didelius albumus, auk\u0161tas vazas ar kolekcines fig\u016br\u0117les.<\/p>","protected":false},"excerpt":{"rendered":"<p>Plotis (cm): 91,5<br \/>\n\u016agis (cm): 198<br \/>\nGylis (cm): 40<\/p>","protected":false},"featured_media":163962,"comment_status":"open","ping_status":"open","template":"","meta":[],"product_brand":[],"product_cat":[9495,4107,1987],"product_tag":[],"class_list":{"0":"post-163961","1":"product","2":"type-product","3":"status-publish","4":"has-post-thumbnail","6":"product_cat-furniture-system-ricko-wojcik-meble","7":"product_cat-meble-wojcik","8":"product_cat-shelving-units","10":"first","11":"instock","12":"purchasable","13":"product-type-simple"},"_links":{"self":[{"href":"https:\/\/baldumarket.lt\/lt\/wp-json\/wp\/v2\/product\/163961","targetHints":{"allow":["GET"]}}],"collection":[{"href":"https:\/\/baldumarket.lt\/lt\/wp-json\/wp\/v2\/product"}],"about":[{"href":"https:\/\/baldumarket.lt\/lt\/wp-json\/wp\/v2\/types\/product"}],"replies":[{"embeddable":true,"href":"https:\/\/baldumarket.lt\/lt\/wp-json\/wp\/v2\/comments?post=163961"}],"wp:featuredmedia":[{"embeddable":true,"href":"https:\/\/baldumarket.lt\/lt\/wp-json\/wp\/v2\/media\/163962"}],"wp:attachment":[{"href":"https:\/\/baldumarket.lt\/lt\/wp-json\/wp\/v2\/media?parent=163961"}],"wp:term":[{"taxonomy":"product_brand","embeddable":true,"href":"https:\/\/baldumarket.lt\/lt\/wp-json\/wp\/v2\/product_brand?post=163961"},{"taxonomy":"product_cat","embeddable":true,"href":"https:\/\/baldumarket.lt\/lt\/wp-json\/wp\/v2\/product_cat?post=163961"},{"taxonomy":"product_tag","embeddable":true,"href":"https:\/\/baldumarket.lt\/lt\/wp-json\/wp\/v2\/product_tag?post=163961"}],"curies":[{"name":"wp","href":"https:\/\/api.w.org\/{rel}","templated":true}]}}