{"id":163955,"date":"2025-12-19T13:07:20","date_gmt":"2025-12-19T10:07:20","guid":{"rendered":"https:\/\/baldumarket.lt\/product\/ricko-riks02-szafa-narozna-2d2s-dab-coast-evoke\/"},"modified":"2026-04-06T19:47:26","modified_gmt":"2026-04-06T16:47:26","slug":"ricko-riks02-szafa-narozna-2d2s-dab-coast-evoke","status":"publish","type":"product","link":"https:\/\/baldumarket.lt\/lt\/product\/ricko-riks02-szafa-narozna-2d2s-dab-coast-evoke\/","title":{"rendered":"Ricko RIKS02 \u2013 Kampin\u0117 spinta 2D2S \u0104\u017euolo spalvos, \u201eCoast Evoke\u201c"},"content":{"rendered":"<p>Atraskite tobul\u0105 funkcionalumo ir stiliaus pusiausvyr\u0105 su \u201eRicko RIKS02\u201c kampine spinta \u2013 bet kurio jaunimo kambario \u017evaig\u017ede! \u0160i spinta, pasi\u017eyminti rafinuotu \u0161iltos \u201eCoast Evoke Oak\u201c \u0105\u017euolo spalvos ir balt\u0173 akcent\u0173 deriniu, yra puikus sprendimas tiems, kurie savo interjere vertina ir estetik\u0105, ir prakti\u0161kum\u0105. \u0160varios \u201eRicko RIKS02\u201c spintos linijos, b\u016bdingos moderniam stiliui, o jos matmenys \u2013 90 cm plo\u010dio, 198 cm auk\u0161\u010dio ir 90 cm gylio, u\u017etikrina optimal\u0173 turimos erdv\u0117s i\u0161naudojim\u0105, leid\u017eiant\u012f efektyviai naudoti net ir ma\u017eas patalpas. Tvirtas korpusas ir priekin\u0117 dalis, pagaminti i\u0161 laminuotos med\u017eio dro\u017eli\u0173 plok\u0161t\u0117s, garantuoja patvarum\u0105 ir atsparum\u0105 kasdieniam naudojimui. \u0160ios unikalios spintos priekin\u0119 dal\u012f puo\u0161ia prakti\u0161kas veidrodis, atspindintis \u0161vies\u0105 ir vizualiai didinantis interjer\u0105 \u2013 ne\u012fkainojamas turtas, ypa\u010d ma\u017eesn\u0117se erdv\u0117se. Kartu su subtilia spalva ir moderniomis plastikin\u0117mis ranken\u0117l\u0117mis, veidrod\u017eio detal\u0117 ne tik atrodo gra\u017eiai, bet ir suteikia kambariui prabangos bei erdv\u0117s.<\/p>","protected":false},"excerpt":{"rendered":"<p>Plotis (cm): 90<br \/>\n\u016agis (cm): 198<br \/>\nGylis (cm): 90<\/p>","protected":false},"featured_media":163956,"comment_status":"open","ping_status":"open","template":"","meta":[],"product_brand":[],"product_cat":[9495,4107,1177],"product_tag":[],"class_list":{"0":"post-163955","1":"product","2":"type-product","3":"status-publish","4":"has-post-thumbnail","6":"product_cat-furniture-system-ricko-wojcik-meble","7":"product_cat-meble-wojcik","8":"product_cat-wardrobes","10":"first","11":"instock","12":"purchasable","13":"product-type-simple"},"_links":{"self":[{"href":"https:\/\/baldumarket.lt\/lt\/wp-json\/wp\/v2\/product\/163955","targetHints":{"allow":["GET"]}}],"collection":[{"href":"https:\/\/baldumarket.lt\/lt\/wp-json\/wp\/v2\/product"}],"about":[{"href":"https:\/\/baldumarket.lt\/lt\/wp-json\/wp\/v2\/types\/product"}],"replies":[{"embeddable":true,"href":"https:\/\/baldumarket.lt\/lt\/wp-json\/wp\/v2\/comments?post=163955"}],"wp:featuredmedia":[{"embeddable":true,"href":"https:\/\/baldumarket.lt\/lt\/wp-json\/wp\/v2\/media\/163956"}],"wp:attachment":[{"href":"https:\/\/baldumarket.lt\/lt\/wp-json\/wp\/v2\/media?parent=163955"}],"wp:term":[{"taxonomy":"product_brand","embeddable":true,"href":"https:\/\/baldumarket.lt\/lt\/wp-json\/wp\/v2\/product_brand?post=163955"},{"taxonomy":"product_cat","embeddable":true,"href":"https:\/\/baldumarket.lt\/lt\/wp-json\/wp\/v2\/product_cat?post=163955"},{"taxonomy":"product_tag","embeddable":true,"href":"https:\/\/baldumarket.lt\/lt\/wp-json\/wp\/v2\/product_tag?post=163955"}],"curies":[{"name":"wp","href":"https:\/\/api.w.org\/{rel}","templated":true}]}}