{"id":163949,"date":"2025-12-19T13:07:07","date_gmt":"2025-12-19T10:07:07","guid":{"rendered":"https:\/\/baldumarket.lt\/product\/ricko-rikz02-lozko-120-biale-dab-coast-evoke\/"},"modified":"2026-04-06T19:47:26","modified_gmt":"2026-04-06T16:47:26","slug":"ricko-rikz02-lozko-120-biale-dab-coast-evoke","status":"publish","type":"product","link":"https:\/\/baldumarket.lt\/lt\/product\/ricko-rikz02-lozko-120-biale-dab-coast-evoke\/","title":{"rendered":"Ricko RIKZ02 \u2013 Lova 120 balta\/\u0105\u017euolo spalvos \u201eCoast Evoke\u201c"},"content":{"rendered":"<p>Atraskite modernaus miegamojo \u017eaves\u012f su \u201eRicko RIKZ02\u201c \u2013 120 cm baltos\/\u0105\u017euolo spalvos \u201eCoast Evoke\u201c lova \u2013 puikus pasirinkimas i\u0161rankiems komforto ir stiliaus m\u0117g\u0117jams. Kasdien palepinkite save prabangos prisilietimu su \u0161iuo eleganti\u0161ko dizaino baldu, kuris derina estetik\u0105 ir funkcionalum\u0105. 125,4 cm plo\u010dio, 80,5 cm auk\u0161\u010dio ir 205 cm ilgio \u201eRicko RIKZ02\u201c lova yra puikus sprendimas jaunimui ir suaugusiesiems, ie\u0161kantiems erdv\u0117s atsipalaiduoti didesn\u0117je erdv\u0117je nei standartin\u0117 viengul\u0117 lova. Platus spalv\u0173 pasirinkimas, kuriame derinami nat\u016bral\u016bs \u201eCoast Evoke\u201c \u0105\u017euolo atspalviai su gryna balta spalva, daro lov\u0105 puikiai tinkan\u010di\u0105 \u012fvairiems interjero stiliams \u2013 nuo skandinavi\u0161ko minimalizmo iki lofto stiliaus grie\u017etumo. Pagaminta i\u0161 patvarios laminuotos plok\u0161t\u0117s, ji yra atspari kasdieniam naudojimui ir lengvai valoma. Lovos galv\u016bgalis ir \u0161onai pagaminti i\u0161 laminuotos med\u017eio dro\u017eli\u0173 plok\u0161t\u0117s, u\u017etikrinan\u010dios konstrukcijos stabilum\u0105 ir estetin\u012f patrauklum\u0105 ilgus metus.<\/p>","protected":false},"excerpt":{"rendered":"<p>Plotis (cm): 125,4<br \/>\n\u016agis (cm): 80,5<br \/>\nGylis (cm): 205<\/p>","protected":false},"featured_media":163950,"comment_status":"open","ping_status":"open","template":"","meta":[],"product_brand":[],"product_cat":[9495,505,4107],"product_tag":[],"class_list":{"0":"post-163949","1":"product","2":"type-product","3":"status-publish","4":"has-post-thumbnail","6":"product_cat-furniture-system-ricko-wojcik-meble","7":"product_cat-bedroom-beds","8":"product_cat-meble-wojcik","10":"first","11":"instock","12":"purchasable","13":"product-type-simple"},"_links":{"self":[{"href":"https:\/\/baldumarket.lt\/lt\/wp-json\/wp\/v2\/product\/163949","targetHints":{"allow":["GET"]}}],"collection":[{"href":"https:\/\/baldumarket.lt\/lt\/wp-json\/wp\/v2\/product"}],"about":[{"href":"https:\/\/baldumarket.lt\/lt\/wp-json\/wp\/v2\/types\/product"}],"replies":[{"embeddable":true,"href":"https:\/\/baldumarket.lt\/lt\/wp-json\/wp\/v2\/comments?post=163949"}],"wp:featuredmedia":[{"embeddable":true,"href":"https:\/\/baldumarket.lt\/lt\/wp-json\/wp\/v2\/media\/163950"}],"wp:attachment":[{"href":"https:\/\/baldumarket.lt\/lt\/wp-json\/wp\/v2\/media?parent=163949"}],"wp:term":[{"taxonomy":"product_brand","embeddable":true,"href":"https:\/\/baldumarket.lt\/lt\/wp-json\/wp\/v2\/product_brand?post=163949"},{"taxonomy":"product_cat","embeddable":true,"href":"https:\/\/baldumarket.lt\/lt\/wp-json\/wp\/v2\/product_cat?post=163949"},{"taxonomy":"product_tag","embeddable":true,"href":"https:\/\/baldumarket.lt\/lt\/wp-json\/wp\/v2\/product_tag?post=163949"}],"curies":[{"name":"wp","href":"https:\/\/api.w.org\/{rel}","templated":true}]}}