{"id":163946,"date":"2025-12-19T13:07:01","date_gmt":"2025-12-19T10:07:01","guid":{"rendered":"https:\/\/baldumarket.lt\/product\/ricko-rikz01-lozko-90-biale-dab-coast-evoke\/"},"modified":"2026-04-06T19:47:26","modified_gmt":"2026-04-06T16:47:26","slug":"ricko-rikz01-lozko-90-biale-dab-coast-evoke","status":"publish","type":"product","link":"https:\/\/baldumarket.lt\/lt\/product\/ricko-rikz01-lozko-90-biale-dab-coast-evoke\/","title":{"rendered":"Ricko RIKZ01 \u2013 Lova 90 balta\/\u0105\u017euolo spalvos \u201eCoast Evoke\u201c"},"content":{"rendered":"<p>Svajojate apie modern\u0173 interjer\u0105, kuris diktuoja naujas tendencijas ir u\u017etikrina maksimal\u0173 komfort\u0105? Pristatome \u201eRicko RIKZ01\u201c lov\u0105 \u2013 tobul\u0105 sprendim\u0105 i\u0161rankiam jaunimui ir stilingam miegamojo dizainui. Eleganti\u0161kas baltos ir \u0161ilto \u201eCoast Evoke\u201c \u0105\u017euolo atspalvio derinys, \u0161i viengul\u0117 lova taps bet kurio interjero d\u0117mesio centru.<br \/>\n\u201eRicko RIKZ01\u201c \u2013 tai baldas, stebinantis savo funkcionalumu ir pritaikymo galimyb\u0117mis. Nors jis parduodamas be r\u0117mo ir \u010diu\u017einio, \u201eMeble W\u00f3jcik\u201c galite lengvai rasti tinkamus komponentus, \u012fskaitant rekomenduojam\u0105 MWSD01 r\u0117m\u0105, kuris garantuoja patvarum\u0105 ir ilgaam\u017ei\u0161kum\u0105. Pakabinamas galv\u016bgalis MWPT01 yra puikus papildymas \u2013 rinkit\u0117s i\u0161 dviej\u0173 spalv\u0173, kad sukurtum\u0117te harmoning\u0105 arba dinami\u0161k\u0105 kompozicij\u0105, pritaikyt\u0105 naudotojo asmenybei.<br \/>\nKiekviena \u0161ios lovos detal\u0117 kruop\u0161\u010diai sukurta, kad patenkint\u0173 net ir reikliausi\u0173 naudotoj\u0173 l\u016bkes\u010dius. Lovos galv\u016bgalis ir \u0161onai, pagaminti i\u0161 laminuotos med\u017eio dro\u017eli\u0173 plok\u0161t\u0117s, demonstruoja kokyb\u0119 ir d\u0117mes\u012f detal\u0117ms, u\u017etikrindami patvarum\u0105. 95,4 cm plo\u010dio, 80,5 cm auk\u0161\u010dio ir 205 cm ilgio lova suteikia patogi\u0105 erdv\u0119 miegui ir poilsiui.<br \/>\nKomfort\u0105 dar labiau padidina tokie priedai kaip pasirenkamos \u201eButterfly\u201c naktin\u0117s lempos, kurios u\u017e papildom\u0105 mokest\u012f sukuria jauki\u0105 atmosfer\u0105 ir palengvina skaitym\u0105 vakarais. Be to, lovoje galima \u012frengti patalyn\u0117s stal\u010di\u0173 \u2013 prakti\u0161kas sprendimas, kai reikia daugiau vietos daiktams susid\u0117ti.<\/p>\n<p>\u012ek\u016bnijanti modernum\u0105 ir nesenstan\u010di\u0105 estetik\u0105, \u201eRicko RIKZ01\u201c lova baltos\/\u0105\u017euolo spalvos \u201eCoast Evoke\u201c yra atsakas \u012f \u0161iuolaikinio interjero poreikius. Minimalizmo ir harmonijos miegamajame poreikis \u012fk\u016bnijamas bald\u0173 pavidalu, kurie ne tik \u017eavi savo i\u0161vaizda, bet ir patvarumu \u2013 d\u0117l auk\u0161tos kokyb\u0117s laminuotos plok\u0161t\u0117s naudojimo. Sukurkite erdv\u0119, kurioje kiekviena detal\u0117 skatina atsipalaidavim\u0105, pasirinkdami lov\u0105, kurioje auk\u0161\u010diausiu lygiu dera elegancija ir funkcionalumas.<\/p>","protected":false},"excerpt":{"rendered":"<p>Plotis (cm): 95,4<br \/>\n\u016agis (cm): 80,5<br \/>\nGylis (cm): 205<\/p>","protected":false},"featured_media":163947,"comment_status":"open","ping_status":"open","template":"","meta":[],"product_brand":[],"product_cat":[9495,505,4107],"product_tag":[],"class_list":{"0":"post-163946","1":"product","2":"type-product","3":"status-publish","4":"has-post-thumbnail","6":"product_cat-furniture-system-ricko-wojcik-meble","7":"product_cat-bedroom-beds","8":"product_cat-meble-wojcik","10":"first","11":"instock","12":"purchasable","13":"product-type-simple"},"_links":{"self":[{"href":"https:\/\/baldumarket.lt\/lt\/wp-json\/wp\/v2\/product\/163946","targetHints":{"allow":["GET"]}}],"collection":[{"href":"https:\/\/baldumarket.lt\/lt\/wp-json\/wp\/v2\/product"}],"about":[{"href":"https:\/\/baldumarket.lt\/lt\/wp-json\/wp\/v2\/types\/product"}],"replies":[{"embeddable":true,"href":"https:\/\/baldumarket.lt\/lt\/wp-json\/wp\/v2\/comments?post=163946"}],"wp:featuredmedia":[{"embeddable":true,"href":"https:\/\/baldumarket.lt\/lt\/wp-json\/wp\/v2\/media\/163947"}],"wp:attachment":[{"href":"https:\/\/baldumarket.lt\/lt\/wp-json\/wp\/v2\/media?parent=163946"}],"wp:term":[{"taxonomy":"product_brand","embeddable":true,"href":"https:\/\/baldumarket.lt\/lt\/wp-json\/wp\/v2\/product_brand?post=163946"},{"taxonomy":"product_cat","embeddable":true,"href":"https:\/\/baldumarket.lt\/lt\/wp-json\/wp\/v2\/product_cat?post=163946"},{"taxonomy":"product_tag","embeddable":true,"href":"https:\/\/baldumarket.lt\/lt\/wp-json\/wp\/v2\/product_tag?post=163946"}],"curies":[{"name":"wp","href":"https:\/\/api.w.org\/{rel}","templated":true}]}}