{"id":163940,"date":"2025-12-19T13:06:48","date_gmt":"2025-12-19T10:06:48","guid":{"rendered":"https:\/\/baldumarket.lt\/product\/ricko-rikz03-szuflada-do-lozka-dab-coast-evoke\/"},"modified":"2026-04-06T19:47:26","modified_gmt":"2026-04-06T16:47:26","slug":"ricko-rikz03-szuflada-do-lozka-dab-coast-evoke","status":"publish","type":"product","link":"https:\/\/baldumarket.lt\/lt\/product\/ricko-rikz03-szuflada-do-lozka-dab-coast-evoke\/","title":{"rendered":"Ricko RIKZ03 \u2013 \u201eCoast Evoke\u201c \u0105\u017euolin\u0117s lovos stal\u010dius"},"content":{"rendered":"<p>Ie\u0161kote prakti\u0161ko miegamojo daikt\u0173 laikymo sprendimo, kuris b\u016bt\u0173 ir funkcionalus, ir esteti\u0161kai patrauklus? \u201eRicko RIKZ03\u201c lovos stal\u010dius \u201eCoast Evoke Oak\u201c spalvos \u2013 puikus pasirinkimas tiems, kurie vertina auk\u0161t\u0105 meistri\u0161kumo kokyb\u0119 ir modern\u0173 dizain\u0105. Pagamintas i\u0161 patvarios laminuotos plok\u0161t\u0117s, \u201eRicko RIKZ03\u201c \u017eavi nat\u016bralia \u0105\u017euolo spalva ir papildomu baltu priekiu, tod\u0117l yra universalus ir pritaikomas bet kokiam interjerui \u2013 charakteringam industriniam, jaukiam vinta\u017einiam, kasdieni\u0161kam bohemi\u0161kam ar grie\u017etai moderniam. Stal\u010diaus pavir\u0161ius buvo specialiai sukurtas imituoti medienos ra\u0161t\u0105, dar labiau sustiprinant jo i\u0161skirtin\u012f charakter\u012f. Modernus lovos stilius kartu su \u0161iuo stal\u010diumi leid\u017eia sukurti nuosekl\u0173 ir gerai apgalvot\u0105 i\u0161d\u0117stym\u0105.<\/p>","protected":false},"excerpt":{"rendered":"<p>Plotis (cm): 200,6<br \/>\n\u016agis (cm): 24<br \/>\nGylis (cm): 95,4<\/p>","protected":false},"featured_media":163941,"comment_status":"open","ping_status":"open","template":"","meta":[],"product_brand":[],"product_cat":[9495,1043,4107],"product_tag":[],"class_list":{"0":"post-163940","1":"product","2":"type-product","3":"status-publish","4":"has-post-thumbnail","6":"product_cat-furniture-system-ricko-wojcik-meble","7":"product_cat-extras","8":"product_cat-meble-wojcik","10":"first","11":"instock","12":"purchasable","13":"product-type-simple"},"_links":{"self":[{"href":"https:\/\/baldumarket.lt\/lt\/wp-json\/wp\/v2\/product\/163940","targetHints":{"allow":["GET"]}}],"collection":[{"href":"https:\/\/baldumarket.lt\/lt\/wp-json\/wp\/v2\/product"}],"about":[{"href":"https:\/\/baldumarket.lt\/lt\/wp-json\/wp\/v2\/types\/product"}],"replies":[{"embeddable":true,"href":"https:\/\/baldumarket.lt\/lt\/wp-json\/wp\/v2\/comments?post=163940"}],"wp:featuredmedia":[{"embeddable":true,"href":"https:\/\/baldumarket.lt\/lt\/wp-json\/wp\/v2\/media\/163941"}],"wp:attachment":[{"href":"https:\/\/baldumarket.lt\/lt\/wp-json\/wp\/v2\/media?parent=163940"}],"wp:term":[{"taxonomy":"product_brand","embeddable":true,"href":"https:\/\/baldumarket.lt\/lt\/wp-json\/wp\/v2\/product_brand?post=163940"},{"taxonomy":"product_cat","embeddable":true,"href":"https:\/\/baldumarket.lt\/lt\/wp-json\/wp\/v2\/product_cat?post=163940"},{"taxonomy":"product_tag","embeddable":true,"href":"https:\/\/baldumarket.lt\/lt\/wp-json\/wp\/v2\/product_tag?post=163940"}],"curies":[{"name":"wp","href":"https:\/\/api.w.org\/{rel}","templated":true}]}}