{"id":163934,"date":"2025-12-19T13:06:36","date_gmt":"2025-12-19T10:06:36","guid":{"rendered":"https:\/\/baldumarket.lt\/product\/ricko-rikp01-polka-wiszaca-biala-dab-coast-evoke\/"},"modified":"2026-04-06T19:47:26","modified_gmt":"2026-04-06T16:47:26","slug":"ricko-rikp01-polka-wiszaca-biala-dab-coast-evoke","status":"publish","type":"product","link":"https:\/\/baldumarket.lt\/lt\/product\/ricko-rikp01-polka-wiszaca-biala-dab-coast-evoke\/","title":{"rendered":"Ricko RIKP01 &#8211; \u201eCoast Evoke\u201c balta\/\u0105\u017euolin\u0117 pakabinama lentyna"},"content":{"rendered":"<p>\u201eRicko RIKP01 White\/Coast Evoke Oak\u201c sienin\u0117 lentyna \u2013 puikus b\u016bdas pagyvinti bet koki\u0105 sien\u0105 ir maksimaliai i\u0161naudoti erdv\u0119, nepriklausomai nuo kambario dyd\u017eio. \u0160is baldas lengvai suteikia harmonijos ir tvarkos, kartu suteikdamas erdv\u0117s k\u016brybinei i\u0161rai\u0161kai. Jei vertinate minimalistinius sprendimus, bet nenorite aukoti estetinio patrauklumo ir funkcionalumo, \u0161i sienin\u0117 lentyna bus puikus pasirinkimas j\u016bs\u0173 interjerui. Pagaminta i\u0161 laminuotos plok\u0161t\u0117s, ji garantuoja ne tik patvarum\u0105, bet ir lengv\u0105 valym\u0105. Paprasta ir moderni \u201eRicko\u201c lentyna \u017eavi \u0161iltos \u201eCoast Evoke Oak\u201c spalvos ir klasikin\u0117s baltos spalvos kontrastu, tod\u0117l ji dera prie \u012fvairi\u0173 interjero dizain\u0173 \u2013 nuo skandinavi\u0161ko iki lofto, nuo boho ar Provanso. Eleganti\u0161kas med\u017eio efektas kartu su universalia balta spalva suteikia jaukumo bet kokiam interjerui, o auk\u0161tos kokyb\u0117s laminuotos med\u017eio dro\u017eli\u0173 plok\u0161t\u0117s naudojimas u\u017etikrina, kad \u0161is baldas gra\u017eiai atrodys ilgus metus. Lentynos matmenys \u2013 120 cm plo\u010dio, 29,2 cm auk\u0161\u010dio ir 22 cm gylio \u2013 leid\u017eia patogiai eksponuoti \u012fvairius daiktus \u2013 nuo nuotrauk\u0173 r\u0117meli\u0173 ir kelioni\u0173 suvenyr\u0173 iki knyg\u0173 ir vazonini\u0173 augal\u0173. D\u0117l patvarios konstrukcijos lentyna puikiai tinka dekoratyviniams elementams, kurie suteikia d\u017eiaugsmo ir charakterio bet kuriam kambariui, eksponuoti. Nesvarbu, ar tai b\u016bt\u0173 svetain\u0117, valgomasis, ar jaunimo kambarys \u2013 visur, kur n\u0117ra pakankamai vietos tradiciniams laisvai stovintiems baldams, \u201eRicko RIKP01\u201c pakabinama lentyna yra puikus sprendimas.<\/p>","protected":false},"excerpt":{"rendered":"<p>Plotis (cm): 120<br \/>\n\u016agis (cm): 29,2<br \/>\nGylis (cm): 22<\/p>","protected":false},"featured_media":163935,"comment_status":"open","ping_status":"open","template":"","meta":[],"product_brand":[],"product_cat":[9495,1174,4107],"product_tag":[],"class_list":{"0":"post-163934","1":"product","2":"type-product","3":"status-publish","4":"has-post-thumbnail","6":"product_cat-furniture-system-ricko-wojcik-meble","7":"product_cat-hanging-shelves","8":"product_cat-meble-wojcik","10":"first","11":"instock","12":"purchasable","13":"product-type-simple"},"_links":{"self":[{"href":"https:\/\/baldumarket.lt\/lt\/wp-json\/wp\/v2\/product\/163934","targetHints":{"allow":["GET"]}}],"collection":[{"href":"https:\/\/baldumarket.lt\/lt\/wp-json\/wp\/v2\/product"}],"about":[{"href":"https:\/\/baldumarket.lt\/lt\/wp-json\/wp\/v2\/types\/product"}],"replies":[{"embeddable":true,"href":"https:\/\/baldumarket.lt\/lt\/wp-json\/wp\/v2\/comments?post=163934"}],"wp:featuredmedia":[{"embeddable":true,"href":"https:\/\/baldumarket.lt\/lt\/wp-json\/wp\/v2\/media\/163935"}],"wp:attachment":[{"href":"https:\/\/baldumarket.lt\/lt\/wp-json\/wp\/v2\/media?parent=163934"}],"wp:term":[{"taxonomy":"product_brand","embeddable":true,"href":"https:\/\/baldumarket.lt\/lt\/wp-json\/wp\/v2\/product_brand?post=163934"},{"taxonomy":"product_cat","embeddable":true,"href":"https:\/\/baldumarket.lt\/lt\/wp-json\/wp\/v2\/product_cat?post=163934"},{"taxonomy":"product_tag","embeddable":true,"href":"https:\/\/baldumarket.lt\/lt\/wp-json\/wp\/v2\/product_tag?post=163934"}],"curies":[{"name":"wp","href":"https:\/\/api.w.org\/{rel}","templated":true}]}}