{"id":163928,"date":"2025-12-19T13:06:24","date_gmt":"2025-12-19T10:06:24","guid":{"rendered":"https:\/\/baldumarket.lt\/product\/perazzo-pezt02-stol-rozkladany-160-200-antracyt-dab-amaretto-hudson\/"},"modified":"2026-04-06T19:47:26","modified_gmt":"2026-04-06T16:47:26","slug":"perazzo-pezt02-stol-rozkladany-160-200-antracyt-dab-amaretto-hudson","status":"publish","type":"product","link":"https:\/\/baldumarket.lt\/lt\/product\/perazzo-pezt02-stol-rozkladany-160-200-antracyt-dab-amaretto-hudson\/","title":{"rendered":"Perazzo PEZT02 &#8211; I\u0161skleid\u017eiamas stalas 160-200 Antracito\/Amaretto spalvos Hudsono \u0105\u017euolas"},"content":{"rendered":"<p>Atraskite harmoning\u0105 spalv\u0173 ir tekst\u016br\u0173 duet\u0105, dominuojant\u012f \u201ePerazzo PEZT02\u201c staliuke \u2013 esminiame balde, \u012fkvepian\u010diame meistri\u0161kumo dvasi\u0105 bet kokiam interjerui. I\u0161skirtinai subalansuota antracito ir amaretto Hudson \u0105\u017euolo kompozicija kvie\u010dia sukurti charaktering\u0105 interjer\u0105, kuriame tradicinis nat\u016bralios medienos gro\u017eis dera su modernia, tvirta forma. \u201ePerazzo PEZT02\u201c yra ne tik baldas, bet ir \u0161eimos prisiminim\u0173 pagrindas \u2013 i\u0161skleid\u017eiamas stalas, lengvai prisitaikantis prie dinami\u0161ko gyvenimo b\u016bdo, suteikiantis patogi\u0105 erdv\u0119 kasdieniams patiekalams ir ypatingoms progoms. Jo plotis nuo 160 cm iki 200 cm ir gylis 90 cm sukuria erdv\u0119, kuri skatina susib\u016brimus didesn\u0117ms grup\u0117ms, o 77,2 cm auk\u0161tis garantuoja patog\u0173 s\u0117d\u0117jim\u0105 ir atsipalaidavim\u0105. Ak\u012f traukiantis sta\u010diakampis stalvir\u0161is, pagamintas i\u0161 laminuotos med\u017eio dro\u017eli\u0173 plok\u0161t\u0117s, malonus liesti d\u0117l savo sinchronin\u0117s strukt\u016bros, i\u0161tikimai imituojan\u010dios nat\u016brali\u0105 medien\u0105, garantuoja patvarum\u0105 ir lengv\u0105 prie\u017ei\u016br\u0105. Jo kojos ir r\u0117mo elementai, taip pat pagaminti i\u0161 laminuot\u0173 plok\u0161\u010di\u0173, pasi\u017eymi tokia pat auk\u0161ta kokybe ir stabilumu, patrauklia antracito spalva.<\/p>","protected":false},"excerpt":{"rendered":"<p>Plotis (cm): 160\u2013200<br \/>\n\u016agis (cm): 77,2<br \/>\nGylis (cm): 90<\/p>","protected":false},"featured_media":163929,"comment_status":"open","ping_status":"open","template":"","meta":[],"product_brand":[],"product_cat":[9464,4107,1934],"product_tag":[],"class_list":{"0":"post-163928","1":"product","2":"type-product","3":"status-publish","4":"has-post-thumbnail","6":"product_cat-furniture-system-perazzo-wojcik-meble","7":"product_cat-meble-wojcik","8":"product_cat-tables","10":"first","11":"instock","12":"purchasable","13":"product-type-simple"},"_links":{"self":[{"href":"https:\/\/baldumarket.lt\/lt\/wp-json\/wp\/v2\/product\/163928","targetHints":{"allow":["GET"]}}],"collection":[{"href":"https:\/\/baldumarket.lt\/lt\/wp-json\/wp\/v2\/product"}],"about":[{"href":"https:\/\/baldumarket.lt\/lt\/wp-json\/wp\/v2\/types\/product"}],"replies":[{"embeddable":true,"href":"https:\/\/baldumarket.lt\/lt\/wp-json\/wp\/v2\/comments?post=163928"}],"wp:featuredmedia":[{"embeddable":true,"href":"https:\/\/baldumarket.lt\/lt\/wp-json\/wp\/v2\/media\/163929"}],"wp:attachment":[{"href":"https:\/\/baldumarket.lt\/lt\/wp-json\/wp\/v2\/media?parent=163928"}],"wp:term":[{"taxonomy":"product_brand","embeddable":true,"href":"https:\/\/baldumarket.lt\/lt\/wp-json\/wp\/v2\/product_brand?post=163928"},{"taxonomy":"product_cat","embeddable":true,"href":"https:\/\/baldumarket.lt\/lt\/wp-json\/wp\/v2\/product_cat?post=163928"},{"taxonomy":"product_tag","embeddable":true,"href":"https:\/\/baldumarket.lt\/lt\/wp-json\/wp\/v2\/product_tag?post=163928"}],"curies":[{"name":"wp","href":"https:\/\/api.w.org\/{rel}","templated":true}]}}