{"id":163923,"date":"2025-12-19T13:06:15","date_gmt":"2025-12-19T10:06:15","guid":{"rendered":"https:\/\/baldumarket.lt\/product\/perazzo-pezv02r-witryna-prawostronna-2-drzwiowa-antracyt-dab-amaretto-hudson\/"},"modified":"2026-04-06T19:47:26","modified_gmt":"2026-04-06T16:47:26","slug":"perazzo-pezv02r-witryna-prawostronna-2-drzwiowa-antracyt-dab-amaretto-hudson","status":"publish","type":"product","link":"https:\/\/baldumarket.lt\/lt\/product\/perazzo-pezv02r-witryna-prawostronna-2-drzwiowa-antracyt-dab-amaretto-hudson\/","title":{"rendered":"\u201ePerazzo PEZV02R\u201c \u2013 de\u0161inin\u0117 dviej\u0173 dur\u0173 vitrina, antracito\/amaretto spalvos, Hudsono \u0105\u017euolo spalvos"},"content":{"rendered":"<p>Pilnas funkcionalumas ir negin\u010dijamas stilius \u2013 tai savyb\u0117s, apibr\u0117\u017eian\u010dios \u201ePerazzo PEZV02R\u201c dviej\u0173 dur\u0173 vitrin\u0105. Prabangos ir elegancijos derinys juntamas kiekviename \u0161io rafinuoto gaminio centimetre. Jos matmenys \u2013 99,5 cm plo\u010dio, 203,7 cm auk\u0161\u010dio ir 40 cm gylio \u2013 suteikia tvirt\u0105 pagrind\u0105 sukurti nuostabi\u0105 erdv\u0119 j\u016bs\u0173 namuose. Vitrinos priekin\u0119 dal\u012f puo\u0161ia gr\u016bdinto stiklo durys, kurios ne tik garantuoja saugum\u0105, bet ir eleganti\u0161kai eksponuoja turin\u012f. Subtilus ap\u0161vietimas (pasirinktinai: \u201eDojo 1 3D\u201c pro\u017eektorius \u2013 74 PLN) gali dar labiau i\u0161ry\u0161kinti viduje eksponuojam\u0173 daikt\u0173 unikalum\u0105, sukurdamas \u0161ilt\u0105, intymi\u0105 atmosfer\u0105. Antracito spalva, papuo\u0161ta nat\u016bralaus Hudson Amaretto \u0105\u017euolo atspalvio detale, suteikia bet kokiam interjerui nepaprasto gylio ir rafinuotumo. \u0160io modelio kaimi\u0161kas stilius dera tiek su moderniais, tiek su klasikiniais i\u0161d\u0117stymais. Med\u017eiaga \u2013 laminuota plok\u0161t\u0117 \u2013 u\u017etikrina patvarum\u0105, o tai patvirtina, kad tai yra ilgamet\u0117 investicija.<\/p>","protected":false},"excerpt":{"rendered":"<p>Plotis (cm): 99,5<br \/>\n\u016agis (cm): 203,7<br \/>\nGylis (cm): 40<\/p>","protected":false},"featured_media":163924,"comment_status":"open","ping_status":"open","template":"","meta":[],"product_brand":[],"product_cat":[9464,4107,2006],"product_tag":[],"class_list":{"0":"post-163923","1":"product","2":"type-product","3":"status-publish","4":"has-post-thumbnail","6":"product_cat-furniture-system-perazzo-wojcik-meble","7":"product_cat-meble-wojcik","8":"product_cat-vitrines","10":"first","11":"instock","12":"purchasable","13":"product-type-simple"},"_links":{"self":[{"href":"https:\/\/baldumarket.lt\/lt\/wp-json\/wp\/v2\/product\/163923","targetHints":{"allow":["GET"]}}],"collection":[{"href":"https:\/\/baldumarket.lt\/lt\/wp-json\/wp\/v2\/product"}],"about":[{"href":"https:\/\/baldumarket.lt\/lt\/wp-json\/wp\/v2\/types\/product"}],"replies":[{"embeddable":true,"href":"https:\/\/baldumarket.lt\/lt\/wp-json\/wp\/v2\/comments?post=163923"}],"wp:featuredmedia":[{"embeddable":true,"href":"https:\/\/baldumarket.lt\/lt\/wp-json\/wp\/v2\/media\/163924"}],"wp:attachment":[{"href":"https:\/\/baldumarket.lt\/lt\/wp-json\/wp\/v2\/media?parent=163923"}],"wp:term":[{"taxonomy":"product_brand","embeddable":true,"href":"https:\/\/baldumarket.lt\/lt\/wp-json\/wp\/v2\/product_brand?post=163923"},{"taxonomy":"product_cat","embeddable":true,"href":"https:\/\/baldumarket.lt\/lt\/wp-json\/wp\/v2\/product_cat?post=163923"},{"taxonomy":"product_tag","embeddable":true,"href":"https:\/\/baldumarket.lt\/lt\/wp-json\/wp\/v2\/product_tag?post=163923"}],"curies":[{"name":"wp","href":"https:\/\/api.w.org\/{rel}","templated":true}]}}