{"id":163917,"date":"2025-12-19T13:06:02","date_gmt":"2025-12-19T10:06:02","guid":{"rendered":"https:\/\/baldumarket.lt\/product\/nubi-nubz02-szuflada-do-lozka-blenda-matera-ciemna-old-style\/"},"modified":"2026-04-06T19:47:26","modified_gmt":"2026-04-06T16:47:26","slug":"nubi-nubz02-szuflada-do-lozka-blenda-matera-ciemna-old-style","status":"publish","type":"product","link":"https:\/\/baldumarket.lt\/lt\/product\/nubi-nubz02-szuflada-do-lozka-blenda-matera-ciemna-old-style\/","title":{"rendered":"\u201eNubi NUBZ02\u201c \u2013 lovos stal\u010dius + \u010diu\u017einys, tamsaus\/seno stiliaus mi\u0161inys"},"content":{"rendered":"<p>Atraskite prakti\u0161k\u0105 funkcionalumo ir modernaus dizaino derin\u012f su \u201cNubi NUBZ02\u201d stal\u010diumi su mai\u0161ytu stiklu. \u0160i novatori\u0161ka komoda ne tik pakeis j\u016bs\u0173 suvokim\u0105 apie daikt\u0173 laikym\u0105, bet ir papuo\u0161 j\u016bs\u0173 interjer\u0105 unikaliu, industriniu stiliumi. \u201cNubi NUBZ02\u201d stal\u010dius pasi\u017eymi \u012fsp\u016bdingais matmenimis. Jo 119,5 cm plotis suteikia daug vietos daiktams susid\u0117ti, o 80 cm gylis leid\u017eia patogiai laikyti dar didesnius daiktus. Ma\u017eas, vos 22,9 cm, auk\u0161tis leid\u017eia stal\u010diui harmoningai \u012fsilieti \u012f j\u016bs\u0173 namus, i\u0161laikant maksimal\u0173 komfort\u0105. Vizualiai baldas \u017eavi dviej\u0173 gili\u0173 ir sodri\u0173 spalv\u0173 deriniu: \u201eMatera Ciemna\u201c (tamsi Matera), primenan\u010dia nat\u016bralaus akmens r\u016b\u0161is, ir \u201eOld Style\u201c (senas stilius) \u2013 juoda su subtiliu sendinto plieno patinos atspalviu. \u0160ios spalvos suteiks charakterio bet kokiam interjerui, o laminuota plok\u0161t\u0117, i\u0161 kurios pagamintas tiek korpusas, tiek stal\u010diaus priekis, u\u017etikrina patvarum\u0105 ir lengv\u0105 valym\u0105.<\/p>","protected":false},"excerpt":{"rendered":"<p>Plotis (cm): 119,5<br \/>\n\u016agis (cm): 22,9<br \/>\nGylis (cm): 80<\/p>","protected":false},"featured_media":163918,"comment_status":"open","ping_status":"open","template":"","meta":[],"product_brand":[],"product_cat":[9462,1043,4107],"product_tag":[],"class_list":{"0":"post-163917","1":"product","2":"type-product","3":"status-publish","4":"has-post-thumbnail","6":"product_cat-furniture-system-nubi-wojcik-meble","7":"product_cat-extras","8":"product_cat-meble-wojcik","10":"first","11":"instock","12":"purchasable","13":"product-type-simple"},"_links":{"self":[{"href":"https:\/\/baldumarket.lt\/lt\/wp-json\/wp\/v2\/product\/163917","targetHints":{"allow":["GET"]}}],"collection":[{"href":"https:\/\/baldumarket.lt\/lt\/wp-json\/wp\/v2\/product"}],"about":[{"href":"https:\/\/baldumarket.lt\/lt\/wp-json\/wp\/v2\/types\/product"}],"replies":[{"embeddable":true,"href":"https:\/\/baldumarket.lt\/lt\/wp-json\/wp\/v2\/comments?post=163917"}],"wp:featuredmedia":[{"embeddable":true,"href":"https:\/\/baldumarket.lt\/lt\/wp-json\/wp\/v2\/media\/163918"}],"wp:attachment":[{"href":"https:\/\/baldumarket.lt\/lt\/wp-json\/wp\/v2\/media?parent=163917"}],"wp:term":[{"taxonomy":"product_brand","embeddable":true,"href":"https:\/\/baldumarket.lt\/lt\/wp-json\/wp\/v2\/product_brand?post=163917"},{"taxonomy":"product_cat","embeddable":true,"href":"https:\/\/baldumarket.lt\/lt\/wp-json\/wp\/v2\/product_cat?post=163917"},{"taxonomy":"product_tag","embeddable":true,"href":"https:\/\/baldumarket.lt\/lt\/wp-json\/wp\/v2\/product_tag?post=163917"}],"curies":[{"name":"wp","href":"https:\/\/api.w.org\/{rel}","templated":true}]}}