{"id":163911,"date":"2025-12-19T13:05:49","date_gmt":"2025-12-19T10:05:49","guid":{"rendered":"https:\/\/baldumarket.lt\/product\/nubi-nubz04-lozko-90-old-style\/"},"modified":"2026-04-06T19:47:17","modified_gmt":"2026-04-06T16:47:17","slug":"nubi-nubz04-lozko-90-old-style","status":"publish","type":"product","link":"https:\/\/baldumarket.lt\/lt\/product\/nubi-nubz04-lozko-90-old-style\/","title":{"rendered":"Nubi NUBZ04 &#8211; Lova 90 senovinio stiliaus"},"content":{"rendered":"<p>Pristatome Jums nepaprast\u0105 funkcionalumo ir neapdoroto \u017eavesio derin\u012f \u2013 senovinio stiliaus \u201eNubi NUBZ04\u201c lov\u0105. \u0160is pasirinkimas skirtas industrini\u0173 tendencij\u0173 gerb\u0117jams, norintiems \u012f savo miegam\u0105j\u012f \u012ftraukti \u0161iam stiliui b\u016bdingus elementus neprarandant komforto ir prakti\u0161kumo. \u201eNubi\u201c lova tvirtai pagaminta i\u0161 laminuotos plok\u0161t\u0117s, kuri\u0105 lengva valyti ir kuri puikiai atspindi neapdorot\u0105, bet \u0161ilt\u0105 industrini\u0173 loft\u0173 atmosfer\u0105. Lovos dydis \u2013 95,3 cm, tod\u0117l ji idealiai tinka ma\u017eesniems miegamiesiems arba kaip patogi viengul\u0117 lova. Unikali jos savyb\u0117 \u2013 \u012fdubos abiejose r\u0117mo pus\u0117se, kurias galima naudoti kaip knyg\u0173, telefono ar kit\u0173 smulki\u0173 daikt\u0173, kuriuos norite laikyti po ranka, laikymo viet\u0105. Patogus galv\u016bgalis, siekiantis 80,5 cm auk\u0161t\u012f, ne tik apsaugo sien\u0105 nuo d\u0117mi\u0173, bet ir suteikia patogi\u0105 atram\u0105 vakare poilsiui su knyga ar nar\u0161ant plan\u0161etiniame kompiuteryje.<\/p>","protected":false},"excerpt":{"rendered":"<p>Plotis (cm): 95,3<br \/>\n\u016agis (cm): 80,5<br \/>\nGylis (cm): 204,8<\/p>","protected":false},"featured_media":163912,"comment_status":"open","ping_status":"open","template":"","meta":[],"product_brand":[],"product_cat":[9462,505,4107],"product_tag":[],"class_list":{"0":"post-163911","1":"product","2":"type-product","3":"status-publish","4":"has-post-thumbnail","6":"product_cat-furniture-system-nubi-wojcik-meble","7":"product_cat-bedroom-beds","8":"product_cat-meble-wojcik","10":"first","11":"instock","12":"purchasable","13":"product-type-simple"},"_links":{"self":[{"href":"https:\/\/baldumarket.lt\/lt\/wp-json\/wp\/v2\/product\/163911","targetHints":{"allow":["GET"]}}],"collection":[{"href":"https:\/\/baldumarket.lt\/lt\/wp-json\/wp\/v2\/product"}],"about":[{"href":"https:\/\/baldumarket.lt\/lt\/wp-json\/wp\/v2\/types\/product"}],"replies":[{"embeddable":true,"href":"https:\/\/baldumarket.lt\/lt\/wp-json\/wp\/v2\/comments?post=163911"}],"wp:featuredmedia":[{"embeddable":true,"href":"https:\/\/baldumarket.lt\/lt\/wp-json\/wp\/v2\/media\/163912"}],"wp:attachment":[{"href":"https:\/\/baldumarket.lt\/lt\/wp-json\/wp\/v2\/media?parent=163911"}],"wp:term":[{"taxonomy":"product_brand","embeddable":true,"href":"https:\/\/baldumarket.lt\/lt\/wp-json\/wp\/v2\/product_brand?post=163911"},{"taxonomy":"product_cat","embeddable":true,"href":"https:\/\/baldumarket.lt\/lt\/wp-json\/wp\/v2\/product_cat?post=163911"},{"taxonomy":"product_tag","embeddable":true,"href":"https:\/\/baldumarket.lt\/lt\/wp-json\/wp\/v2\/product_tag?post=163911"}],"curies":[{"name":"wp","href":"https:\/\/api.w.org\/{rel}","templated":true}]}}