{"id":163905,"date":"2025-12-19T13:05:37","date_gmt":"2025-12-19T10:05:37","guid":{"rendered":"https:\/\/baldumarket.lt\/product\/nubi-nubp01-polka-wiszaca-matera-ciemna-old-style\/"},"modified":"2026-04-06T19:47:17","modified_gmt":"2026-04-06T16:47:17","slug":"nubi-nubp01-polka-wiszaca-matera-ciemna-old-style","status":"publish","type":"product","link":"https:\/\/baldumarket.lt\/lt\/product\/nubi-nubp01-polka-wiszaca-matera-ciemna-old-style\/","title":{"rendered":"Nubi NUBP01 \u2013 Pakabinama lentyna Matera tamsi\/seno stiliaus"},"content":{"rendered":"<p>Atraskite \u201eNubi NUBP01 \u2013 Dark Matera\/Old Style\u201c lentyn\u0105, kuri neabejotinai taps j\u016bs\u0173 interjero traukos centru, apjungianti industrin\u012f eleganti\u0161k\u0105 stili\u0173 ir funkcionalum\u0105. \u0160is unikalus baldas \u2013 puikus pasirinkimas tiems, kurie vertina dizain\u0105 ir prakti\u0161kus daikt\u0173 laikymo sprendimus. \u0160ios 120 cm plo\u010dio, 22,2 cm auk\u0161\u010dio ir 22 cm gylio lentynos, sukurtos galvojant apie dinami\u0161k\u0105 ir modern\u0173 interjer\u0105, suteikia daug vietos knygoms, nuotraukoms, suvenyrams ar net ma\u017eiems augalams eksponuoti. \u201eDark Matera\u201c spalv\u0173 gama kartu su \u201eOld Style\u201c ne tik suteiks j\u016bs\u0173 namams \u0161ilumos ir nat\u016bralaus \u017eavesio, bet ir sukurs rafinuot\u0105 kontrast\u0105, kuris pabr\u0117\u0161 kiekvieno daikto charakter\u012f. Tvirta ir patvari \u201eNubi NUBP01\u201c lentynos konstrukcija pagaminta i\u0161 auk\u0161tos kokyb\u0117s laminuotos plok\u0161t\u0117s. D\u0117l to lentyn\u0105 lengva valyti, ji atspari \u012fbr\u0117\u017eimams, dr\u0117gmei ir auk\u0161tai temperat\u016brai, tod\u0117l ji tarnaus ilgus metus. Laminuota med\u017eio dro\u017eli\u0173 plok\u0161t\u0117, i\u0161 kurios pagaminta tiek lentyna, tiek galin\u0117 sienel\u0117, yra ne tik esteti\u0161kai patraukli, bet ir tvirta bei atspari kasdieniam naudojimui.<\/p>","protected":false},"excerpt":{"rendered":"<p>Plotis (cm): 120<br \/>\n\u016agis (cm): 22,2<br \/>\nGylis (cm): 22<\/p>","protected":false},"featured_media":163906,"comment_status":"open","ping_status":"open","template":"","meta":[],"product_brand":[],"product_cat":[9462,1174,4107],"product_tag":[],"class_list":{"0":"post-163905","1":"product","2":"type-product","3":"status-publish","4":"has-post-thumbnail","6":"product_cat-furniture-system-nubi-wojcik-meble","7":"product_cat-hanging-shelves","8":"product_cat-meble-wojcik","10":"first","11":"instock","12":"purchasable","13":"product-type-simple"},"_links":{"self":[{"href":"https:\/\/baldumarket.lt\/lt\/wp-json\/wp\/v2\/product\/163905","targetHints":{"allow":["GET"]}}],"collection":[{"href":"https:\/\/baldumarket.lt\/lt\/wp-json\/wp\/v2\/product"}],"about":[{"href":"https:\/\/baldumarket.lt\/lt\/wp-json\/wp\/v2\/types\/product"}],"replies":[{"embeddable":true,"href":"https:\/\/baldumarket.lt\/lt\/wp-json\/wp\/v2\/comments?post=163905"}],"wp:featuredmedia":[{"embeddable":true,"href":"https:\/\/baldumarket.lt\/lt\/wp-json\/wp\/v2\/media\/163906"}],"wp:attachment":[{"href":"https:\/\/baldumarket.lt\/lt\/wp-json\/wp\/v2\/media?parent=163905"}],"wp:term":[{"taxonomy":"product_brand","embeddable":true,"href":"https:\/\/baldumarket.lt\/lt\/wp-json\/wp\/v2\/product_brand?post=163905"},{"taxonomy":"product_cat","embeddable":true,"href":"https:\/\/baldumarket.lt\/lt\/wp-json\/wp\/v2\/product_cat?post=163905"},{"taxonomy":"product_tag","embeddable":true,"href":"https:\/\/baldumarket.lt\/lt\/wp-json\/wp\/v2\/product_tag?post=163905"}],"curies":[{"name":"wp","href":"https:\/\/api.w.org\/{rel}","templated":true}]}}