{"id":163899,"date":"2025-12-19T13:05:24","date_gmt":"2025-12-19T10:05:24","guid":{"rendered":"https:\/\/baldumarket.lt\/product\/nubi-nubr01-regal-wysoki-1d2s-matera-ciemna-old-style\/"},"modified":"2026-04-06T19:47:17","modified_gmt":"2026-04-06T16:47:17","slug":"nubi-nubr01-regal-wysoki-1d2s-matera-ciemna-old-style","status":"publish","type":"product","link":"https:\/\/baldumarket.lt\/lt\/product\/nubi-nubr01-regal-wysoki-1d2s-matera-ciemna-old-style\/","title":{"rendered":"Nubi NUBR01 \u2013 Auk\u0161ta knyg\u0173 lentyna 1D2S Tamsi\u0173 matin\u0117 \/ Seno stiliaus"},"content":{"rendered":"<p>\u012esivaizduokite bald\u0105, kuris ne tik suteikia j\u016bs\u0173 interjerui eleganti\u0161ko, industrinio stiliaus akcento, bet ir yra patikimas kasdien\u0117s erdv\u0117s organizavimo palydovas. Pristatome auk\u0161t\u0105 \u201eNubi NUBR01 1D2S\u201c knyg\u0173 lentyn\u0105 \u201eDark Matera\u201c ir \u201eOld Style\u201c atspalvi\u0173 \u2013 tai funkcionalumo ir unikalaus dizaino sinonimas. \u201eNubi NUBR01\u201c knyg\u0173 lentynos auk\u0161tis \u2013 196 cm, plotis \u2013 55,8 cm, o gylis \u2013 42 cm, tod\u0117l ji lengvai tilps bet kuriame moderniame kambaryje. Eleganti\u0161ka spalv\u0173 gama, kurioje derinamas nat\u016bralus da\u017eymas su juodais akcentais, gali suteikti j\u016bs\u0173 namams industrinio grie\u017etumo ir nesenstan\u010dio stiliaus. Knyg\u0173 lentyna pagaminta i\u0161 itin patvarios ir lengvai pri\u017ei\u016brimos laminuotos plok\u0161t\u0117s. Tai puikus sprendimas tiems, kurie vertina baldus, kurie daugel\u012f met\u0173 i\u0161laikys estetin\u012f patrauklum\u0105, nereikalaujant intensyvios prie\u017ei\u016bros. Korpusas ir priekin\u0117 dalis, pagaminti i\u0161 laminuotos med\u017eio dro\u017eli\u0173 plok\u0161t\u0117s, pasi\u017eymi patvarumu ir atsparumu \u012fbr\u0117\u017eimams, o kruop\u0161tus meistri\u0161kumas garantuoja ilgalaik\u012f pasitenkinim\u0105.<\/p>","protected":false},"excerpt":{"rendered":"<p>Plotis (cm): 55,8<br \/>\n\u016agis (cm): 196<br \/>\nGylis (cm): 42<\/p>","protected":false},"featured_media":163900,"comment_status":"open","ping_status":"open","template":"","meta":[],"product_brand":[],"product_cat":[9462,4107,1177],"product_tag":[],"class_list":{"0":"post-163899","1":"product","2":"type-product","3":"status-publish","4":"has-post-thumbnail","6":"product_cat-furniture-system-nubi-wojcik-meble","7":"product_cat-meble-wojcik","8":"product_cat-wardrobes","10":"first","11":"instock","12":"purchasable","13":"product-type-simple"},"_links":{"self":[{"href":"https:\/\/baldumarket.lt\/lt\/wp-json\/wp\/v2\/product\/163899","targetHints":{"allow":["GET"]}}],"collection":[{"href":"https:\/\/baldumarket.lt\/lt\/wp-json\/wp\/v2\/product"}],"about":[{"href":"https:\/\/baldumarket.lt\/lt\/wp-json\/wp\/v2\/types\/product"}],"replies":[{"embeddable":true,"href":"https:\/\/baldumarket.lt\/lt\/wp-json\/wp\/v2\/comments?post=163899"}],"wp:featuredmedia":[{"embeddable":true,"href":"https:\/\/baldumarket.lt\/lt\/wp-json\/wp\/v2\/media\/163900"}],"wp:attachment":[{"href":"https:\/\/baldumarket.lt\/lt\/wp-json\/wp\/v2\/media?parent=163899"}],"wp:term":[{"taxonomy":"product_brand","embeddable":true,"href":"https:\/\/baldumarket.lt\/lt\/wp-json\/wp\/v2\/product_brand?post=163899"},{"taxonomy":"product_cat","embeddable":true,"href":"https:\/\/baldumarket.lt\/lt\/wp-json\/wp\/v2\/product_cat?post=163899"},{"taxonomy":"product_tag","embeddable":true,"href":"https:\/\/baldumarket.lt\/lt\/wp-json\/wp\/v2\/product_tag?post=163899"}],"curies":[{"name":"wp","href":"https:\/\/api.w.org\/{rel}","templated":true}]}}