{"id":163893,"date":"2025-12-19T13:05:12","date_gmt":"2025-12-19T10:05:12","guid":{"rendered":"https:\/\/baldumarket.lt\/product\/novi-nviz02-lozko-120-1s-biale\/"},"modified":"2026-04-06T19:47:17","modified_gmt":"2026-04-06T16:47:17","slug":"novi-nviz02-lozko-120-1s-biale","status":"publish","type":"product","link":"https:\/\/baldumarket.lt\/lt\/product\/novi-nviz02-lozko-120-1s-biale\/","title":{"rendered":"Novi NVIZ02 \u2013 Lova 120 1S balta"},"content":{"rendered":"<p>Atraskite modernumo ir funkcionalumo \u017eaves\u012f, kur\u012f si\u016blo \u201eNovi NVIZ02\u201c lova \u2013 puikus sprendimas i\u0161rankiems vartotojams, vertinantiems elegancij\u0105 ir komfort\u0105. \u0160i viengul\u0117 lova buvo kruop\u0161\u010diai sukurta atsi\u017evelgiant \u012f \u0161iuolaikini\u0173 miegam\u0173j\u0173 ir jaunimo kambari\u0173 poreikius. Jos matmenys: 126,9 cm plo\u010dio, 80 cm auk\u0161\u010dio ir 204,9 cm ilgio, u\u017etikrina patog\u0173 poils\u012f net ir reikliems vartotojams. Pagaminta i\u0161 auk\u0161\u010diausios kokyb\u0117s laminuotos plok\u0161t\u0117s ir patvarios MDF plok\u0161t\u0117s, ji garantuoja ilgalaik\u012f stabilum\u0105. Balta lovos apdaila suteikia kambariui ramyb\u0117s ir harmonijos atmosfer\u0105 ir dera su \u012fvairiomis spalv\u0173 gamomis. Modern\u0173 dizainerio stili\u0173 pabr\u0117\u017eia paprastos, minimalistin\u0117s galv\u016bgali\u0173 linijos, pagamintos i\u0161 laminuotos med\u017eio dro\u017eli\u0173 plok\u0161t\u0117s ir MDF. Lovos \u0161onai, taip pat pagaminti i\u0161 laminuotos med\u017eio dro\u017eli\u0173 plok\u0161t\u0117s, suteikia tvirt\u0105 atram\u0105 \u010diu\u017einiui. \u201eNovi NVIZ02\u201c lovos elegancij\u0105 taip pat sustiprina prakti\u0161kas galv\u016bgalis, kuris ne tik apsaugo sien\u0105 nuo purvo, bet ir neleid\u017eia pagalvei slysti \u2013 nepakei\u010diamas patogumas kasdieniame naudojime.<\/p>","protected":false},"excerpt":{"rendered":"<p>Plotis (cm): 126,9<br \/>\n\u016agis (cm): 80<br \/>\nGylis (cm): 204,9<\/p>","protected":false},"featured_media":163894,"comment_status":"open","ping_status":"open","template":"","meta":[],"product_brand":[],"product_cat":[9492,505,4107],"product_tag":[],"class_list":{"0":"post-163893","1":"product","2":"type-product","3":"status-publish","4":"has-post-thumbnail","6":"product_cat-furniture-system-novi-wojcik-meble","7":"product_cat-bedroom-beds","8":"product_cat-meble-wojcik","10":"first","11":"instock","12":"purchasable","13":"product-type-simple"},"_links":{"self":[{"href":"https:\/\/baldumarket.lt\/lt\/wp-json\/wp\/v2\/product\/163893","targetHints":{"allow":["GET"]}}],"collection":[{"href":"https:\/\/baldumarket.lt\/lt\/wp-json\/wp\/v2\/product"}],"about":[{"href":"https:\/\/baldumarket.lt\/lt\/wp-json\/wp\/v2\/types\/product"}],"replies":[{"embeddable":true,"href":"https:\/\/baldumarket.lt\/lt\/wp-json\/wp\/v2\/comments?post=163893"}],"wp:featuredmedia":[{"embeddable":true,"href":"https:\/\/baldumarket.lt\/lt\/wp-json\/wp\/v2\/media\/163894"}],"wp:attachment":[{"href":"https:\/\/baldumarket.lt\/lt\/wp-json\/wp\/v2\/media?parent=163893"}],"wp:term":[{"taxonomy":"product_brand","embeddable":true,"href":"https:\/\/baldumarket.lt\/lt\/wp-json\/wp\/v2\/product_brand?post=163893"},{"taxonomy":"product_cat","embeddable":true,"href":"https:\/\/baldumarket.lt\/lt\/wp-json\/wp\/v2\/product_cat?post=163893"},{"taxonomy":"product_tag","embeddable":true,"href":"https:\/\/baldumarket.lt\/lt\/wp-json\/wp\/v2\/product_tag?post=163893"}],"curies":[{"name":"wp","href":"https:\/\/api.w.org\/{rel}","templated":true}]}}