{"id":163887,"date":"2025-12-19T13:04:59","date_gmt":"2025-12-19T10:04:59","guid":{"rendered":"https:\/\/baldumarket.lt\/product\/novi-nviz01-lozko-90-1s-biale\/"},"modified":"2026-04-06T19:47:17","modified_gmt":"2026-04-06T16:47:17","slug":"novi-nviz01-lozko-90-1s-biale","status":"publish","type":"product","link":"https:\/\/baldumarket.lt\/lt\/product\/novi-nviz01-lozko-90-1s-biale\/","title":{"rendered":"Novi NVIZ01 \u2013 Lova 90 1S balta"},"content":{"rendered":"<p>Svajojate susikurti minimalistin\u012f ir ram\u0173 miegam\u0105j\u012f, kuriame kiekviena naktis virsta giliu, atkurian\u010diu miegu? Pristatome \u201eNovi NVIZ01\u201c \u2013 balt\u0105 lov\u0105, kuri yra funkcionalumo ir modernaus dizaino sinonimas. Sukurta atsi\u017evelgiant \u012f optimal\u0173 erdv\u0117s i\u0161naudojim\u0105, kiekvienas j\u016bs\u0173 kambario kvadratinis metras i\u0161naudojamas kuo efektyviau. 96,9 cm plotis, 80 cm auk\u0161tis ir 204,9 cm gylis u\u017etikrina erdvi\u0173 harmonij\u0105, puikiai papildydami 90 x 200 cm \u010diu\u017ein\u012f (parduodamas atskirai). Rekomenduojamas \u0161ios lovos r\u0117mas MWSD01, kur\u012f galima \u012fsigyti i\u0161 \u201eMeble W\u00f3jcik\u201c, suteikia tinkam\u0105 atram\u0105 ir patvarum\u0105 kasdieniam naudojimui. Ry\u0161ki spalv\u0173 palet\u0117 su sniego baltumo apdaila suteikia interjerui \u0161varos ir gaivumo poj\u016bt\u012f, vizualiai i\u0161pl\u0117sdama erdv\u0119. Laminuotos plok\u0161t\u0117s danga kartu su MDF u\u017etikrina lengv\u0105 valym\u0105 ir atsparum\u0105 kasdieniam naudojimui. Modernus \u201eNovi NVIZ01\u201c lovos stilius suteiks j\u016bs\u0173 miegamajam gaivumo ir \u0161iuolaiki\u0161kumo, neprarandant funkcionalumo.<\/p>","protected":false},"excerpt":{"rendered":"<p>Plotis (cm): 96,9<br \/>\n\u016agis (cm): 80<br \/>\nGylis (cm): 204,9<\/p>","protected":false},"featured_media":163888,"comment_status":"open","ping_status":"open","template":"","meta":[],"product_brand":[],"product_cat":[9492,505,4107],"product_tag":[],"class_list":{"0":"post-163887","1":"product","2":"type-product","3":"status-publish","4":"has-post-thumbnail","6":"product_cat-furniture-system-novi-wojcik-meble","7":"product_cat-bedroom-beds","8":"product_cat-meble-wojcik","10":"first","11":"instock","12":"purchasable","13":"product-type-simple"},"_links":{"self":[{"href":"https:\/\/baldumarket.lt\/lt\/wp-json\/wp\/v2\/product\/163887","targetHints":{"allow":["GET"]}}],"collection":[{"href":"https:\/\/baldumarket.lt\/lt\/wp-json\/wp\/v2\/product"}],"about":[{"href":"https:\/\/baldumarket.lt\/lt\/wp-json\/wp\/v2\/types\/product"}],"replies":[{"embeddable":true,"href":"https:\/\/baldumarket.lt\/lt\/wp-json\/wp\/v2\/comments?post=163887"}],"wp:featuredmedia":[{"embeddable":true,"href":"https:\/\/baldumarket.lt\/lt\/wp-json\/wp\/v2\/media\/163888"}],"wp:attachment":[{"href":"https:\/\/baldumarket.lt\/lt\/wp-json\/wp\/v2\/media?parent=163887"}],"wp:term":[{"taxonomy":"product_brand","embeddable":true,"href":"https:\/\/baldumarket.lt\/lt\/wp-json\/wp\/v2\/product_brand?post=163887"},{"taxonomy":"product_cat","embeddable":true,"href":"https:\/\/baldumarket.lt\/lt\/wp-json\/wp\/v2\/product_cat?post=163887"},{"taxonomy":"product_tag","embeddable":true,"href":"https:\/\/baldumarket.lt\/lt\/wp-json\/wp\/v2\/product_tag?post=163887"}],"curies":[{"name":"wp","href":"https:\/\/api.w.org\/{rel}","templated":true}]}}