{"id":163881,"date":"2025-12-19T13:04:47","date_gmt":"2025-12-19T10:04:47","guid":{"rendered":"https:\/\/baldumarket.lt\/product\/novi-nvis02-szafa-2d2s-biala\/"},"modified":"2026-04-06T19:47:17","modified_gmt":"2026-04-06T16:47:17","slug":"novi-nvis02-szafa-2d2s-biala","status":"publish","type":"product","link":"https:\/\/baldumarket.lt\/lt\/product\/novi-nvis02-szafa-2d2s-biala\/","title":{"rendered":"Novi NVIS02 \u2013 Drabu\u017ein\u0117 2D2S balta"},"content":{"rendered":"<p>Pasigro\u017e\u0117kite Novi NVIS02 \u2013 2-D2S baltos spintos funkcionalumu ir subtiliu dizainu. \u0160is baldas lengvai der\u0117s prie \u012fvairi\u0173 interjero dizain\u0173, suteikdamas ne tik b\u016btin\u0105 daikt\u0173 laikymo viet\u0105, bet ir sustiprindamas modern\u0173 kambario charakter\u012f. Jos matmenys \u2013 plotis 92 cm, auk\u0161tis 198,5 cm ir gylis 58,2 cm \u2013 leid\u017eia ergonomi\u0161kai i\u0161naudoti turim\u0105 erdv\u0119. \u0160i Novi kolekcijos spinta pasi\u017eymi unikalia sistema be ranken\u0117li\u0173, suteikian\u010dia jos formai vienod\u0105 ir eleganti\u0161k\u0105 i\u0161vaizd\u0105. Tai puikus pasirinkimas tiek jaunimo kambariui, tiek svetainei, kur ypa\u010d vertinama estetika ir minimalizmas. Spintos vidus sukurtas siekiant maksimalaus funkcionalumo: kair\u0117je pus\u0117je yra prakti\u0161ka skersin\u0117 drabu\u017eiams kabinti, o de\u0161in\u0117je \u2013 lentynos, idealiai tinkan\u010dios drabu\u017eiams ir kitiems daiktams susid\u0117ti. Du erdv\u016bs stal\u010diai suteikia papildomos vietos daiktams susid\u0117ti, puikiai tinkantys patalyn\u0117s ir ma\u017eesni\u0173 aksesuar\u0173 laikymui. Priekin\u0117s dalys pagamintos i\u0161 MDF plok\u0161t\u0117s, padengtos auk\u0161tos kokyb\u0117s PVC pl\u0117vele, u\u017etikrinan\u010dios esteti\u0161k\u0105 i\u0161vaizd\u0105 ir ilgaam\u017ei\u0161kum\u0105 nuo kasdienio d\u0117v\u0117jimosi. Spintos korpusas, savo ruo\u017etu, pagamintas i\u0161 tvirtos laminuotos med\u017eio dro\u017eli\u0173 plok\u0161t\u0117s, pasi\u017eymin\u010dios dideliu atsparumu \u012fbr\u0117\u017eimams, mechaniniams pa\u017eeidimams, dr\u0117gmei ir auk\u0161tai temperat\u016brai. Balta apdaila ne tik pagyvins interjer\u0105, bet ir palengvins jos priderinim\u0105 prie \u012fvairios spalv\u0173 ir ra\u0161t\u0173 palet\u0117s j\u016bs\u0173 namuose.<\/p>","protected":false},"excerpt":{"rendered":"<p>Plotis (cm): 92<br \/>\n\u016agis (cm): 198,5<br \/>\nGylis (cm): 58,2<\/p>","protected":false},"featured_media":163882,"comment_status":"open","ping_status":"open","template":"","meta":[],"product_brand":[],"product_cat":[9492,4107,1177],"product_tag":[],"class_list":{"0":"post-163881","1":"product","2":"type-product","3":"status-publish","4":"has-post-thumbnail","6":"product_cat-furniture-system-novi-wojcik-meble","7":"product_cat-meble-wojcik","8":"product_cat-wardrobes","10":"first","11":"instock","12":"purchasable","13":"product-type-simple"},"_links":{"self":[{"href":"https:\/\/baldumarket.lt\/lt\/wp-json\/wp\/v2\/product\/163881","targetHints":{"allow":["GET"]}}],"collection":[{"href":"https:\/\/baldumarket.lt\/lt\/wp-json\/wp\/v2\/product"}],"about":[{"href":"https:\/\/baldumarket.lt\/lt\/wp-json\/wp\/v2\/types\/product"}],"replies":[{"embeddable":true,"href":"https:\/\/baldumarket.lt\/lt\/wp-json\/wp\/v2\/comments?post=163881"}],"wp:featuredmedia":[{"embeddable":true,"href":"https:\/\/baldumarket.lt\/lt\/wp-json\/wp\/v2\/media\/163882"}],"wp:attachment":[{"href":"https:\/\/baldumarket.lt\/lt\/wp-json\/wp\/v2\/media?parent=163881"}],"wp:term":[{"taxonomy":"product_brand","embeddable":true,"href":"https:\/\/baldumarket.lt\/lt\/wp-json\/wp\/v2\/product_brand?post=163881"},{"taxonomy":"product_cat","embeddable":true,"href":"https:\/\/baldumarket.lt\/lt\/wp-json\/wp\/v2\/product_cat?post=163881"},{"taxonomy":"product_tag","embeddable":true,"href":"https:\/\/baldumarket.lt\/lt\/wp-json\/wp\/v2\/product_tag?post=163881"}],"curies":[{"name":"wp","href":"https:\/\/api.w.org\/{rel}","templated":true}]}}