{"id":163875,"date":"2025-12-19T13:04:34","date_gmt":"2025-12-19T10:04:34","guid":{"rendered":"https:\/\/baldumarket.lt\/product\/novi-nvis03-szafa-narozna-2-drzwiowa-biala\/"},"modified":"2026-04-06T19:47:17","modified_gmt":"2026-04-06T16:47:17","slug":"novi-nvis03-szafa-narozna-2-drzwiowa-biala","status":"publish","type":"product","link":"https:\/\/baldumarket.lt\/lt\/product\/novi-nvis03-szafa-narozna-2-drzwiowa-biala\/","title":{"rendered":"Novi NVIS03 &#8211; 2 dur\u0173 kampin\u0117 spinta, balta"},"content":{"rendered":"<p>Jus su\u017eav\u0117s moderni elegancija ir funkcionalumu \u0161i \u201eNovi NVIS03\u201c \u2013 dviej\u0173 dur\u0173 balta kampin\u0117 spinta. Atraskite tobul\u0105 estetikos ir prakti\u0161kumo derin\u012f, kuris suteiks harmonijos j\u016bs\u0173 gyvenamajai erdvei ir maksimaliai i\u0161naudos kiekvien\u0105 erdv\u0117s centimetr\u0105. \u0160i kruop\u0161\u010diai suprojektuota kampin\u0117 spinta \u2013 puikus sprendimas tiems, kurie nori maksimaliai i\u0161naudoti nam\u0173 kamp\u0173 potencial\u0105, i\u0161laikydami erdvumo ir \u0161viesumo poj\u016bt\u012f. Modernumas yra pagrindinis \u201eNovi NVIS03\u201c kampin\u0117s spintos, kurios rafinuotas baltas dizainas puikiai papildo bet kokius \u0161iuolaikinius namus, raktinis \u017eodis. Spinta, kurios matmenys: plotis: 103,3 cm, auk\u0161tis: 198,5 cm ir gylis: 103,3 cm, puikiai dera prie \u012fvairi\u0173 interjero dizain\u0173. Med\u017eiagos, i\u0161 kuri\u0173 ji pagaminta \u2013 laminuota plok\u0161t\u0117 ir auk\u0161tos kokyb\u0117s MDF \u2013 u\u017etikrina patvarum\u0105 ir lengv\u0105 valym\u0105. I\u0161skirtinai patogi naudoti spinta turi sistem\u0105 be ranken\u0117li\u0173, kuri ne tik suteikia jai minimalistinio \u017eavesio, bet ir palengvina kasdien\u012f naudojim\u0105. Eleganti\u0161kai dekoruoti fasadai su subtiliais grioveliais yra atspar\u016bs pir\u0161t\u0173 atspaudams, tod\u0117l spinta daugel\u012f met\u0173 i\u0161liks \u0161vari ir patraukli. Pasl\u0117pti vyriai leid\u017eia duris atidaryti skland\u017eiai ir lengvai, o prid\u0117tos plastikin\u0117s kojel\u0117s u\u017etikrina stabilum\u0105 ir apsaugo grindis nuo \u012fbr\u0117\u017eim\u0173.<\/p>","protected":false},"excerpt":{"rendered":"<p>Plotis (cm): 103,3<br \/>\n\u016agis (cm): 198,5<br \/>\nGylis (cm): 103,3<\/p>","protected":false},"featured_media":163876,"comment_status":"open","ping_status":"open","template":"","meta":[],"product_brand":[],"product_cat":[9492,4107,1177],"product_tag":[],"class_list":{"0":"post-163875","1":"product","2":"type-product","3":"status-publish","4":"has-post-thumbnail","6":"product_cat-furniture-system-novi-wojcik-meble","7":"product_cat-meble-wojcik","8":"product_cat-wardrobes","10":"first","11":"instock","12":"purchasable","13":"product-type-simple"},"_links":{"self":[{"href":"https:\/\/baldumarket.lt\/lt\/wp-json\/wp\/v2\/product\/163875","targetHints":{"allow":["GET"]}}],"collection":[{"href":"https:\/\/baldumarket.lt\/lt\/wp-json\/wp\/v2\/product"}],"about":[{"href":"https:\/\/baldumarket.lt\/lt\/wp-json\/wp\/v2\/types\/product"}],"replies":[{"embeddable":true,"href":"https:\/\/baldumarket.lt\/lt\/wp-json\/wp\/v2\/comments?post=163875"}],"wp:featuredmedia":[{"embeddable":true,"href":"https:\/\/baldumarket.lt\/lt\/wp-json\/wp\/v2\/media\/163876"}],"wp:attachment":[{"href":"https:\/\/baldumarket.lt\/lt\/wp-json\/wp\/v2\/media?parent=163875"}],"wp:term":[{"taxonomy":"product_brand","embeddable":true,"href":"https:\/\/baldumarket.lt\/lt\/wp-json\/wp\/v2\/product_brand?post=163875"},{"taxonomy":"product_cat","embeddable":true,"href":"https:\/\/baldumarket.lt\/lt\/wp-json\/wp\/v2\/product_cat?post=163875"},{"taxonomy":"product_tag","embeddable":true,"href":"https:\/\/baldumarket.lt\/lt\/wp-json\/wp\/v2\/product_tag?post=163875"}],"curies":[{"name":"wp","href":"https:\/\/api.w.org\/{rel}","templated":true}]}}