{"id":163869,"date":"2025-12-19T13:04:22","date_gmt":"2025-12-19T10:04:22","guid":{"rendered":"https:\/\/baldumarket.lt\/product\/novi-nvis01-bielizniarka-2-drzwiowa-biala\/"},"modified":"2026-04-06T19:47:17","modified_gmt":"2026-04-06T16:47:17","slug":"novi-nvis01-bielizniarka-2-drzwiowa-biala","status":"publish","type":"product","link":"https:\/\/baldumarket.lt\/lt\/product\/novi-nvis01-bielizniarka-2-drzwiowa-biala\/","title":{"rendered":"Novi NVIS01 \u2013 2 dur\u0173 balta patalyn\u0117s spinta"},"content":{"rendered":"<p>\u012esp\u016bdingas minimalistiniu dizainu ir funkcionalumu, \u201eNovi NVIS01\u201c spintel\u0117 tampa pagrindiniu bet kokio interjero elementu, nepriklausomai nuo jos paskirties. \u0160i eleganti\u0161ka, dviej\u0173 dur\u0173 spintel\u0117 grynos baltos spalvos puikiai dera tiek su moderniu, tiek su klasikiniu dizainu. Kompakti\u0161ki matmenys \u2013 62 cm plo\u010dio, 198,5 cm auk\u0161\u010dio ir 42,2 cm gylio \u2013 puikiai papildo bet kuri\u0105 svetain\u0119, miegam\u0105j\u012f ar jaunimo kambar\u012f, neu\u017eimdama daug erdv\u0117s. Pagaminta i\u0161 auk\u0161tos kokyb\u0117s med\u017eiag\u0173 \u2013 laminuotos plok\u0161t\u0117s ir MDF \u2013 \u201eNovi NVIS01\u201c spintel\u0117 yra patvari ir ilgaam\u017e\u0117, tod\u0117l tai ilgalaik\u0117 investicija. Laminatas u\u017etikrina lengv\u0105 valym\u0105, o MDF fasadai puo\u0161ti grioveliais, suteikian\u010diais spintelei subtil\u0173, ta\u010diau i\u0161skirtin\u012f charakter\u012f. Modern\u0173 bald\u0173 stili\u0173 dar labiau sustiprina modern\u016bs techniniai sprendimai, tokie kaip sistema be ranken\u0117li\u0173, leid\u017eianti lengvai atidaryti duris, kartu u\u017etikrinant skland\u017ei\u0105 ir \u0161vari\u0105 i\u0161vaizd\u0105. Pasl\u0117pti vyriai u\u017etikrina tyl\u0173 ir patog\u0173 naudojim\u0105. \u201eNovi NVIS01\u201c patalyn\u0117s spintos stabilum\u0105 dar labiau sustiprina tvirtos plastikin\u0117s kojel\u0117s.<\/p>","protected":false},"excerpt":{"rendered":"<p>Plotis (cm): 62<br \/>\n\u016agis (cm): 198,5<br \/>\nGylis (cm): 42,2<\/p>","protected":false},"featured_media":163870,"comment_status":"open","ping_status":"open","template":"","meta":[],"product_brand":[],"product_cat":[9492,4107,1177],"product_tag":[],"class_list":{"0":"post-163869","1":"product","2":"type-product","3":"status-publish","4":"has-post-thumbnail","6":"product_cat-furniture-system-novi-wojcik-meble","7":"product_cat-meble-wojcik","8":"product_cat-wardrobes","10":"first","11":"instock","12":"purchasable","13":"product-type-simple"},"_links":{"self":[{"href":"https:\/\/baldumarket.lt\/lt\/wp-json\/wp\/v2\/product\/163869","targetHints":{"allow":["GET"]}}],"collection":[{"href":"https:\/\/baldumarket.lt\/lt\/wp-json\/wp\/v2\/product"}],"about":[{"href":"https:\/\/baldumarket.lt\/lt\/wp-json\/wp\/v2\/types\/product"}],"replies":[{"embeddable":true,"href":"https:\/\/baldumarket.lt\/lt\/wp-json\/wp\/v2\/comments?post=163869"}],"wp:featuredmedia":[{"embeddable":true,"href":"https:\/\/baldumarket.lt\/lt\/wp-json\/wp\/v2\/media\/163870"}],"wp:attachment":[{"href":"https:\/\/baldumarket.lt\/lt\/wp-json\/wp\/v2\/media?parent=163869"}],"wp:term":[{"taxonomy":"product_brand","embeddable":true,"href":"https:\/\/baldumarket.lt\/lt\/wp-json\/wp\/v2\/product_brand?post=163869"},{"taxonomy":"product_cat","embeddable":true,"href":"https:\/\/baldumarket.lt\/lt\/wp-json\/wp\/v2\/product_cat?post=163869"},{"taxonomy":"product_tag","embeddable":true,"href":"https:\/\/baldumarket.lt\/lt\/wp-json\/wp\/v2\/product_tag?post=163869"}],"curies":[{"name":"wp","href":"https:\/\/api.w.org\/{rel}","templated":true}]}}