{"id":163863,"date":"2025-12-19T13:04:10","date_gmt":"2025-12-19T10:04:10","guid":{"rendered":"https:\/\/baldumarket.lt\/product\/novi-nvir01-regal-2s-bialy\/"},"modified":"2026-04-06T19:47:08","modified_gmt":"2026-04-06T16:47:08","slug":"novi-nvir01-regal-2s-bialy","status":"publish","type":"product","link":"https:\/\/baldumarket.lt\/lt\/product\/novi-nvir01-regal-2s-bialy\/","title":{"rendered":"Novi NVIR01 \u2013 2S lentyna balta"},"content":{"rendered":"<p>Pristatome \u201eNovi NVIR01 \u2013 2S\u201c balt\u0105 knyg\u0173 lentyn\u0105 \u2013 eleganti\u0161k\u0105 ir funkcional\u0173 bald\u0105, kuris puikiai atrodys bet kuriame moderniame interjere. \u0160i auk\u0161tos kokyb\u0117s meistri\u0161kumo pagaminta knyg\u0173 lentyna su\u017eav\u0117s minimalistine estetika ir prakti\u0161kumu. Jos matmenys \u2013 62 cm plo\u010dio, 198,5 cm auk\u0161\u010dio ir 42,2 cm gylio \u2013 leid\u017eia patogiai laikyti knygas, albumus ir \u012fvairius aksesuarus. Eleganti\u0161ka balta apdaila \u017eavi ir puikiai dera su bet kokio kambario spalv\u0173 gama. Pagaminta i\u0161 auk\u0161\u010diausios kokyb\u0117s laminuotos plok\u0161t\u0117s ir MDF, \u0161i lentyna garantuoja ilgaam\u017ei\u0161kum\u0105 ir atsparum\u0105 kasdieniam naudojimui. Laminuota plok\u0161t\u0117 \u2013 tai med\u017eiaga, \u017einoma d\u0117l savo patvarumo, ne tik apsauganti pavir\u0161i\u0173 nuo \u012fbr\u0117\u017eim\u0173, bet ir u\u017etikrinanti lengv\u0105 valym\u0105. Dr\u0117gmei ir auk\u0161tai temperat\u016brai atspari danga daro \u201eNVIR01\u201c knyg\u0173 lentyn\u0105 puikiu pasirinkimu \u012fvairioms aplinkoms. Jos modern\u0173 dizain\u0105 papildo sistema be ranken\u0117li\u0173 ir rutulini\u0173 guoli\u0173 b\u0117geliai, kurie suteikia pilno i\u0161traukimo stal\u010dius, kad b\u016bt\u0173 lengva pasiekti j\u0173 turin\u012f. \u0160is sprendimas yra ne tik prakti\u0161kas, bet ir atitinka naujausias interjero dizaino tendencijas. Lentynos korpusas pagamintas i\u0161 laminuotos med\u017eio dro\u017eli\u0173 plok\u0161t\u0117s, o priekin\u0117 dalis \u2013 i\u0161 MDF, tod\u0117l konstrukcija yra tvirta ir stabili.<\/p>","protected":false},"excerpt":{"rendered":"<p>Plotis (cm): 62<br \/>\n\u016agis (cm): 198,5<br \/>\nGylis (cm): 42,2<\/p>","protected":false},"featured_media":163864,"comment_status":"open","ping_status":"open","template":"","meta":[],"product_brand":[],"product_cat":[9492,4107,1987],"product_tag":[],"class_list":{"0":"post-163863","1":"product","2":"type-product","3":"status-publish","4":"has-post-thumbnail","6":"product_cat-furniture-system-novi-wojcik-meble","7":"product_cat-meble-wojcik","8":"product_cat-shelving-units","10":"first","11":"instock","12":"purchasable","13":"product-type-simple"},"_links":{"self":[{"href":"https:\/\/baldumarket.lt\/lt\/wp-json\/wp\/v2\/product\/163863","targetHints":{"allow":["GET"]}}],"collection":[{"href":"https:\/\/baldumarket.lt\/lt\/wp-json\/wp\/v2\/product"}],"about":[{"href":"https:\/\/baldumarket.lt\/lt\/wp-json\/wp\/v2\/types\/product"}],"replies":[{"embeddable":true,"href":"https:\/\/baldumarket.lt\/lt\/wp-json\/wp\/v2\/comments?post=163863"}],"wp:featuredmedia":[{"embeddable":true,"href":"https:\/\/baldumarket.lt\/lt\/wp-json\/wp\/v2\/media\/163864"}],"wp:attachment":[{"href":"https:\/\/baldumarket.lt\/lt\/wp-json\/wp\/v2\/media?parent=163863"}],"wp:term":[{"taxonomy":"product_brand","embeddable":true,"href":"https:\/\/baldumarket.lt\/lt\/wp-json\/wp\/v2\/product_brand?post=163863"},{"taxonomy":"product_cat","embeddable":true,"href":"https:\/\/baldumarket.lt\/lt\/wp-json\/wp\/v2\/product_cat?post=163863"},{"taxonomy":"product_tag","embeddable":true,"href":"https:\/\/baldumarket.lt\/lt\/wp-json\/wp\/v2\/product_tag?post=163863"}],"curies":[{"name":"wp","href":"https:\/\/api.w.org\/{rel}","templated":true}]}}