{"id":163857,"date":"2025-12-19T13:03:57","date_gmt":"2025-12-19T10:03:57","guid":{"rendered":"https:\/\/baldumarket.lt\/product\/novi-nvib01-biurko-1d1s-biale\/"},"modified":"2026-04-06T19:47:08","modified_gmt":"2026-04-06T16:47:08","slug":"novi-nvib01-biurko-1d1s-biale","status":"publish","type":"product","link":"https:\/\/baldumarket.lt\/lt\/product\/novi-nvib01-biurko-1d1s-biale\/","title":{"rendered":"Novi NVIB01 &#8211; Ra\u0161omasis stalas 1D1S, baltas"},"content":{"rendered":"<p>Atraskite funkcionalum\u0105, derinant\u012f su moderniu dizainu, su \u201eNovi NVIB01 \u2013 1D1S\u201c baltu ra\u0161omuoju stalu. Sukurtas tiems, kurie vertina minimalistinius sprendimus, elegancij\u0105 ir auk\u0161tos kokyb\u0117s meistri\u0161kum\u0105, tai puiki vieta mokytis, dirbti ar u\u017esiimti k\u016bryba. Stalo dizainas \u012fkv\u0117ptas naujausi\u0173 interjero dizaino tendencij\u0173. Jo modern\u0173 stili\u0173 pabr\u0117\u017eia paprastos, geometrin\u0117s linijos, kurios puikiai atrodys tiek studento kambaryje, tiek nam\u0173 biure. Patraukli balta apdaila suteikia interjerui lengvumo ir gaivos poj\u016bt\u012f. Tai daugiau nei baldas \u2013 jis papildo dinami\u0161k\u0105 erdv\u0119. Kalbant apie prakti\u0161kum\u0105, \u201eNovi NVIB01\u201c ra\u0161omasis stalas yra nepralenkiamas. Plat\u016bs stalvir\u0161io matmenys \u2013 130 cm plo\u010dio, 75 cm auk\u0161\u010dio ir 60 cm gylio \u2013 suteikia patogi\u0105 erdv\u0119 darbui ir mokymuisi. Stale naudojamos med\u017eiagos, tokios kaip laminuota plok\u0161t\u0117 ir MDF, garantuoja jo patvarum\u0105 ir atsparum\u0105 kasdieniams i\u0161\u0161\u016bkiams, tokiems kaip \u012fbr\u0117\u017eimai, dr\u0117gmei ir auk\u0161tai temperat\u016brai.<\/p>","protected":false},"excerpt":{"rendered":"<p>Plotis (cm): 130<br \/>\n\u016agis (cm): 75<br \/>\nGylis (cm): 60<\/p>","protected":false},"featured_media":163858,"comment_status":"open","ping_status":"open","template":"","meta":[],"product_brand":[],"product_cat":[9492,1312,4107],"product_tag":[],"class_list":{"0":"post-163857","1":"product","2":"type-product","3":"status-publish","4":"has-post-thumbnail","6":"product_cat-furniture-system-novi-wojcik-meble","7":"product_cat-desks","8":"product_cat-meble-wojcik","10":"first","11":"instock","12":"purchasable","13":"product-type-simple"},"_links":{"self":[{"href":"https:\/\/baldumarket.lt\/lt\/wp-json\/wp\/v2\/product\/163857","targetHints":{"allow":["GET"]}}],"collection":[{"href":"https:\/\/baldumarket.lt\/lt\/wp-json\/wp\/v2\/product"}],"about":[{"href":"https:\/\/baldumarket.lt\/lt\/wp-json\/wp\/v2\/types\/product"}],"replies":[{"embeddable":true,"href":"https:\/\/baldumarket.lt\/lt\/wp-json\/wp\/v2\/comments?post=163857"}],"wp:featuredmedia":[{"embeddable":true,"href":"https:\/\/baldumarket.lt\/lt\/wp-json\/wp\/v2\/media\/163858"}],"wp:attachment":[{"href":"https:\/\/baldumarket.lt\/lt\/wp-json\/wp\/v2\/media?parent=163857"}],"wp:term":[{"taxonomy":"product_brand","embeddable":true,"href":"https:\/\/baldumarket.lt\/lt\/wp-json\/wp\/v2\/product_brand?post=163857"},{"taxonomy":"product_cat","embeddable":true,"href":"https:\/\/baldumarket.lt\/lt\/wp-json\/wp\/v2\/product_cat?post=163857"},{"taxonomy":"product_tag","embeddable":true,"href":"https:\/\/baldumarket.lt\/lt\/wp-json\/wp\/v2\/product_tag?post=163857"}],"curies":[{"name":"wp","href":"https:\/\/api.w.org\/{rel}","templated":true}]}}