{"id":163851,"date":"2025-12-19T13:03:44","date_gmt":"2025-12-19T10:03:44","guid":{"rendered":"https:\/\/baldumarket.lt\/product\/stol-rozkladany-mwst04-160-240-dab-catania-czarny\/"},"modified":"2026-02-03T23:30:17","modified_gmt":"2026-02-03T20:30:17","slug":"stol-rozkladany-mwst04-160-240-dab-catania-czarny","status":"publish","type":"product","link":"https:\/\/baldumarket.lt\/lt\/product\/stol-rozkladany-mwst04-160-240-dab-catania-czarny\/","title":{"rendered":"I\u0161traukiamas stalas MWST04 160-240 Catania \u0105\u017euolas\/juoda"},"content":{"rendered":"<p>Pristatome MWST04 stal\u0105 \u2013 160\u2013240 x 90 Catania \u0105\u017euolo\/juodo atspalvio \u2013 j\u016bs\u0173 valgomojo karalyst\u0117s \u0161ird\u012f, kurioje modernumas ir funkcionalumas dera su eleganti\u0161ku dizainu. Sukurtas dinami\u0161koms, \u0161iuolaiki\u0161koms erdv\u0117ms, kur svarbus kiekvienas centimetras, \u0161is stalas praturtina ir palengvina kasdien\u012f gyvenim\u0105. Jo plotis yra 160 cm, ta\u010diau d\u0117l i\u0161maniai suprojektuoto mechanizmo stal\u0105 galima prailginti iki \u012fsp\u016bding\u0173 240 cm, taip sukuriant erdv\u0119 didesniems \u0161eimos susib\u016brimams ar draug\u0173 susitikimams. Pridedami 40 cm plo\u010dio prailginimai leid\u017eia palaipsniui ilginti stalo ilg\u012f ir yra visi\u0161kai pasl\u0117pti po stalvir\u0161iu, tod\u0117l nereikia papildomos vietos daiktams laikyti. Pagamintas i\u0161 auk\u0161tos kokyb\u0117s laminuotos plok\u0161t\u0117s, stalas yra patvarus ir lengvai valomas \u2013 moderni technologija su tradicine i\u0161vaizda. Stalvir\u0161is ir r\u0117mo elementai, pagaminti i\u0161 tos pa\u010dios plok\u0161t\u0117s, gra\u017eiai kontrastuoja su metalin\u0117mis kojel\u0117mis, u\u017etikrindami stabilum\u0105 ir tvirtum\u0105, kuriuo tikrai galite pasikliauti ilgus metus.<\/p>","protected":false},"excerpt":{"rendered":"<p>Plotis (cm): 160\u2013240<br \/>\n\u016agis (cm): 78<br \/>\nGylis (cm): 90<\/p>","protected":false},"featured_media":163852,"comment_status":"open","ping_status":"open","template":"","meta":[],"product_brand":[],"product_cat":[4107,1934],"product_tag":[],"class_list":{"0":"post-163851","1":"product","2":"type-product","3":"status-publish","4":"has-post-thumbnail","6":"product_cat-meble-wojcik","7":"product_cat-tables","9":"first","10":"instock","11":"purchasable","12":"product-type-simple"},"_links":{"self":[{"href":"https:\/\/baldumarket.lt\/lt\/wp-json\/wp\/v2\/product\/163851","targetHints":{"allow":["GET"]}}],"collection":[{"href":"https:\/\/baldumarket.lt\/lt\/wp-json\/wp\/v2\/product"}],"about":[{"href":"https:\/\/baldumarket.lt\/lt\/wp-json\/wp\/v2\/types\/product"}],"replies":[{"embeddable":true,"href":"https:\/\/baldumarket.lt\/lt\/wp-json\/wp\/v2\/comments?post=163851"}],"wp:featuredmedia":[{"embeddable":true,"href":"https:\/\/baldumarket.lt\/lt\/wp-json\/wp\/v2\/media\/163852"}],"wp:attachment":[{"href":"https:\/\/baldumarket.lt\/lt\/wp-json\/wp\/v2\/media?parent=163851"}],"wp:term":[{"taxonomy":"product_brand","embeddable":true,"href":"https:\/\/baldumarket.lt\/lt\/wp-json\/wp\/v2\/product_brand?post=163851"},{"taxonomy":"product_cat","embeddable":true,"href":"https:\/\/baldumarket.lt\/lt\/wp-json\/wp\/v2\/product_cat?post=163851"},{"taxonomy":"product_tag","embeddable":true,"href":"https:\/\/baldumarket.lt\/lt\/wp-json\/wp\/v2\/product_tag?post=163851"}],"curies":[{"name":"wp","href":"https:\/\/api.w.org\/{rel}","templated":true}]}}