{"id":163842,"date":"2025-12-19T13:03:23","date_gmt":"2025-12-19T10:03:23","guid":{"rendered":"https:\/\/baldumarket.lt\/product\/merano-meos01-szafa-2-drzwiowa-biala\/"},"modified":"2026-04-06T19:47:08","modified_gmt":"2026-04-06T16:47:08","slug":"merano-meos01-szafa-2-drzwiowa-biala","status":"publish","type":"product","link":"https:\/\/baldumarket.lt\/lt\/product\/merano-meos01-szafa-2-drzwiowa-biala\/","title":{"rendered":"Merano MEOS01 &#8211; Dviej\u0173 dur\u0173 spinta, balta"},"content":{"rendered":"<p>Suteikite savo erdvei prabangos ir paprastumo su \u201eMerano MEOS01\u201c dviej\u0173 dur\u0173 spinta \u2013 modernaus minimalizmo ir elegancijos \u012fsik\u016bnijimu. \u0160is nesenstantis baldas puikiai tinka bet kokiems namams, nes jo Alpi\u0173 baltumo apdaila sukuria \u0161viesumo ir erdv\u0117s atmosfer\u0105. \u201eMerano MEOS01\u201c yra ne tik spinta; tai stilingas dekoratyvinis elementas, kuris suteiks j\u016bs\u0173 prie\u0161kambariui prabangaus dizaino akcent\u0105.<\/p>\n<p>Pagaminta i\u0161 auk\u0161\u010diausios kokyb\u0117s laminuotos plok\u0161t\u0117s ir MDF, \u0161i 59 cm plo\u010dio, 197 cm auk\u0161\u010dio ir vos 37 cm gylio spinta puikiai tinka net ir ma\u017eesn\u0117ms erdv\u0117ms. Paprasto dizaino spinta pasi\u017eymi blizgiais baltais fasadais, kurie gra\u017eiai atspindi \u0161vies\u0105 ir suteikia interjerui lengvumo.<\/p>\n<p>Tos pa\u010dios kokyb\u0117s plastikin\u0117s rankenos ir kojel\u0117s garantuoja ne tik esteti\u0161k\u0105 i\u0161vaizd\u0105, bet ir stabilum\u0105 bei naudojimo patogum\u0105. Subtilus ra\u0161tas spintos priekyje sukuria unikal\u0173 efekt\u0105, kuris prad\u017eiugins minimalizmo m\u0117g\u0117jus. Metalin\u0117s drabu\u017ei\u0173 pakabos ir lentynos spintos viduje suteikia vietos visiems j\u016bs\u0173 brangiausiems daiktams.<\/p>\n<p>D\u0117l pasl\u0117pt\u0173 vyri\u0173 galite b\u016bti tikri, kad j\u016bs\u0173 naujos spintos durys ilgai veiks nepriekai\u0161tingai. \u201eMerano MEOS01\u201c spinta puikiai der\u0117s prie toki\u0173 tendencij\u0173 kaip modernus, minimalistinis, glam\u016brinis ir \u201eHamptons\u201c stilius. Balta spalv\u0173 gama skatina eksperimentuoti su skirtingomis spalv\u0173 palet\u0117mis ir med\u017eiagomis likusioje interjero dalyje. Tai daugiau nei baldas \u2013 tai tikras j\u016bs\u0173 nam\u0173 akcentas.<\/p>\n<p>Pasirinkdami \u201eMerano MEOS01\u201c spint\u0105, renkat\u0117s bald\u0105, kurio funkcionalumas ir eleganti\u0161kas dizainas visi\u0161kai atitinka \u0161iuolaikinio vartotojo, vertinan\u010dio apgalvotus sprendimus ir nesenstant\u012f gro\u017e\u012f, l\u016bkes\u010dius. Praskaidrinkite savo erdv\u0119 balta \u201eMerano\u201c spinta ir m\u0117gaukit\u0117s kasdieniu komfortu bei stiliumi, b\u016bdingu \u0161iam nepaprastam baldui.<\/p>","protected":false},"excerpt":{"rendered":"<p>Plotis (cm): 59<br \/>\n\u016agis (cm): 197<br \/>\nGylis (cm): 37<\/p>","protected":false},"featured_media":163843,"comment_status":"open","ping_status":"open","template":"","meta":[],"product_brand":[],"product_cat":[9490,4107,1177],"product_tag":[],"class_list":{"0":"post-163842","1":"product","2":"type-product","3":"status-publish","4":"has-post-thumbnail","6":"product_cat-furniture-system-merano-wojcik-meble","7":"product_cat-meble-wojcik","8":"product_cat-wardrobes","10":"first","11":"instock","12":"purchasable","13":"product-type-simple"},"_links":{"self":[{"href":"https:\/\/baldumarket.lt\/lt\/wp-json\/wp\/v2\/product\/163842","targetHints":{"allow":["GET"]}}],"collection":[{"href":"https:\/\/baldumarket.lt\/lt\/wp-json\/wp\/v2\/product"}],"about":[{"href":"https:\/\/baldumarket.lt\/lt\/wp-json\/wp\/v2\/types\/product"}],"replies":[{"embeddable":true,"href":"https:\/\/baldumarket.lt\/lt\/wp-json\/wp\/v2\/comments?post=163842"}],"wp:featuredmedia":[{"embeddable":true,"href":"https:\/\/baldumarket.lt\/lt\/wp-json\/wp\/v2\/media\/163843"}],"wp:attachment":[{"href":"https:\/\/baldumarket.lt\/lt\/wp-json\/wp\/v2\/media?parent=163842"}],"wp:term":[{"taxonomy":"product_brand","embeddable":true,"href":"https:\/\/baldumarket.lt\/lt\/wp-json\/wp\/v2\/product_brand?post=163842"},{"taxonomy":"product_cat","embeddable":true,"href":"https:\/\/baldumarket.lt\/lt\/wp-json\/wp\/v2\/product_cat?post=163842"},{"taxonomy":"product_tag","embeddable":true,"href":"https:\/\/baldumarket.lt\/lt\/wp-json\/wp\/v2\/product_tag?post=163842"}],"curies":[{"name":"wp","href":"https:\/\/api.w.org\/{rel}","templated":true}]}}