{"id":163832,"date":"2025-12-19T13:03:02","date_gmt":"2025-12-19T10:03:02","guid":{"rendered":"https:\/\/baldumarket.lt\/product\/merano-meog05-panel-wieszak-wysoki-bialy\/"},"modified":"2026-04-06T19:47:08","modified_gmt":"2026-04-06T16:47:08","slug":"merano-meog05-panel-wieszak-wysoki-bialy","status":"publish","type":"product","link":"https:\/\/baldumarket.lt\/lt\/product\/merano-meog05-panel-wieszak-wysoki-bialy\/","title":{"rendered":"Merano MEOG05 \u2013 auk\u0161tas baltas pakabos skydelis"},"content":{"rendered":"<p>Susipa\u017einkite su \u201eMerano MEOG05\u201c \u2013 auk\u0161ta sienine panele, kuri pavers j\u016bs\u0173 prie\u0161kambar\u012f tvarkos ir modernaus stiliaus oaze. Sukurta galvojant apie dinami\u0161k\u0105 gyvenimo b\u016bd\u0105, \u201eMerano\u201c panel\u0117 bus j\u016bs\u0173 s\u0105junginink\u0117 i\u0161laikant tobul\u0105 tvark\u0105, net kai kasdien\u0117s i\u0161vykos tampa tikru logistiniu i\u0161\u0161\u016bkiu. Panel\u0117s matmenys yra puikiai subalansuoti: beveik metro plo\u010dio (95,9 cm), tod\u0117l ji i\u0161skirtinai erdvi, ta\u010diau kompakti\u0161ka, 90 cm auk\u0161\u010dio ir 25 cm gylio. \u0160is sprendimas tinka tiek didesn\u0117ms erdv\u0117ms, tiek ma\u017eesniems prie\u0161kambariams, kuriems reikalingas sumanus erdv\u0117s panaudojimas.<\/p>\n<p>Plok\u0161t\u0117s gamybai naudojamos laminuotos plok\u0161t\u0117s ir MDF derinys, u\u017etikrinantis patvarum\u0105 ir lengv\u0105 prie\u017ei\u016br\u0105. \u201eMerano\u201c kolekcijos plok\u0161t\u0117s atitinka naujausias dizaino tendencijas, patenkindamos net ir i\u0161rankiausi\u0173 estet\u0173 poreikius. Balta spalv\u0173 gama suteikia interjerui gaivumo ir elegancijos, suteikdama jam charakterio tiek klasikin\u0117je, tiek blizgioje versijoje \u2013 j\u016bs sprend\u017eiate, kuri\u0105 baltos spalvos versij\u0105 pasirinkti. \u201eMerano\u201c sienin\u0117 plok\u0161t\u0117 apr\u016bpinta funkciniais elementais, kurie patenkins visos \u0161eimos poreikius. Joje yra prakti\u0161ka lentyna kepur\u0117ms ir kitiems aksesuarams, du trumpi b\u0117geliai, idealiai tinkantys pakaboms pakabinti, ir keturi kabliukai apa\u010dioje, patog\u016bs vir\u0161utiniams drabu\u017eiams \u2013 tiek trumpiems, tiek ilgiems \u2013 pakabinti. Kruop\u0161\u010diai apgalvotas \u0161i\u0173 element\u0173 i\u0161d\u0117stymas skatina vaik\u0173 savaranki\u0161kum\u0105 ir leid\u017eia lengvai sutvarkyti drabu\u017eius bei aksesuarus, u\u017etikrinant lengv\u0105 prieig\u0105 prie j\u0173.<br \/>\n\u201eMerano MEOG05\u201c sienin\u0117 plok\u0161t\u0117 puikiai tiks \u012fvairiuose interjeruose \u2013 nuo modernaus ir minimalistinio iki prabangaus \u017eavesio ar nepretenzingo \u201eHamptons\u201c stiliaus. Nepriklausomai nuo dekoratyvinio motyvo, \u0161i sienin\u0117 plok\u0161t\u0117 tikrai bus prakti\u0161kas ir stilingas j\u016bs\u0173 nam\u0173 papildymas. Sumanus estetikos ir prakti\u0161kumo derinys paver\u010dia j\u0105 ne tik baldu, bet ir pagrindiniu elementu, kuris pad\u0117s palaikyti kasdien\u0119 tvark\u0105 ir suteiks j\u016bs\u0173 prie\u0161kambariui unikal\u0173 charakter\u012f.<\/p>","protected":false},"excerpt":{"rendered":"<p>Plotis (cm): 95,9<br \/>\n\u016agis (cm): 90<br \/>\nGylis (cm): 25<\/p>","protected":false},"featured_media":163833,"comment_status":"open","ping_status":"open","template":"","meta":[],"product_brand":[],"product_cat":[9490,1931,4107],"product_tag":[],"class_list":{"0":"post-163832","1":"product","2":"type-product","3":"status-publish","4":"has-post-thumbnail","6":"product_cat-furniture-system-merano-wojcik-meble","7":"product_cat-hangers","8":"product_cat-meble-wojcik","10":"first","11":"instock","12":"purchasable","13":"product-type-simple"},"_links":{"self":[{"href":"https:\/\/baldumarket.lt\/lt\/wp-json\/wp\/v2\/product\/163832","targetHints":{"allow":["GET"]}}],"collection":[{"href":"https:\/\/baldumarket.lt\/lt\/wp-json\/wp\/v2\/product"}],"about":[{"href":"https:\/\/baldumarket.lt\/lt\/wp-json\/wp\/v2\/types\/product"}],"replies":[{"embeddable":true,"href":"https:\/\/baldumarket.lt\/lt\/wp-json\/wp\/v2\/comments?post=163832"}],"wp:featuredmedia":[{"embeddable":true,"href":"https:\/\/baldumarket.lt\/lt\/wp-json\/wp\/v2\/media\/163833"}],"wp:attachment":[{"href":"https:\/\/baldumarket.lt\/lt\/wp-json\/wp\/v2\/media?parent=163832"}],"wp:term":[{"taxonomy":"product_brand","embeddable":true,"href":"https:\/\/baldumarket.lt\/lt\/wp-json\/wp\/v2\/product_brand?post=163832"},{"taxonomy":"product_cat","embeddable":true,"href":"https:\/\/baldumarket.lt\/lt\/wp-json\/wp\/v2\/product_cat?post=163832"},{"taxonomy":"product_tag","embeddable":true,"href":"https:\/\/baldumarket.lt\/lt\/wp-json\/wp\/v2\/product_tag?post=163832"}],"curies":[{"name":"wp","href":"https:\/\/api.w.org\/{rel}","templated":true}]}}