{"id":163824,"date":"2025-12-19T13:02:44","date_gmt":"2025-12-19T10:02:44","guid":{"rendered":"https:\/\/baldumarket.lt\/product\/merano-meog03-szafka-na-buty-2-drzwiowa-niska-biala\/"},"modified":"2026-04-06T19:47:08","modified_gmt":"2026-04-06T16:47:08","slug":"merano-meog03-szafka-na-buty-2-drzwiowa-niska-biala","status":"publish","type":"product","link":"https:\/\/baldumarket.lt\/lt\/product\/merano-meog03-szafka-na-buty-2-drzwiowa-niska-biala\/","title":{"rendered":"Merano MEOG03 &#8211; \u017dema 2 dur\u0173 bat\u0173 spintel\u0117, balta"},"content":{"rendered":"<p>Jei ie\u0161kote baldo, kuris subtiliai sutvarkyt\u0173 j\u016bs\u0173 erdv\u0119 ir suteikt\u0173 eleganti\u0161ko akcento j\u016bs\u0173 prie\u0161kambariui, apsvarstykite \u201eMerano MEOG03\u201c \u2013 \u017eem\u0105 baltos spalvos bat\u0173 spintel\u0119 su dviem durimis. \u0160i unikali spintel\u0117 sujungia funkcionalum\u0105 ir modern\u0173 dizain\u0105, sukurta taip, kad atitikt\u0173 net ir reikliausi\u0173 interjer\u0173 poreikius.<\/p>\n<p>Pagaminta i\u0161 auk\u0161tos kokyb\u0117s laminuotos plok\u0161t\u0117s ir MDF, \u201eMerano\u201c spintel\u0117 u\u017etikrina patvarum\u0105 ir ilgaam\u017ei\u0161kum\u0105. Jos Alpi\u0173 balta spalva suteikia gaivumo ir pagyvina erdv\u0119, puikiai der\u0117dama su bet kokia kita spalva ir interjero stiliumi. Modernus \u201eMerano MEOG03\u201c spintel\u0117s stilius puikiai papildys minimalistin\u012f, Hamptons stiliaus ar prabang\u0173 interjer\u0105.<\/p>\n<p>Spintel\u0117s matmenys (plotis: 95,9 cm, auk\u0161tis: 51 cm, gylis: 39 cm) yra kruop\u0161\u010diai suplanuoti, kad net ir ma\u017eame koridoriuje b\u016bt\u0173 pakankamai vietos daiktams susid\u0117ti. Ergonomi\u0161kas \u0161io baldo dizainas yra ne tik prakti\u0161kas, bet ir harmoningai \u012fsilieja \u012f kambario harmonij\u0105.<br \/>\n\u201eMerano\u201c spintel\u0117s MDF fasadas kartu su laminuotos med\u017eio dro\u017eli\u0173 plok\u0161t\u0117s korpusu sukuria darni\u0105 ir esteti\u0161kai patraukli\u0105 visum\u0105. Pasl\u0117pti vyriai u\u017etikrina tyl\u0173 ir skland\u0173 dureli\u0173 veikim\u0105. Be to, plastikin\u0117s rankenos ir kojel\u0117s u\u017etikrina stabilum\u0105 ir apgalvotas detales, \u012fskaitant patogi\u0105 pilk\u0105 s\u0117dyn\u0119 su nuimamu u\u017evalkalu \u2013 ne tik prakti\u0161k\u0105, bet ir esteti\u0161kai patraukli\u0105, leid\u017eian\u010di\u0105 greitai ir lengvai valyti.<br \/>\n\u201eMerano MEOG03\u201c bat\u0173 spintel\u0117 ne tik erdviai laiko batus, bet ir yra eleganti\u0161kas bei funkcionalus bet kurio prie\u0161kambario papildymas. Ji yra didesn\u0117s bald\u0173 kolekcijos dalis, tod\u0117l j\u0105 galima pritaikyti individualiems poreikiams, tod\u0117l ji lengvai atitiks kiekvieno, ie\u0161kan\u010dio ne tik prakti\u0161k\u0173, bet ir gra\u017ei\u0173 sprendim\u0173 savo namams, skon\u012f.<\/p>","protected":false},"excerpt":{"rendered":"<p>Plotis (cm): 95,9<br \/>\n\u016agis (cm): 51<br \/>\nGylis (cm): 39<\/p>","protected":false},"featured_media":163825,"comment_status":"open","ping_status":"open","template":"","meta":[],"product_brand":[],"product_cat":[9490,4107,1997],"product_tag":[],"class_list":{"0":"post-163824","1":"product","2":"type-product","3":"status-publish","4":"has-post-thumbnail","6":"product_cat-furniture-system-merano-wojcik-meble","7":"product_cat-meble-wojcik","8":"product_cat-shoe-cabinets","10":"first","11":"instock","12":"purchasable","13":"product-type-simple"},"_links":{"self":[{"href":"https:\/\/baldumarket.lt\/lt\/wp-json\/wp\/v2\/product\/163824","targetHints":{"allow":["GET"]}}],"collection":[{"href":"https:\/\/baldumarket.lt\/lt\/wp-json\/wp\/v2\/product"}],"about":[{"href":"https:\/\/baldumarket.lt\/lt\/wp-json\/wp\/v2\/types\/product"}],"replies":[{"embeddable":true,"href":"https:\/\/baldumarket.lt\/lt\/wp-json\/wp\/v2\/comments?post=163824"}],"wp:featuredmedia":[{"embeddable":true,"href":"https:\/\/baldumarket.lt\/lt\/wp-json\/wp\/v2\/media\/163825"}],"wp:attachment":[{"href":"https:\/\/baldumarket.lt\/lt\/wp-json\/wp\/v2\/media?parent=163824"}],"wp:term":[{"taxonomy":"product_brand","embeddable":true,"href":"https:\/\/baldumarket.lt\/lt\/wp-json\/wp\/v2\/product_brand?post=163824"},{"taxonomy":"product_cat","embeddable":true,"href":"https:\/\/baldumarket.lt\/lt\/wp-json\/wp\/v2\/product_cat?post=163824"},{"taxonomy":"product_tag","embeddable":true,"href":"https:\/\/baldumarket.lt\/lt\/wp-json\/wp\/v2\/product_tag?post=163824"}],"curies":[{"name":"wp","href":"https:\/\/api.w.org\/{rel}","templated":true}]}}