{"id":163820,"date":"2025-12-19T13:02:35","date_gmt":"2025-12-19T10:02:35","guid":{"rendered":"https:\/\/baldumarket.lt\/product\/merano-meog04-panel-wieszak-bialy\/"},"modified":"2026-04-06T19:46:58","modified_gmt":"2026-04-06T16:46:58","slug":"merano-meog04-panel-wieszak-bialy","status":"publish","type":"product","link":"https:\/\/baldumarket.lt\/lt\/product\/merano-meog04-panel-wieszak-bialy\/","title":{"rendered":"Merano MEOG04 \u2013 baltas pakabos skydelis"},"content":{"rendered":"<p>Atraskite funkcional\u0173 \u201eMerano MEOG04\u201c gro\u017e\u012f \u2013 moderni\u0105 sienin\u0119 plok\u0161t\u0119, kuri puikiai derina prakti\u0161kum\u0105 ir eleganti\u0161k\u0105 dizain\u0105. Sukurta atsi\u017evelgiant \u012f estetinius ir organizacinius j\u016bs\u0173 nam\u0173 poreikius, auk\u0161\u010diausios kokyb\u0117s med\u017eiagos u\u017etikrins ilgaam\u017ei\u0161kum\u0105. Pritaikyta prie bet kokio prie\u0161kambario formos, ji bus ne tik prakti\u0161ka, bet ir unikalus dekoratyvinis elementas.<\/p>\n<p>\u201eMerano MEOG04\u201c yra kolekcijos, kurioje dera modernumas ir funkcionalumas, dalis. Jos 30 cm plo\u010dio, 152 cm auk\u0161\u010dio ir 23 cm gylio pavir\u0161ius puikiai tinka laikyti visus ma\u017eus spintos daiktus, kuriuos visada norite tur\u0117ti po ranka. Pakankamai siauras, kad neu\u017eimt\u0173 per daug vietos, ta\u010diau jame yra daug vietos daiktams susid\u0117ti.<\/p>\n<p>Plok\u0161t\u0117 pagaminta i\u0161 dviej\u0173 auk\u0161tos kokyb\u0117s med\u017eiag\u0173 \u2013 laminuotos plok\u0161t\u0117s ir MDF \u2013 derinio, u\u017etikrinan\u010dio patvarum\u0105 ir stiling\u0105 i\u0161vaizd\u0105. Matin\u0117 Alpi\u0173 baltumo apdaila kartu su blizgiais elementais suteikia baldui ne tik modern\u0173 charakter\u012f, bet ir puikiai pabr\u0117\u017eia jo elegancij\u0105. Stilius, kuris puikiai tiks tiek prabangiose erdv\u0117se, tiek minimalistiniame, moderniame interjere.<br \/>\n\u201eMerano\u201c korpusas pagamintas i\u0161 laminuotos med\u017eio dro\u017eli\u0173 plok\u0161t\u0117s, u\u017etikrinan\u010dios lengv\u0105 valym\u0105, ir MDF, \u017einomos d\u0117l savo patvarumo. Pridedamos plastikin\u0117s pakabos yra ne tik prakti\u0161kos, bet ir esteti\u0161kai patrauklios, dar labiau padidindamos baldo naudojimo vert\u0119. \u201eMerano\u201c sienin\u0117 plok\u0161t\u0117 turi pakab\u0173 b\u0117gel\u012f, kepuri\u0173 lentyn\u0105 ir \u012fvairaus auk\u0161\u010dio kabliukus, tod\u0117l lengva sutvarkyti daiktus ir pritaikyti juos prie kiekvieno naudotojo asmenini\u0173 poreiki\u0173.<br \/>\n\u012erenkite \u201eMerano MEOG04\u201c sienin\u0119 plok\u0161t\u0119 savo prie\u0161kambaryje ir m\u0117gaukit\u0117s puikaus dizaino bei komforto deriniu. Grynai balta spalva puikiai papildys baltas sienas ir grindis, ypa\u010d jei naudosite dideles, baltas marmuro imitacijos grind\u0173 plyteles. Rafinuota estetika ir prakti\u0161kumas paver\u010dia \u0161i\u0105 sienin\u0119 plok\u0161t\u0119 b\u016btinu baldu bet kuriame prie\u0161kambaryje, kuriame vertinama tvarka ir modernus, rafinuotas stilius.<\/p>","protected":false},"excerpt":{"rendered":"<p>Plotis (cm): 30<br \/>\n\u016agis (cm): 152<br \/>\nGylis (cm): 23<\/p>","protected":false},"featured_media":163821,"comment_status":"open","ping_status":"open","template":"","meta":[],"product_brand":[],"product_cat":[9490,1931,4107],"product_tag":[],"class_list":{"0":"post-163820","1":"product","2":"type-product","3":"status-publish","4":"has-post-thumbnail","6":"product_cat-furniture-system-merano-wojcik-meble","7":"product_cat-hangers","8":"product_cat-meble-wojcik","10":"first","11":"instock","12":"purchasable","13":"product-type-simple"},"_links":{"self":[{"href":"https:\/\/baldumarket.lt\/lt\/wp-json\/wp\/v2\/product\/163820","targetHints":{"allow":["GET"]}}],"collection":[{"href":"https:\/\/baldumarket.lt\/lt\/wp-json\/wp\/v2\/product"}],"about":[{"href":"https:\/\/baldumarket.lt\/lt\/wp-json\/wp\/v2\/types\/product"}],"replies":[{"embeddable":true,"href":"https:\/\/baldumarket.lt\/lt\/wp-json\/wp\/v2\/comments?post=163820"}],"wp:featuredmedia":[{"embeddable":true,"href":"https:\/\/baldumarket.lt\/lt\/wp-json\/wp\/v2\/media\/163821"}],"wp:attachment":[{"href":"https:\/\/baldumarket.lt\/lt\/wp-json\/wp\/v2\/media?parent=163820"}],"wp:term":[{"taxonomy":"product_brand","embeddable":true,"href":"https:\/\/baldumarket.lt\/lt\/wp-json\/wp\/v2\/product_brand?post=163820"},{"taxonomy":"product_cat","embeddable":true,"href":"https:\/\/baldumarket.lt\/lt\/wp-json\/wp\/v2\/product_cat?post=163820"},{"taxonomy":"product_tag","embeddable":true,"href":"https:\/\/baldumarket.lt\/lt\/wp-json\/wp\/v2\/product_tag?post=163820"}],"curies":[{"name":"wp","href":"https:\/\/api.w.org\/{rel}","templated":true}]}}