{"id":163814,"date":"2025-12-19T13:02:21","date_gmt":"2025-12-19T10:02:21","guid":{"rendered":"https:\/\/baldumarket.lt\/product\/lyon-lyov04l-witryna-lewostronna-2-drzwiowa-dab-riviera-jasna-biala\/"},"modified":"2026-02-08T17:54:13","modified_gmt":"2026-02-08T14:54:13","slug":"lyon-lyov04l-witryna-lewostronna-2-drzwiowa-dab-riviera-jasna-biala","status":"publish","type":"product","link":"https:\/\/baldumarket.lt\/lt\/product\/lyon-lyov04l-witryna-lewostronna-2-drzwiowa-dab-riviera-jasna-biala\/","title":{"rendered":"Lionas LYOV04L \u2013 Kairin\u0117 2 dur\u0173 vitrina, \u201eRiviera Oak\u201c \u0161viesi\/balta"},"content":{"rendered":"<p>Atraskite paauksuot\u0105 modernumo prisilietim\u0105 savo namuose su \u201cLyon LYOV04L \u2013 \u017eema 2 dur\u0173 vitrina, \u201dRiviera Oak, Light\/White\u201c spalvos. \u0160is baldas, pasi\u017eymintis paprast\u0173 linij\u0173 elegancija, atspindi precedento neturin\u010di\u0105 \u0161iltos \u201eRiviera Oak\u201c ir nekaltos baltos spalv\u0173 harmonij\u0105. Kruop\u0161\u010diai suplanuotos 107,5 cm plo\u010dio, 123,6 cm auk\u0161\u010dio ir 42 cm gylio proporcijos paver\u010dia \u0161i\u0105 vitrin\u0105 puikia vieta eksponuoti unikalius nieku\u010dius ir brangi\u0173 daikt\u0173 kolekcij\u0105. Integruotas LED blykst\u0117s ap\u0161vietimas atlieka ypating\u0105 vaidmen\u012f, i\u0161skirdamas vitrin\u0105 i\u0161 klasikini\u0173 bald\u0173 d\u0117l asimetrinio \u0161onin\u0117s ir vir\u0161utin\u0117s plok\u0161t\u0117s ap\u0161vietimo. \u0160iltos \u0161viesios spalvos ne tik pagerina \u201eRiviera Oak\u201c estetik\u0105, bet ir sukuria maloni\u0105 atmosfer\u0105 bet kuriame kambaryje. Galite j\u0105 suasmeninti \u012fsigij\u0119 papildom\u0105 lietimui jautr\u0173 \u0161viesos jungikl\u012f u\u017e rekomenduojam\u0105 61 PLN kain\u0105, kuris leis baldus valdyti dar intuityviau ir patogiau. Vitrina suprojektuota atsi\u017evelgiant \u012f maksimal\u0173 komfort\u0105. D\u0117l moderni\u0173 sistem\u0173 be ranken\u0117li\u0173 ir \u0161velnaus u\u017edarymo mechanizmo kiekvienas vitrinos dureli\u0173 atidarymas ir u\u017edarymas yra sklandus ir tylus. Priekin\u0117 dalis, kair\u0117je pus\u0117je apdailinta laminuota med\u017eio dro\u017eli\u0173 plok\u0161te, i\u0161ry\u0161kina modernaus elegancijos bruo\u017eus, o gr\u016bdintas \u201eAntisol\u201c stiklas duryse apsaugo j\u016bs\u0173 eksponatus nuo per didelio saul\u0117s spinduli\u0173 poveikio.<\/p>","protected":false},"excerpt":{"rendered":"<p>Plotis (cm): 107,5<br \/>\n\u016agis (cm): 123,6<br \/>\nGylis (cm): 42<\/p>","protected":false},"featured_media":163815,"comment_status":"open","ping_status":"open","template":"","meta":[],"product_brand":[],"product_cat":[9488,4107,2006],"product_tag":[],"class_list":{"0":"post-163814","1":"product","2":"type-product","3":"status-publish","4":"has-post-thumbnail","6":"product_cat-furniture-system-lyon-bright-wojcik-meble","7":"product_cat-meble-wojcik","8":"product_cat-vitrines","10":"first","11":"instock","12":"purchasable","13":"product-type-simple"},"_links":{"self":[{"href":"https:\/\/baldumarket.lt\/lt\/wp-json\/wp\/v2\/product\/163814","targetHints":{"allow":["GET"]}}],"collection":[{"href":"https:\/\/baldumarket.lt\/lt\/wp-json\/wp\/v2\/product"}],"about":[{"href":"https:\/\/baldumarket.lt\/lt\/wp-json\/wp\/v2\/types\/product"}],"replies":[{"embeddable":true,"href":"https:\/\/baldumarket.lt\/lt\/wp-json\/wp\/v2\/comments?post=163814"}],"wp:featuredmedia":[{"embeddable":true,"href":"https:\/\/baldumarket.lt\/lt\/wp-json\/wp\/v2\/media\/163815"}],"wp:attachment":[{"href":"https:\/\/baldumarket.lt\/lt\/wp-json\/wp\/v2\/media?parent=163814"}],"wp:term":[{"taxonomy":"product_brand","embeddable":true,"href":"https:\/\/baldumarket.lt\/lt\/wp-json\/wp\/v2\/product_brand?post=163814"},{"taxonomy":"product_cat","embeddable":true,"href":"https:\/\/baldumarket.lt\/lt\/wp-json\/wp\/v2\/product_cat?post=163814"},{"taxonomy":"product_tag","embeddable":true,"href":"https:\/\/baldumarket.lt\/lt\/wp-json\/wp\/v2\/product_tag?post=163814"}],"curies":[{"name":"wp","href":"https:\/\/api.w.org\/{rel}","templated":true}]}}