{"id":163808,"date":"2025-12-19T13:02:07","date_gmt":"2025-12-19T10:02:07","guid":{"rendered":"https:\/\/baldumarket.lt\/product\/lyon-lyop02-polka-wiszaca-140-dab-riviera-jasna-biala\/"},"modified":"2026-04-06T19:20:48","modified_gmt":"2026-04-06T16:20:48","slug":"lyon-lyop02-polka-wiszaca-140-dab-riviera-jasna-biala","status":"publish","type":"product","link":"https:\/\/baldumarket.lt\/lt\/product\/lyon-lyop02-polka-wiszaca-140-dab-riviera-jasna-biala\/","title":{"rendered":"Lionas LYOP02 \u2013 Pakabinama lentyna 140 Riviera \u0105\u017euolas \u0161viesus\/baltas"},"content":{"rendered":"<p>Atraskite nauj\u0105 dizaino lyg\u012f su stilinga \u201eLyon LYOP02\u201c sienine lentyna \u0161viesaus \u201eRiviera Oak\u201c ir baltos spalv\u0173. \u0160is modernus ir eleganti\u0161kas dekoratyvinis elementas yra nepakei\u010diamas sprendimas bet kokiam interjerui, suteikiantis j\u016bs\u0173 namams \u0161ilumos ir jaukumo. Puikus funkcionalumo ir subtilaus dizaino derinys paver\u010dia \u201eLyon\u201c lentyn\u0105 fantasti\u0161ku pasirinkimu tiems, kurie vertina minimalizm\u0105 ir harmonij\u0105. 140 cm plo\u010dio, 25 cm auk\u0161\u010dio ir 20,1 cm gylio lentyna puikiai tinka m\u0117gstamoms knygoms, augalams ar dekoratyviniams daiktams eksponuoti. Prakti\u0161ka, laminuota med\u017eio dro\u017eli\u0173 plok\u0161t\u0117 u\u017etikrina patvarum\u0105 ir lengv\u0105 valym\u0105. Be to, galin\u0117 plok\u0161t\u0117 neleid\u017eia daiktams slysti ir suteikia stabil\u0173 pagrind\u0105. Pagaminta i\u0161 laminuotos plok\u0161t\u0117s \u0161viesaus \u201eRiviera Oak\u201c spalvos priekyje ir grynai baltos spalvos \u0161onuose bei galin\u0117je plok\u0161t\u0117je, ji sukuria lengv\u0105 ir gaiv\u0173 efekt\u0105, suteikdama jaukumo bet kokiam interjerui. Lentyna derina nat\u016bral\u0173 med\u017eio gro\u017e\u012f su modernia i\u0161vaizda, tinkama \u012fvairiems kambariams \u2013 tiek tradiciniams, tiek tiems, kurie dekoruoti \u0161iuolaikinio minimalizmo dvasia.<\/p>","protected":false},"excerpt":{"rendered":"<p>Plotis (cm): 140<br \/>\n\u016agis (cm): 25<br \/>\nGylis (cm): 20,1<\/p>","protected":false},"featured_media":163809,"comment_status":"open","ping_status":"open","template":"","meta":[],"product_brand":[],"product_cat":[9488,1174,4107],"product_tag":[],"class_list":{"0":"post-163808","1":"product","2":"type-product","3":"status-publish","4":"has-post-thumbnail","6":"product_cat-furniture-system-lyon-bright-wojcik-meble","7":"product_cat-hanging-shelves","8":"product_cat-meble-wojcik","10":"first","11":"instock","12":"purchasable","13":"product-type-simple"},"_links":{"self":[{"href":"https:\/\/baldumarket.lt\/lt\/wp-json\/wp\/v2\/product\/163808","targetHints":{"allow":["GET"]}}],"collection":[{"href":"https:\/\/baldumarket.lt\/lt\/wp-json\/wp\/v2\/product"}],"about":[{"href":"https:\/\/baldumarket.lt\/lt\/wp-json\/wp\/v2\/types\/product"}],"replies":[{"embeddable":true,"href":"https:\/\/baldumarket.lt\/lt\/wp-json\/wp\/v2\/comments?post=163808"}],"wp:featuredmedia":[{"embeddable":true,"href":"https:\/\/baldumarket.lt\/lt\/wp-json\/wp\/v2\/media\/163809"}],"wp:attachment":[{"href":"https:\/\/baldumarket.lt\/lt\/wp-json\/wp\/v2\/media?parent=163808"}],"wp:term":[{"taxonomy":"product_brand","embeddable":true,"href":"https:\/\/baldumarket.lt\/lt\/wp-json\/wp\/v2\/product_brand?post=163808"},{"taxonomy":"product_cat","embeddable":true,"href":"https:\/\/baldumarket.lt\/lt\/wp-json\/wp\/v2\/product_cat?post=163808"},{"taxonomy":"product_tag","embeddable":true,"href":"https:\/\/baldumarket.lt\/lt\/wp-json\/wp\/v2\/product_tag?post=163808"}],"curies":[{"name":"wp","href":"https:\/\/api.w.org\/{rel}","templated":true}]}}