{"id":163802,"date":"2025-12-19T13:01:53","date_gmt":"2025-12-19T10:01:53","guid":{"rendered":"https:\/\/baldumarket.lt\/product\/lyon-lyop03-polka-wiszaca-130-dab-riviera-jasna-biala\/"},"modified":"2026-04-06T19:20:48","modified_gmt":"2026-04-06T16:20:48","slug":"lyon-lyop03-polka-wiszaca-130-dab-riviera-jasna-biala","status":"publish","type":"product","link":"https:\/\/baldumarket.lt\/lt\/product\/lyon-lyop03-polka-wiszaca-130-dab-riviera-jasna-biala\/","title":{"rendered":"Lionas LYOP03 \u2013 Pakabinama lentyna 130 Riviera \u0105\u017euolas \u0161viesus\/baltas"},"content":{"rendered":"<p>Atraskite, kaip funkcionalumas dera su elegancija, su \u201eLyon LYOP03\u201c lentyna \u2013 puikiu priedu, suteikian\u010diu harmonijos ir stiliaus bet kokiam interjerui. I\u0161siskiriantis subtiliu \u201eRiviera Light Oak\u201c ir baltos spalv\u0173 deriniu, \u0161i lentyna traukia ak\u012f ir \u017eavi savo rafinuota forma. Tai ne tik rafinuotas dekoratyvinis elementas, bet ir prakti\u0161kas sprendimas tiems, kurie vertina tvark\u0105 ir modern\u0173 dizain\u0105. Sukurta galvojant apie modernias erdves, \u201eLyon LYOP03\u201c lentyna yra 130 cm plo\u010dio, 27,6 cm auk\u0161\u010dio ir 20,1 cm gylio, tod\u0117l puikiai tinka bet kuriam kambariui. Jos pavir\u0161ius, pagamintas i\u0161 auk\u0161tos kokyb\u0117s laminuotos plok\u0161t\u0117s \u0161viesaus \u0105\u017euolo ir baltos spalvos, yra ne tik esteti\u0161kai patrauklus, bet ir itin lengvai valomas. Modernaus dizaino ir su papildoma \u0161onine sienele lentyna neleid\u017eia ant jos laikomiems daiktams apvirsti, u\u017etikrindama j\u016bs\u0173 dekoracij\u0173, knyg\u0173 ar kit\u0173 verting\u0173 daikt\u0173 saugum\u0105 ir stabilum\u0105. Tiek \u0161onin\u0117s, tiek galin\u0117s plok\u0161t\u0117s pagamintos i\u0161 laminuotos med\u017eio dro\u017eli\u0173 plok\u0161t\u0117s, atsparios kasdieniam naudojimui ir lengvai pri\u017ei\u016brimos.<\/p>","protected":false},"excerpt":{"rendered":"<p>Plotis (cm): 130<br \/>\n\u016agis (cm): 27,6<br \/>\nGylis (cm): 20,1<\/p>","protected":false},"featured_media":163803,"comment_status":"open","ping_status":"open","template":"","meta":[],"product_brand":[],"product_cat":[9488,1174,4107],"product_tag":[],"class_list":{"0":"post-163802","1":"product","2":"type-product","3":"status-publish","4":"has-post-thumbnail","6":"product_cat-furniture-system-lyon-bright-wojcik-meble","7":"product_cat-hanging-shelves","8":"product_cat-meble-wojcik","10":"first","11":"instock","12":"purchasable","13":"product-type-simple"},"_links":{"self":[{"href":"https:\/\/baldumarket.lt\/lt\/wp-json\/wp\/v2\/product\/163802","targetHints":{"allow":["GET"]}}],"collection":[{"href":"https:\/\/baldumarket.lt\/lt\/wp-json\/wp\/v2\/product"}],"about":[{"href":"https:\/\/baldumarket.lt\/lt\/wp-json\/wp\/v2\/types\/product"}],"replies":[{"embeddable":true,"href":"https:\/\/baldumarket.lt\/lt\/wp-json\/wp\/v2\/comments?post=163802"}],"wp:featuredmedia":[{"embeddable":true,"href":"https:\/\/baldumarket.lt\/lt\/wp-json\/wp\/v2\/media\/163803"}],"wp:attachment":[{"href":"https:\/\/baldumarket.lt\/lt\/wp-json\/wp\/v2\/media?parent=163802"}],"wp:term":[{"taxonomy":"product_brand","embeddable":true,"href":"https:\/\/baldumarket.lt\/lt\/wp-json\/wp\/v2\/product_brand?post=163802"},{"taxonomy":"product_cat","embeddable":true,"href":"https:\/\/baldumarket.lt\/lt\/wp-json\/wp\/v2\/product_cat?post=163802"},{"taxonomy":"product_tag","embeddable":true,"href":"https:\/\/baldumarket.lt\/lt\/wp-json\/wp\/v2\/product_tag?post=163802"}],"curies":[{"name":"wp","href":"https:\/\/api.w.org\/{rel}","templated":true}]}}