{"id":163790,"date":"2025-12-19T13:01:27","date_gmt":"2025-12-19T10:01:27","guid":{"rendered":"https:\/\/baldumarket.lt\/product\/lyon-lyot05-stol-rozkladany-dab-riviera-jasny-bialy\/"},"modified":"2026-04-06T19:20:48","modified_gmt":"2026-04-06T16:20:48","slug":"lyon-lyot05-stol-rozkladany-dab-riviera-jasny-bialy","status":"publish","type":"product","link":"https:\/\/baldumarket.lt\/lt\/product\/lyon-lyot05-stol-rozkladany-dab-riviera-jasny-bialy\/","title":{"rendered":"Lyon LYOT05 &#8211; I\u0161traukiamas stalas Riviera \u0105\u017euolas \u0161viesus\/baltas"},"content":{"rendered":"<p>Atraskite \u201eLyon LYOT05\u201c stal\u0173 kolekcij\u0105 \u2013 bald\u0105, kuris su\u017eav\u0117s kiekvieno unikali\u0173 ir funkcionali\u0173 nam\u0173 interjero sprendim\u0173 m\u0117g\u0117jo \u0161ird\u012f. Pristatome stal\u0105, kuris s\u0117kmingai taps \u0161eimos ir socialini\u0173 susib\u016brim\u0173 pagrindiniu akcentu tiek kasdien, tiek per \u0161ventes. \u201eLyon LYOT05\u201c stalas derina moderni\u0105 estetik\u0105 su funkcionalumu, tapdamas ne tik valgymo vieta, bet ir dekoratyviniu j\u016bs\u0173 nam\u0173 papuo\u0161alu. D\u0117l kompakti\u0161k\u0173 90 \u00d7 90 cm matmen\u0173 \u201eLyon LYOT05\u201c puikiai dera \u012f modernias valgomojo erdves, net ir \u012f \u0161iek tiek ma\u017eesnes. Jo auk\u0161tis \u2013 76,5 cm, o gylis \u2013 90 cm, tod\u0117l juo patogu naudotis kiekvien\u0105 dien\u0105. Stalas pagamintas i\u0161 \u0161viesaus \u201eRiviera Oak\u201c atspalvio laminuotos plok\u0161t\u0117s su baltai da\u017eytais elementais, kurie suteikia jam gaivumo ir leid\u017eia lengvai priderinti prie \u012fvairi\u0173 interjero dizain\u0173. \u201eLyon LYOT05\u201c stalas pagamintas i\u0161 laminuotos plok\u0161t\u0117s, kuri garantuoja patvarum\u0105 ir atsparum\u0105 kasdieniam naudojimui. Laminuotos med\u017eio dro\u017eli\u0173 plok\u0161t\u0117s stalvir\u0161is, r\u0117mas ir kojel\u0117s yra sukurti taip, kad atlaikyt\u0173 dr\u0117gm\u0119 ir auk\u0161t\u0105 temperat\u016br\u0105, taip pat yra atspar\u016bs \u012fbr\u0117\u017eimams ir kitiems pa\u017eeidimams, u\u017etikrinant ilgalaik\u012f patvarum\u0105 ir estetin\u012f patrauklum\u0105 ateinantiems metams.<\/p>","protected":false},"excerpt":{"rendered":"<p>Plotis (cm): 90\u2013180<br \/>\n\u016agis (cm): 76,5<br \/>\nGylis (cm): 90<\/p>","protected":false},"featured_media":163791,"comment_status":"open","ping_status":"open","template":"","meta":[],"product_brand":[],"product_cat":[9488,4107,1934],"product_tag":[],"class_list":{"0":"post-163790","1":"product","2":"type-product","3":"status-publish","4":"has-post-thumbnail","6":"product_cat-furniture-system-lyon-bright-wojcik-meble","7":"product_cat-meble-wojcik","8":"product_cat-tables","10":"first","11":"instock","12":"purchasable","13":"product-type-simple"},"_links":{"self":[{"href":"https:\/\/baldumarket.lt\/lt\/wp-json\/wp\/v2\/product\/163790","targetHints":{"allow":["GET"]}}],"collection":[{"href":"https:\/\/baldumarket.lt\/lt\/wp-json\/wp\/v2\/product"}],"about":[{"href":"https:\/\/baldumarket.lt\/lt\/wp-json\/wp\/v2\/types\/product"}],"replies":[{"embeddable":true,"href":"https:\/\/baldumarket.lt\/lt\/wp-json\/wp\/v2\/comments?post=163790"}],"wp:featuredmedia":[{"embeddable":true,"href":"https:\/\/baldumarket.lt\/lt\/wp-json\/wp\/v2\/media\/163791"}],"wp:attachment":[{"href":"https:\/\/baldumarket.lt\/lt\/wp-json\/wp\/v2\/media?parent=163790"}],"wp:term":[{"taxonomy":"product_brand","embeddable":true,"href":"https:\/\/baldumarket.lt\/lt\/wp-json\/wp\/v2\/product_brand?post=163790"},{"taxonomy":"product_cat","embeddable":true,"href":"https:\/\/baldumarket.lt\/lt\/wp-json\/wp\/v2\/product_cat?post=163790"},{"taxonomy":"product_tag","embeddable":true,"href":"https:\/\/baldumarket.lt\/lt\/wp-json\/wp\/v2\/product_tag?post=163790"}],"curies":[{"name":"wp","href":"https:\/\/api.w.org\/{rel}","templated":true}]}}