{"id":163784,"date":"2025-12-19T13:01:13","date_gmt":"2025-12-19T10:01:13","guid":{"rendered":"https:\/\/baldumarket.lt\/product\/lyon-lyor01l-regal-dab-riviera-jasny-bialy\/"},"modified":"2026-04-06T19:20:48","modified_gmt":"2026-04-06T16:20:48","slug":"lyon-lyor01l-regal-dab-riviera-jasny-bialy","status":"publish","type":"product","link":"https:\/\/baldumarket.lt\/lt\/product\/lyon-lyor01l-regal-dab-riviera-jasny-bialy\/","title":{"rendered":"Lyon LYOR01L &#8211; Riviera Oak \u0161viesi\/balta knyg\u0173 lentyna"},"content":{"rendered":"<p>Pristatome Jums rafinuot\u0105 ir funkcional\u0173 \u201eLyon\u201c prek\u0117s \u017eenklo bald\u0105 \u2013 model\u012f LYOR01L, kuris \u012fk\u016bnija modernaus dizaino ir patikimo prakti\u0161kumo esm\u0119. \u0160i lentyn\u0173 sistema, apdailinta \u0161viesaus Riviera \u0105\u017euolo ir subtilios baltos spalvos, yra stiliaus kvintesencija, kurios ie\u0161ko visi minimalistinio, ta\u010diau jaukaus interjero m\u0117g\u0117jai. \u201eLyon LYOR01L\u201c lentyn\u0173 sistema i\u0161siskiria tvirta konstrukcija, kurios plotis yra 60 cm, auk\u0161tis beveik 200 cm (198,5 cm) ir gylis 42 cm, u\u017etikrinant puik\u0173 stabilum\u0105 ir funkcionalum\u0105. Sukurta atsi\u017evelgiant \u012f \u012fvairius poreikius \u2013 nuo knyg\u0173 kolekcij\u0173 vietos iki dekoratyvini\u0173 daikt\u0173 eksponavimo ar dokument\u0173 laikymo, kiekvien\u0105 i\u0161 keturi\u0173 lentyn\u0173 galima pritaikyti pagal individualius naudotojo poreikius. Nat\u016bralaus Riviera \u0105\u017euolo atspalvio ir eleganti\u0161kos baltos spalvos derinys u\u017etikrina, kad lentyn\u0173 sistema skland\u017eiai integruosis \u012f bet koki\u0105 aplink\u0105 \u2013 nuo klasikinio iki modernaus interjero. \u0160is sprendimas pabr\u0117\u0161 kambario charakter\u012f, neu\u017ego\u017edamas jo savo i\u0161vaizda. Med\u017eiaga, i\u0161 kurios pagaminti baldai, auk\u0161tos kokyb\u0117s laminuota plok\u0161t\u0117, garantuoja atsparum\u0105 kasdieniam naudojimui \u2013 \u012fbr\u0117\u017eimai, pa\u017eeidimai, dr\u0117gm\u0117 ar auk\u0161ta temperat\u016bra \u0161iai konstrukcijai nebus problema.<\/p>","protected":false},"excerpt":{"rendered":"<p>Plotis (cm): 60<br \/>\n\u016agis (cm): 198,5<br \/>\nGylis (cm): 42<\/p>","protected":false},"featured_media":163785,"comment_status":"open","ping_status":"open","template":"","meta":[],"product_brand":[],"product_cat":[9488,4107,1987],"product_tag":[],"class_list":{"0":"post-163784","1":"product","2":"type-product","3":"status-publish","4":"has-post-thumbnail","6":"product_cat-furniture-system-lyon-bright-wojcik-meble","7":"product_cat-meble-wojcik","8":"product_cat-shelving-units","10":"first","11":"instock","12":"purchasable","13":"product-type-simple"},"_links":{"self":[{"href":"https:\/\/baldumarket.lt\/lt\/wp-json\/wp\/v2\/product\/163784","targetHints":{"allow":["GET"]}}],"collection":[{"href":"https:\/\/baldumarket.lt\/lt\/wp-json\/wp\/v2\/product"}],"about":[{"href":"https:\/\/baldumarket.lt\/lt\/wp-json\/wp\/v2\/types\/product"}],"replies":[{"embeddable":true,"href":"https:\/\/baldumarket.lt\/lt\/wp-json\/wp\/v2\/comments?post=163784"}],"wp:featuredmedia":[{"embeddable":true,"href":"https:\/\/baldumarket.lt\/lt\/wp-json\/wp\/v2\/media\/163785"}],"wp:attachment":[{"href":"https:\/\/baldumarket.lt\/lt\/wp-json\/wp\/v2\/media?parent=163784"}],"wp:term":[{"taxonomy":"product_brand","embeddable":true,"href":"https:\/\/baldumarket.lt\/lt\/wp-json\/wp\/v2\/product_brand?post=163784"},{"taxonomy":"product_cat","embeddable":true,"href":"https:\/\/baldumarket.lt\/lt\/wp-json\/wp\/v2\/product_cat?post=163784"},{"taxonomy":"product_tag","embeddable":true,"href":"https:\/\/baldumarket.lt\/lt\/wp-json\/wp\/v2\/product_tag?post=163784"}],"curies":[{"name":"wp","href":"https:\/\/api.w.org\/{rel}","templated":true}]}}