{"id":163778,"date":"2025-12-19T13:00:59","date_gmt":"2025-12-19T10:00:59","guid":{"rendered":"https:\/\/baldumarket.lt\/product\/lyon-lyob01-biurko-1d1s-dab-riviera-jasne-biale\/"},"modified":"2026-04-06T19:20:48","modified_gmt":"2026-04-06T16:20:48","slug":"lyon-lyob01-biurko-1d1s-dab-riviera-jasne-biale","status":"publish","type":"product","link":"https:\/\/baldumarket.lt\/lt\/product\/lyon-lyob01-biurko-1d1s-dab-riviera-jasne-biale\/","title":{"rendered":"Lyon LYOB01 &#8211; Ra\u0161omasis stalas 1D1S Riviera Oak \u0161viesus\/baltas"},"content":{"rendered":"<p>Atraskite funkcionalum\u0105 ir modern\u0173 dizain\u0105 su \u201eLyon LYOB01\u201c ra\u0161omuoju stalu \u2013 tobula vieta darbui ir mokymuisi. Eleganti\u0161ki nat\u016bral\u016bs \u0161viesaus \u201eRiviera Oak\u201c \u0105\u017euolo atspalviai su baltais akcentais suteiks j\u016bs\u0173 interjerui gaivumo ir klasikin\u0117s, nesenstan\u010dios estetikos. \u0160is kompakti\u0161kas baldas buvo sukurtas siekiant u\u017etikrinti maksimal\u0173 komfort\u0105 ir atitikti naujausias biuro dizaino tendencijas. 135 cm plo\u010dio, 75 cm auk\u0161\u010dio ir 65 cm gylio stalas yra ry\u0161kus, ta\u010diau pakankamai kompakti\u0161kas, kad puikiai tilpt\u0173 net ma\u017eesn\u0117se erdv\u0117se. Jis pagamintas i\u0161 auk\u0161tos kokyb\u0117s laminuotos plok\u0161t\u0117s, u\u017etikrinan\u010dios patvarum\u0105 ir atsparum\u0105 kasdieniam naudojimui. Laminatas yra lengvai valomas ir atsparus \u012fbr\u0117\u017eimams, pa\u017eeidimams, dr\u0117gmei ir auk\u0161tai temperat\u016brai \u2013 idealios savyb\u0117s baldui, kuris tarnaus ilgus metus. Modernus \u201eLyon LYOB01\u201c ra\u0161omojo stalo stilius bet kok\u012f interjer\u0105 papildo elegancija. Jis si\u016blo prakti\u0161k\u0105 erdv\u0119 tiek darbui, tiek mokymuisi. Erdvi spintel\u0117 ir erdvus stal\u010dius su b\u0117geliais ir \u0161velniai u\u017esidaran\u010diais vyriais u\u017etikrina komfort\u0105 kasdien naudojant, tuo pa\u010diu leis palaikyti tvark\u0105 ir tur\u0117ti visus reikalingus priedus po ranka.<\/p>","protected":false},"excerpt":{"rendered":"<p>Plotis (cm): 135<br \/>\n\u016agis (cm): 75<br \/>\nGylis (cm): 65<\/p>","protected":false},"featured_media":163779,"comment_status":"open","ping_status":"open","template":"","meta":[],"product_brand":[],"product_cat":[9488,1312,4107],"product_tag":[],"class_list":{"0":"post-163778","1":"product","2":"type-product","3":"status-publish","4":"has-post-thumbnail","6":"product_cat-furniture-system-lyon-bright-wojcik-meble","7":"product_cat-desks","8":"product_cat-meble-wojcik","10":"first","11":"instock","12":"purchasable","13":"product-type-simple"},"_links":{"self":[{"href":"https:\/\/baldumarket.lt\/lt\/wp-json\/wp\/v2\/product\/163778","targetHints":{"allow":["GET"]}}],"collection":[{"href":"https:\/\/baldumarket.lt\/lt\/wp-json\/wp\/v2\/product"}],"about":[{"href":"https:\/\/baldumarket.lt\/lt\/wp-json\/wp\/v2\/types\/product"}],"replies":[{"embeddable":true,"href":"https:\/\/baldumarket.lt\/lt\/wp-json\/wp\/v2\/comments?post=163778"}],"wp:featuredmedia":[{"embeddable":true,"href":"https:\/\/baldumarket.lt\/lt\/wp-json\/wp\/v2\/media\/163779"}],"wp:attachment":[{"href":"https:\/\/baldumarket.lt\/lt\/wp-json\/wp\/v2\/media?parent=163778"}],"wp:term":[{"taxonomy":"product_brand","embeddable":true,"href":"https:\/\/baldumarket.lt\/lt\/wp-json\/wp\/v2\/product_brand?post=163778"},{"taxonomy":"product_cat","embeddable":true,"href":"https:\/\/baldumarket.lt\/lt\/wp-json\/wp\/v2\/product_cat?post=163778"},{"taxonomy":"product_tag","embeddable":true,"href":"https:\/\/baldumarket.lt\/lt\/wp-json\/wp\/v2\/product_tag?post=163778"}],"curies":[{"name":"wp","href":"https:\/\/api.w.org\/{rel}","templated":true}]}}