{"id":163772,"date":"2025-12-19T13:00:44","date_gmt":"2025-12-19T10:00:44","guid":{"rendered":"https:\/\/baldumarket.lt\/product\/lyon-lyoz04-lozko-160-z-podnosnikiem-dab-riviera-jasne-biale\/"},"modified":"2026-04-06T19:20:35","modified_gmt":"2026-04-06T16:20:35","slug":"lyon-lyoz04-lozko-160-z-podnosnikiem-dab-riviera-jasne-biale","status":"publish","type":"product","link":"https:\/\/baldumarket.lt\/lt\/product\/lyon-lyoz04-lozko-160-z-podnosnikiem-dab-riviera-jasne-biale\/","title":{"rendered":"Lyon LYOZ04 &#8211; Lova 160 su pak\u0117limo mechanizmu, Riviera Oak \u0161viesus\/baltas"},"content":{"rendered":"<p>Atraskite nepamir\u0161tam\u0105 komfort\u0105 ir modern\u0173 dizaino stili\u0173 su 160 cm plo\u010dio \u201eLyon LYOZ04\u201c lova. Tobulas meistri\u0161kumas ir apgalvotas funkcionalumas susijungia, kad sukurt\u0173 unikali\u0105 j\u016bs\u0173 miegamojo poilsio viet\u0105. Derinkite lov\u0105 su kitais \u201eLyon\u201c kolekcijos elementais ir sukurkite svajoni\u0173 miegam\u0105j\u012f, kuris d\u017eiugins jus ne tik savo i\u0161vaizda, bet ir kasdieniu komfortu. Baltos ir \u0161iltos \u0161viesaus Riviera \u0105\u017euolo spalvos akcentuota \u201eLyon LYOZ04\u201c lova \u017eavi savo moderniu stiliumi, atitinkan\u010diu naujausias interjero dizaino tendencijas. M\u0117gaukit\u0117s mink\u0161to galv\u016bgalio prabanga, kuris yra ne tik dekoratyvinis elementas, bet ir ne\u012ftik\u0117tinai patogi, maloni liesti atrama. Specialus galv\u016bgalio audinys yra itin lengvai valomas d\u0117l \u201eEasy Water Cleaning\u201c ir \u201eWater Repellent\u201c technologijos, kuri apsaugo nuo skyst\u0173 d\u0117mi\u0173 \u012fsig\u0117rimo ir suteikia prakti\u0161kumo j\u016bs\u0173 poilsiui. \u201eLyon LYOZ04\u201c lova atrodo skirtingai priklausomai nuo ap\u0161vietimo, atskleid\u017eiant subtil\u0173, visi\u0161kai nat\u016bral\u0173 audinio atspalv\u012f. Atkreipkite d\u0117mes\u012f, kad d\u0117l unikalaus med\u017eiagos pob\u016bd\u017eio nuotraukose gali b\u016bti ne visi\u0161kai perteikta tikroji spalva. Ta\u010diau tai padidina \u0161io i\u0161skirtinio gaminio vert\u0119 ir nesudaro pagrindo pateikti skund\u0105.<\/p>","protected":false},"excerpt":{"rendered":"<p>Plotis (cm): 165,6<br \/>\n\u016agis (cm): 105,8<br \/>\nGylis (cm): 205,4<\/p>","protected":false},"featured_media":163773,"comment_status":"open","ping_status":"open","template":"","meta":[],"product_brand":[],"product_cat":[9488,505,4107],"product_tag":[],"class_list":{"0":"post-163772","1":"product","2":"type-product","3":"status-publish","4":"has-post-thumbnail","6":"product_cat-furniture-system-lyon-bright-wojcik-meble","7":"product_cat-bedroom-beds","8":"product_cat-meble-wojcik","10":"first","11":"instock","12":"purchasable","13":"product-type-simple"},"_links":{"self":[{"href":"https:\/\/baldumarket.lt\/lt\/wp-json\/wp\/v2\/product\/163772","targetHints":{"allow":["GET"]}}],"collection":[{"href":"https:\/\/baldumarket.lt\/lt\/wp-json\/wp\/v2\/product"}],"about":[{"href":"https:\/\/baldumarket.lt\/lt\/wp-json\/wp\/v2\/types\/product"}],"replies":[{"embeddable":true,"href":"https:\/\/baldumarket.lt\/lt\/wp-json\/wp\/v2\/comments?post=163772"}],"wp:featuredmedia":[{"embeddable":true,"href":"https:\/\/baldumarket.lt\/lt\/wp-json\/wp\/v2\/media\/163773"}],"wp:attachment":[{"href":"https:\/\/baldumarket.lt\/lt\/wp-json\/wp\/v2\/media?parent=163772"}],"wp:term":[{"taxonomy":"product_brand","embeddable":true,"href":"https:\/\/baldumarket.lt\/lt\/wp-json\/wp\/v2\/product_brand?post=163772"},{"taxonomy":"product_cat","embeddable":true,"href":"https:\/\/baldumarket.lt\/lt\/wp-json\/wp\/v2\/product_cat?post=163772"},{"taxonomy":"product_tag","embeddable":true,"href":"https:\/\/baldumarket.lt\/lt\/wp-json\/wp\/v2\/product_tag?post=163772"}],"curies":[{"name":"wp","href":"https:\/\/api.w.org\/{rel}","templated":true}]}}