{"id":163766,"date":"2025-12-19T13:00:29","date_gmt":"2025-12-19T10:00:29","guid":{"rendered":"https:\/\/baldumarket.lt\/product\/lyon-lyoz02-lozko-140-z-podnosnikiem-dab-riviera-jasne-biale\/"},"modified":"2026-04-06T19:20:35","modified_gmt":"2026-04-06T16:20:35","slug":"lyon-lyoz02-lozko-140-z-podnosnikiem-dab-riviera-jasne-biale","status":"publish","type":"product","link":"https:\/\/baldumarket.lt\/lt\/product\/lyon-lyoz02-lozko-140-z-podnosnikiem-dab-riviera-jasne-biale\/","title":{"rendered":"Lyon LYOZ02 &#8211; Lova 140 su liftu, Riviera Oak \u0161viesus\/baltas"},"content":{"rendered":"<p>Atraskite modernaus dizaino komfort\u0105 ir elegancij\u0105 su \u201eLyon LYOZ02\u201c lova \u2013 tobulu klas\u0117s ir funkcionalumo deriniu i\u0161rankiems klientams. \u0160i lova, kurios plotis \u2013 145,6 cm, auk\u0161tis \u2013 105,8 cm, o gylis \u2013 205,4 cm, puikiai tiks j\u016bs\u0173 miegamajame ir sukurs tobul\u0105 poilsio centr\u0105. Eleganti\u0161kas nat\u016brali\u0173 \u0161viesaus \u201eRiviera Oak\u201c ir baltos spalvos atspalvi\u0173 derinys suteikia j\u016bs\u0173 interjerui harmonijos ir \u0161viesumo, o kartu su ai\u0161kiomis linijomis ir modernia laminato apdaila sukuria svajing\u0105 fon\u0105 j\u016bs\u0173 poilsiui. Apmu\u0161tas lovos galv\u016bgalis puikiai papildo \u0161\u012f bald\u0105. D\u0117l \u201eEasy Water Cleaning\u201c ir \u201eWater Repellent\u201c technologijos lovos prie\u017ei\u016bra tampa itin paprasta. Atsparus vandeniui ir lengvai valomas audinys su \u0161e\u0161\u0117liavimo efektu ne tik u\u017etikrina komfort\u0105, bet ir suteikia baldui unikal\u0173 charakter\u012f, praturtindamas interjer\u0105 subtiliais spalv\u0173 niuansais.<\/p>","protected":false},"excerpt":{"rendered":"<p>Plotis (cm): 145,6<br \/>\n\u016agis (cm): 105,8<br \/>\nGylis (cm): 205,4<\/p>","protected":false},"featured_media":163767,"comment_status":"open","ping_status":"open","template":"","meta":[],"product_brand":[],"product_cat":[9488,505,4107],"product_tag":[],"class_list":{"0":"post-163766","1":"product","2":"type-product","3":"status-publish","4":"has-post-thumbnail","6":"product_cat-furniture-system-lyon-bright-wojcik-meble","7":"product_cat-bedroom-beds","8":"product_cat-meble-wojcik","10":"first","11":"instock","12":"purchasable","13":"product-type-simple"},"_links":{"self":[{"href":"https:\/\/baldumarket.lt\/lt\/wp-json\/wp\/v2\/product\/163766","targetHints":{"allow":["GET"]}}],"collection":[{"href":"https:\/\/baldumarket.lt\/lt\/wp-json\/wp\/v2\/product"}],"about":[{"href":"https:\/\/baldumarket.lt\/lt\/wp-json\/wp\/v2\/types\/product"}],"replies":[{"embeddable":true,"href":"https:\/\/baldumarket.lt\/lt\/wp-json\/wp\/v2\/comments?post=163766"}],"wp:featuredmedia":[{"embeddable":true,"href":"https:\/\/baldumarket.lt\/lt\/wp-json\/wp\/v2\/media\/163767"}],"wp:attachment":[{"href":"https:\/\/baldumarket.lt\/lt\/wp-json\/wp\/v2\/media?parent=163766"}],"wp:term":[{"taxonomy":"product_brand","embeddable":true,"href":"https:\/\/baldumarket.lt\/lt\/wp-json\/wp\/v2\/product_brand?post=163766"},{"taxonomy":"product_cat","embeddable":true,"href":"https:\/\/baldumarket.lt\/lt\/wp-json\/wp\/v2\/product_cat?post=163766"},{"taxonomy":"product_tag","embeddable":true,"href":"https:\/\/baldumarket.lt\/lt\/wp-json\/wp\/v2\/product_tag?post=163766"}],"curies":[{"name":"wp","href":"https:\/\/api.w.org\/{rel}","templated":true}]}}