{"id":163760,"date":"2025-12-19T13:00:15","date_gmt":"2025-12-19T10:00:15","guid":{"rendered":"https:\/\/baldumarket.lt\/product\/lyon-lyos03-szafa-4-drzwiowa-dab-riviera-jasna-biala\/"},"modified":"2026-04-06T19:20:35","modified_gmt":"2026-04-06T16:20:35","slug":"lyon-lyos03-szafa-4-drzwiowa-dab-riviera-jasna-biala","status":"publish","type":"product","link":"https:\/\/baldumarket.lt\/lt\/product\/lyon-lyos03-szafa-4-drzwiowa-dab-riviera-jasna-biala\/","title":{"rendered":"Lyon LYOS03 \u2013 4 dur\u0173 spinta Riviera Oak \u0161viesus\/baltas"},"content":{"rendered":"<p>Kvie\u010diame atrasti unikali\u0105 \u201eLyon LYOS03\u201c spint\u0105 \u0161viesaus \u201eRiviera Oak\u201c \u0105\u017euolo spalvos su baltos spalvos akcentu \u2013 tai ne tik tvirtas baldas, bet ir tikras \u0161edevras, kuris pakeis bet koki\u0105 erdv\u0119! 215,7 cm plo\u010dio ir \u012fsp\u016bdingo 217 cm auk\u0161\u010dio \u0161i spinta yra funkcionalumo ir modernaus dizaino \u012fsik\u016bnijimas. Jos 60 cm gylis suteikia daug vietos tiek dideliems paltams, tiek ma\u017eesniems garderobo daiktams susid\u0117ti. J\u0105 kurdami daugiausia d\u0117mesio skyr\u0117me patvari\u0173 med\u017eiag\u0173, toki\u0173 kaip laminuota plok\u0161t\u0117 ir laminuotos med\u017eio dro\u017eli\u0173 plok\u0161t\u0117s, naudojimui, kurios garantuoja ilgaam\u017ei\u0161kum\u0105. Paprastas, bet eleganti\u0161kas \u0161viesaus atspalvio \u201eRiviera Oak\u201c dekoras harmoningai dera su nesenstan\u010dia balta spalva, suteikdamas \u0161ilumos poj\u016bt\u012f ir erdvumo interjerui. Subtilus fasad\u0173 blizgesys pagyvins bet koki\u0105 erdv\u0119, net ir pa\u010di\u0105 minimalistin\u0119.<\/p>","protected":false},"excerpt":{"rendered":"<p>Plotis (cm): 215,7<br \/>\n\u016agis (cm): 217<br \/>\nGylis (cm): 60<\/p>","protected":false},"featured_media":163761,"comment_status":"open","ping_status":"open","template":"","meta":[],"product_brand":[],"product_cat":[9488,4107,1177],"product_tag":[],"class_list":{"0":"post-163760","1":"product","2":"type-product","3":"status-publish","4":"has-post-thumbnail","6":"product_cat-furniture-system-lyon-bright-wojcik-meble","7":"product_cat-meble-wojcik","8":"product_cat-wardrobes","10":"first","11":"instock","12":"purchasable","13":"product-type-simple"},"_links":{"self":[{"href":"https:\/\/baldumarket.lt\/lt\/wp-json\/wp\/v2\/product\/163760","targetHints":{"allow":["GET"]}}],"collection":[{"href":"https:\/\/baldumarket.lt\/lt\/wp-json\/wp\/v2\/product"}],"about":[{"href":"https:\/\/baldumarket.lt\/lt\/wp-json\/wp\/v2\/types\/product"}],"replies":[{"embeddable":true,"href":"https:\/\/baldumarket.lt\/lt\/wp-json\/wp\/v2\/comments?post=163760"}],"wp:featuredmedia":[{"embeddable":true,"href":"https:\/\/baldumarket.lt\/lt\/wp-json\/wp\/v2\/media\/163761"}],"wp:attachment":[{"href":"https:\/\/baldumarket.lt\/lt\/wp-json\/wp\/v2\/media?parent=163760"}],"wp:term":[{"taxonomy":"product_brand","embeddable":true,"href":"https:\/\/baldumarket.lt\/lt\/wp-json\/wp\/v2\/product_brand?post=163760"},{"taxonomy":"product_cat","embeddable":true,"href":"https:\/\/baldumarket.lt\/lt\/wp-json\/wp\/v2\/product_cat?post=163760"},{"taxonomy":"product_tag","embeddable":true,"href":"https:\/\/baldumarket.lt\/lt\/wp-json\/wp\/v2\/product_tag?post=163760"}],"curies":[{"name":"wp","href":"https:\/\/api.w.org\/{rel}","templated":true}]}}