{"id":163736,"date":"2025-12-19T12:59:22","date_gmt":"2025-12-19T09:59:22","guid":{"rendered":"https:\/\/baldumarket.lt\/product\/lyon-bialy-lyos102-szafa-3-drzwiowa-biala\/"},"modified":"2026-04-06T19:20:35","modified_gmt":"2026-04-06T16:20:35","slug":"lyon-bialy-lyos102-szafa-3-drzwiowa-biala","status":"publish","type":"product","link":"https:\/\/baldumarket.lt\/lt\/product\/lyon-bialy-lyos102-szafa-3-drzwiowa-biala\/","title":{"rendered":"Lyon White LYOS102 \u2013 Trij\u0173 dur\u0173 spinta, balta"},"content":{"rendered":"<p>Jei ie\u0161kote eleganti\u0161ko dizaino baldo, kuris atitikt\u0173 j\u016bs\u0173 daikt\u0173 laikymo poreikius ir suteikt\u0173 j\u016bs\u0173 namams modernaus dizaino akcent\u0105, pristatome \u201eLyon White LYOS102\u201c \u2013 trij\u0173 dur\u0173 spint\u0105. \u0160i erdvi spinta, priklausanti spint\u0173 kategorijai, yra puikus pasirinkimas tiems, kurie vertina estetik\u0105 ir funkcionalum\u0105. Atnaujinkite savo miegamojo, prie\u0161kambario, svetain\u0117s ar jaunimo kambario i\u0161vaizd\u0105 su m\u016bs\u0173 spinta, kurios plotis yra 155,6 cm, auk\u0161tis 217 cm ir gylis 60 cm. Kruop\u0161\u010diai sutvarkykite savo drabu\u017eius, avalyn\u0119 ir aksesuarus, m\u0117gaudamiesi maksimalia \u0161io ne\u012ftik\u0117tinai funkcionalaus baldo talpa. Balta spalva \u2013 nesenstantis pasirinkimas, puikiai derantis prie bet kokio interjero stiliaus. \u201eLyon White LYOS102\u201c pagaminta i\u0161 auk\u0161\u010diausios kokyb\u0117s laminuotos plok\u0161t\u0117s, u\u017etikrinan\u010dios patvarum\u0105 ir atsparum\u0105 dr\u0117gmei bei \u012fbr\u0117\u017eimams. Modern\u0173 spintos charakter\u012f dar labiau sustiprina sistema be ranken\u0117li\u0173 ir \u0161velniai u\u017esidarantys vyriai, u\u017etikrinantys komfort\u0105 ir ramyb\u0119 kasdien naudojant.<\/p>","protected":false},"excerpt":{"rendered":"<p>Plotis (cm): 155,6<br \/>\n\u016agis (cm): 217<br \/>\nGylis (cm): 60<\/p>","protected":false},"featured_media":163737,"comment_status":"open","ping_status":"open","template":"","meta":[],"product_brand":[],"product_cat":[9487,4107,1177],"product_tag":[],"class_list":{"0":"post-163736","1":"product","2":"type-product","3":"status-publish","4":"has-post-thumbnail","6":"product_cat-furniture-system-lyon-white-wojcik-meble","7":"product_cat-meble-wojcik","8":"product_cat-wardrobes","10":"first","11":"instock","12":"purchasable","13":"product-type-simple"},"_links":{"self":[{"href":"https:\/\/baldumarket.lt\/lt\/wp-json\/wp\/v2\/product\/163736","targetHints":{"allow":["GET"]}}],"collection":[{"href":"https:\/\/baldumarket.lt\/lt\/wp-json\/wp\/v2\/product"}],"about":[{"href":"https:\/\/baldumarket.lt\/lt\/wp-json\/wp\/v2\/types\/product"}],"replies":[{"embeddable":true,"href":"https:\/\/baldumarket.lt\/lt\/wp-json\/wp\/v2\/comments?post=163736"}],"wp:featuredmedia":[{"embeddable":true,"href":"https:\/\/baldumarket.lt\/lt\/wp-json\/wp\/v2\/media\/163737"}],"wp:attachment":[{"href":"https:\/\/baldumarket.lt\/lt\/wp-json\/wp\/v2\/media?parent=163736"}],"wp:term":[{"taxonomy":"product_brand","embeddable":true,"href":"https:\/\/baldumarket.lt\/lt\/wp-json\/wp\/v2\/product_brand?post=163736"},{"taxonomy":"product_cat","embeddable":true,"href":"https:\/\/baldumarket.lt\/lt\/wp-json\/wp\/v2\/product_cat?post=163736"},{"taxonomy":"product_tag","embeddable":true,"href":"https:\/\/baldumarket.lt\/lt\/wp-json\/wp\/v2\/product_tag?post=163736"}],"curies":[{"name":"wp","href":"https:\/\/api.w.org\/{rel}","templated":true}]}}