{"id":163730,"date":"2025-12-19T12:59:10","date_gmt":"2025-12-19T09:59:10","guid":{"rendered":"https:\/\/baldumarket.lt\/product\/lyon-bialy-lyos103-szafa-4-drzwiowa-biala\/"},"modified":"2026-04-06T19:20:35","modified_gmt":"2026-04-06T16:20:35","slug":"lyon-bialy-lyos103-szafa-4-drzwiowa-biala","status":"publish","type":"product","link":"https:\/\/baldumarket.lt\/lt\/product\/lyon-bialy-lyos103-szafa-4-drzwiowa-biala\/","title":{"rendered":"Lyon White LYOS103 \u2013 4 dur\u0173 spinta, balta"},"content":{"rendered":"<p>Kvie\u010diame atrasti m\u016bs\u0173 balt\u0105 LYON spint\u0105 LYOS103 \u2013 funkcionalumo kvintesencij\u0105, atitinkan\u010di\u0105 naujausias bald\u0173 dizaino tendencijas. \u0160i akinanti, 4 dur\u0173 spinta sukurta tiems, kurie nori savo gyvenamojoje erdv\u0117je derinti prakti\u0161kus sprendimus su moderniu stiliumi. Subtili estetika, ta\u010diau didingi matmenys \u2013 \u012fsp\u016bding\u0173 215,7 cm plo\u010dio, 217 cm auk\u0161\u010dio ir 60 cm gylio LYON spinta leis jums sutvarkyti visus savo garderobo daiktus. Pagaminta i\u0161 auk\u0161tos kokyb\u0117s laminuotos plok\u0161t\u0117s, kuri yra ne tik patvari, bet ir lengvai valoma, garantuoja ilgalaik\u012f pasitenkinim\u0105. Baltos spalvos grynumas, naudojamas tiek korpusui, tiek fasadams, suteiks j\u016bs\u0173 interjerui gaivumo ir ry\u0161kumo. Modern\u0173 \u201eLyon\u201c spintos charakter\u012f papildo novatori\u0161ki sprendimai, tokie kaip sistema be ranken\u0117li\u0173 ir \u0161velnaus u\u017edarymo vyriai, kurie padidins kasdienio naudojimo komfort\u0105.<\/p>","protected":false},"excerpt":{"rendered":"<p>Plotis (cm): 215,7<br \/>\n\u016agis (cm): 217<br \/>\nGylis (cm): 60<\/p>","protected":false},"featured_media":163731,"comment_status":"open","ping_status":"open","template":"","meta":[],"product_brand":[],"product_cat":[9487,4107,1177],"product_tag":[],"class_list":{"0":"post-163730","1":"product","2":"type-product","3":"status-publish","4":"has-post-thumbnail","6":"product_cat-furniture-system-lyon-white-wojcik-meble","7":"product_cat-meble-wojcik","8":"product_cat-wardrobes","10":"first","11":"instock","12":"purchasable","13":"product-type-simple"},"_links":{"self":[{"href":"https:\/\/baldumarket.lt\/lt\/wp-json\/wp\/v2\/product\/163730","targetHints":{"allow":["GET"]}}],"collection":[{"href":"https:\/\/baldumarket.lt\/lt\/wp-json\/wp\/v2\/product"}],"about":[{"href":"https:\/\/baldumarket.lt\/lt\/wp-json\/wp\/v2\/types\/product"}],"replies":[{"embeddable":true,"href":"https:\/\/baldumarket.lt\/lt\/wp-json\/wp\/v2\/comments?post=163730"}],"wp:featuredmedia":[{"embeddable":true,"href":"https:\/\/baldumarket.lt\/lt\/wp-json\/wp\/v2\/media\/163731"}],"wp:attachment":[{"href":"https:\/\/baldumarket.lt\/lt\/wp-json\/wp\/v2\/media?parent=163730"}],"wp:term":[{"taxonomy":"product_brand","embeddable":true,"href":"https:\/\/baldumarket.lt\/lt\/wp-json\/wp\/v2\/product_brand?post=163730"},{"taxonomy":"product_cat","embeddable":true,"href":"https:\/\/baldumarket.lt\/lt\/wp-json\/wp\/v2\/product_cat?post=163730"},{"taxonomy":"product_tag","embeddable":true,"href":"https:\/\/baldumarket.lt\/lt\/wp-json\/wp\/v2\/product_tag?post=163730"}],"curies":[{"name":"wp","href":"https:\/\/api.w.org\/{rel}","templated":true}]}}