{"id":163724,"date":"2025-12-19T12:58:56","date_gmt":"2025-12-19T09:58:56","guid":{"rendered":"https:\/\/baldumarket.lt\/product\/lyon-bialy-lyov04p-witryna-prawostronna-2-drzwiowa-biala\/"},"modified":"2026-04-06T19:20:25","modified_gmt":"2026-04-06T16:20:25","slug":"lyon-bialy-lyov04p-witryna-prawostronna-2-drzwiowa-biala","status":"publish","type":"product","link":"https:\/\/baldumarket.lt\/lt\/product\/lyon-bialy-lyov04p-witryna-prawostronna-2-drzwiowa-biala\/","title":{"rendered":"Lyon White LYOV04P \u2013 De\u0161in\u0117s pus\u0117s 2 dur\u0173 vitrina, balta"},"content":{"rendered":"<p>Pristatome unikali\u0105 ir stiling\u0105 \u017eem\u0105 \u201eLyon White LYOV04P\u201c vitrin\u0105, kurioje fantasti\u0161kai derinamas daikt\u0173 laikymas ir galimyb\u0117 eksponuoti vertingiausius daiktus. \u0160is baldas puikiai tinka tiems, kurie vertina minimalizm\u0105 ir modernius interjero dizaino sprendimus. \u0160ios vitrinos originalumas ir unikalus charakteris pavers j\u0105 tikru nam\u0173 apstatymo brangakmeniu. Vitrina pagaminta i\u0161 auk\u0161tos kokyb\u0117s laminuotos plok\u0161t\u0117s, kuri yra atspari \u012fbr\u0117\u017eimams, dr\u0117gmei ir auk\u0161tai temperat\u016brai, garantuodama ilgaam\u017ei\u0161kum\u0105 ir vienod\u0105 i\u0161vaizd\u0105 ilgus metus. Gryna, sniego baltumo apdaila suteikia kambariui harmonijos ir \u0161viesumo poj\u016bt\u012f. Modernus vitrinos dizainas atsispindi jos paprastume ir subtiliose detal\u0117se. Sistema be ranken\u0117li\u0173 ir \u0161velnaus u\u017edarymo vyriai u\u017etikrina patog\u0173 naudojim\u0105 ir suteikia vitrinai elegancijos. Gr\u016bdinto \u201eAntisol\u201c stiklo naudojimas stiklinime padidina saugum\u0105 ir esteti\u0161kai atskleid\u017eia vitrinos turin\u012f.<\/p>","protected":false},"excerpt":{"rendered":"<p>Plotis (cm): 107,6<br \/>\n\u016agis (cm): 123,6<br \/>\nGylis (cm): 42<\/p>","protected":false},"featured_media":163725,"comment_status":"open","ping_status":"open","template":"","meta":[],"product_brand":[],"product_cat":[9487,4107,2006],"product_tag":[],"class_list":{"0":"post-163724","1":"product","2":"type-product","3":"status-publish","4":"has-post-thumbnail","6":"product_cat-furniture-system-lyon-white-wojcik-meble","7":"product_cat-meble-wojcik","8":"product_cat-vitrines","10":"first","11":"instock","12":"purchasable","13":"product-type-simple"},"_links":{"self":[{"href":"https:\/\/baldumarket.lt\/lt\/wp-json\/wp\/v2\/product\/163724","targetHints":{"allow":["GET"]}}],"collection":[{"href":"https:\/\/baldumarket.lt\/lt\/wp-json\/wp\/v2\/product"}],"about":[{"href":"https:\/\/baldumarket.lt\/lt\/wp-json\/wp\/v2\/types\/product"}],"replies":[{"embeddable":true,"href":"https:\/\/baldumarket.lt\/lt\/wp-json\/wp\/v2\/comments?post=163724"}],"wp:featuredmedia":[{"embeddable":true,"href":"https:\/\/baldumarket.lt\/lt\/wp-json\/wp\/v2\/media\/163725"}],"wp:attachment":[{"href":"https:\/\/baldumarket.lt\/lt\/wp-json\/wp\/v2\/media?parent=163724"}],"wp:term":[{"taxonomy":"product_brand","embeddable":true,"href":"https:\/\/baldumarket.lt\/lt\/wp-json\/wp\/v2\/product_brand?post=163724"},{"taxonomy":"product_cat","embeddable":true,"href":"https:\/\/baldumarket.lt\/lt\/wp-json\/wp\/v2\/product_cat?post=163724"},{"taxonomy":"product_tag","embeddable":true,"href":"https:\/\/baldumarket.lt\/lt\/wp-json\/wp\/v2\/product_tag?post=163724"}],"curies":[{"name":"wp","href":"https:\/\/api.w.org\/{rel}","templated":true}]}}