{"id":163718,"date":"2025-12-19T12:58:42","date_gmt":"2025-12-19T09:58:42","guid":{"rendered":"https:\/\/baldumarket.lt\/product\/lyon-bialy-lyov03p-witryna-prawostronna-1-drzwiowa-biala\/"},"modified":"2026-04-06T19:20:25","modified_gmt":"2026-04-06T16:20:25","slug":"lyon-bialy-lyov03p-witryna-prawostronna-1-drzwiowa-biala","status":"publish","type":"product","link":"https:\/\/baldumarket.lt\/lt\/product\/lyon-bialy-lyov03p-witryna-prawostronna-1-drzwiowa-biala\/","title":{"rendered":"Lyon White LYOV03P \u2013 De\u0161in\u0117s pus\u0117s 1 dur\u0173 vitrina, balta"},"content":{"rendered":"<p>Kategorija: Vitrinos Plotis (cm): 59,8 Auk\u0161tis (cm): 198,1<\/p>","protected":false},"excerpt":{"rendered":"<p>Plotis (cm): 59,8<br \/>\n\u016agis (cm): 198,1<br \/>\nGylis (cm): 42<\/p>","protected":false},"featured_media":163719,"comment_status":"open","ping_status":"open","template":"","meta":[],"product_brand":[],"product_cat":[9487,4107,2006],"product_tag":[],"class_list":{"0":"post-163718","1":"product","2":"type-product","3":"status-publish","4":"has-post-thumbnail","6":"product_cat-furniture-system-lyon-white-wojcik-meble","7":"product_cat-meble-wojcik","8":"product_cat-vitrines","10":"first","11":"instock","12":"purchasable","13":"product-type-simple"},"_links":{"self":[{"href":"https:\/\/baldumarket.lt\/lt\/wp-json\/wp\/v2\/product\/163718","targetHints":{"allow":["GET"]}}],"collection":[{"href":"https:\/\/baldumarket.lt\/lt\/wp-json\/wp\/v2\/product"}],"about":[{"href":"https:\/\/baldumarket.lt\/lt\/wp-json\/wp\/v2\/types\/product"}],"replies":[{"embeddable":true,"href":"https:\/\/baldumarket.lt\/lt\/wp-json\/wp\/v2\/comments?post=163718"}],"wp:featuredmedia":[{"embeddable":true,"href":"https:\/\/baldumarket.lt\/lt\/wp-json\/wp\/v2\/media\/163719"}],"wp:attachment":[{"href":"https:\/\/baldumarket.lt\/lt\/wp-json\/wp\/v2\/media?parent=163718"}],"wp:term":[{"taxonomy":"product_brand","embeddable":true,"href":"https:\/\/baldumarket.lt\/lt\/wp-json\/wp\/v2\/product_brand?post=163718"},{"taxonomy":"product_cat","embeddable":true,"href":"https:\/\/baldumarket.lt\/lt\/wp-json\/wp\/v2\/product_cat?post=163718"},{"taxonomy":"product_tag","embeddable":true,"href":"https:\/\/baldumarket.lt\/lt\/wp-json\/wp\/v2\/product_tag?post=163718"}],"curies":[{"name":"wp","href":"https:\/\/api.w.org\/{rel}","templated":true}]}}