{"id":163712,"date":"2025-12-19T12:58:29","date_gmt":"2025-12-19T09:58:29","guid":{"rendered":"https:\/\/baldumarket.lt\/product\/lyon-bialy-lyov04l-witryna-lewostronna-2-drzwiowa-biala\/"},"modified":"2026-04-06T19:20:25","modified_gmt":"2026-04-06T16:20:25","slug":"lyon-bialy-lyov04l-witryna-lewostronna-2-drzwiowa-biala","status":"publish","type":"product","link":"https:\/\/baldumarket.lt\/lt\/product\/lyon-bialy-lyov04l-witryna-lewostronna-2-drzwiowa-biala\/","title":{"rendered":"Lyon White LYOV04L \u2013 Kairin\u0117 2 dur\u0173 vitrina, balta"},"content":{"rendered":"<p>Atraskite elegancij\u0105 ir modern\u0173 minimalizm\u0105, pasirinkdami tobul\u0105 \u017eem\u0105 vitrin\u0105, kuri leis jums pademonstruoti savo dekoratyvinius lobius, kartu i\u0161laikant tvark\u0105 ir harmonij\u0105 j\u016bs\u0173 svetain\u0117je. Pristatome \u201eLyon White LYOV04L\u201c vitrin\u0105 \u2013 \u0161iuolaikin\u0117s estetikos ir nepaprasto funkcionalumo simbol\u012f, kuris taps bet kurio interjero pasidid\u017eiavimu. 107,6 cm plo\u010dio, 123,6 cm auk\u0161\u010dio ir 42 cm gylio \u2013 tai baldas, kuris ras savo viet\u0105 tiek erdviose svetain\u0117se, tiek jaukiose erdv\u0117se, kuriose norima sukurti erdv\u0117s poj\u016bt\u012f nepakenkiant j\u0173 intymiam charakteriui. Susi\u017eav\u0117kite balta spalva \u2013 kilnia ir universalia spalva, kuri pagyvina interjer\u0105 ir suteikia puik\u0173 fon\u0105 eksponuojamiems daiktams. Pagaminta i\u0161 patvarios ir lengvai pri\u017ei\u016brimos laminuotos plok\u0161t\u0117s, spintel\u0117 garantuoja ne tik estetin\u012f patrauklum\u0105, bet ir ilgaam\u017ei\u0161kum\u0105. \u0160ios vitrinos atsparios \u012fbr\u0117\u017eimams ir lengvai valomos med\u017eiagos yra svajon\u0117s i\u0161sipildymas visiems, ie\u0161kantiems prakti\u0161k\u0173 sprendim\u0173.<\/p>","protected":false},"excerpt":{"rendered":"<p>Plotis (cm): 107,6<br \/>\n\u016agis (cm): 123,6<br \/>\nGylis (cm): 42<\/p>","protected":false},"featured_media":163713,"comment_status":"open","ping_status":"open","template":"","meta":[],"product_brand":[],"product_cat":[9487,4107,2006],"product_tag":[],"class_list":{"0":"post-163712","1":"product","2":"type-product","3":"status-publish","4":"has-post-thumbnail","6":"product_cat-furniture-system-lyon-white-wojcik-meble","7":"product_cat-meble-wojcik","8":"product_cat-vitrines","10":"first","11":"instock","12":"purchasable","13":"product-type-simple"},"_links":{"self":[{"href":"https:\/\/baldumarket.lt\/lt\/wp-json\/wp\/v2\/product\/163712","targetHints":{"allow":["GET"]}}],"collection":[{"href":"https:\/\/baldumarket.lt\/lt\/wp-json\/wp\/v2\/product"}],"about":[{"href":"https:\/\/baldumarket.lt\/lt\/wp-json\/wp\/v2\/types\/product"}],"replies":[{"embeddable":true,"href":"https:\/\/baldumarket.lt\/lt\/wp-json\/wp\/v2\/comments?post=163712"}],"wp:featuredmedia":[{"embeddable":true,"href":"https:\/\/baldumarket.lt\/lt\/wp-json\/wp\/v2\/media\/163713"}],"wp:attachment":[{"href":"https:\/\/baldumarket.lt\/lt\/wp-json\/wp\/v2\/media?parent=163712"}],"wp:term":[{"taxonomy":"product_brand","embeddable":true,"href":"https:\/\/baldumarket.lt\/lt\/wp-json\/wp\/v2\/product_brand?post=163712"},{"taxonomy":"product_cat","embeddable":true,"href":"https:\/\/baldumarket.lt\/lt\/wp-json\/wp\/v2\/product_cat?post=163712"},{"taxonomy":"product_tag","embeddable":true,"href":"https:\/\/baldumarket.lt\/lt\/wp-json\/wp\/v2\/product_tag?post=163712"}],"curies":[{"name":"wp","href":"https:\/\/api.w.org\/{rel}","templated":true}]}}