{"id":163706,"date":"2025-12-19T12:58:16","date_gmt":"2025-12-19T09:58:16","guid":{"rendered":"https:\/\/baldumarket.lt\/product\/lyon-bialy-lyov03l-witryna-lewostronna-1-drzwiowa-biala\/"},"modified":"2026-04-06T19:20:25","modified_gmt":"2026-04-06T16:20:25","slug":"lyon-bialy-lyov03l-witryna-lewostronna-1-drzwiowa-biala","status":"publish","type":"product","link":"https:\/\/baldumarket.lt\/lt\/product\/lyon-bialy-lyov03l-witryna-lewostronna-1-drzwiowa-biala\/","title":{"rendered":"Lyon White LYOV03L \u2013 Kairin\u0117 1 dur\u0173 vitrina, balta"},"content":{"rendered":"<p>Pristatome unikal\u0173 bald\u0105, alsuojant\u012f klase ir elegancija, kuris atspindi tai, kas gra\u017eiausia interjero dizaine \u2013 formos paprastum\u0105 ir funkcionalum\u0105. Tai \u201eLyon White LYOV03L\u201c \u2013 vien\u0173 dur\u0173 auk\u0161ta vitrina, balta spalva, sukurta reiklioms erdv\u0117ms, kur svarbus kiekvienas centimetras. \u0160i ne tik prakti\u0161ka, bet ir kvap\u0105 gniau\u017eianti vitrina, kurios matmenys \u2013 59,8 cm plo\u010dio, 198,1 cm auk\u0161\u010dio ir 42 cm gylio, neabejotinai taps bet kurio svetain\u0117s ar valgomojo traukos centru. Sukurta moderniu prisilietimu, minimalistin\u0117 i\u0161vaizda ir puiki panaudot\u0173 med\u017eiag\u0173 kokyb\u0117 liudija apie tai \u2013 korpus\u0105, priekin\u0119 ir kair\u0119 spintel\u0117s puses sudaro laminuota plok\u0161t\u0117. Eleganti\u0161ka balta apdaila persmelkia vis\u0105 dizain\u0105, sukurdama ry\u0161k\u0173, vienod\u0105 pavir\u0161i\u0173, kuris der\u0117s prie beveik bet kokios spalvos sien\u0173 ir grind\u0173. Moderni\u0105 estetik\u0105 papildo diskreti\u0161kos, sistemin\u0117s rankenos, kurios i\u0161laiko \u0161vari\u0105 form\u0105, atsisakydamos tradicini\u0173 ranken\u0117li\u0173, ir vyriai su \u0161velnaus u\u017edarymo funkcija, u\u017etikrinantys kasdienio naudojimo komfort\u0105.<\/p>","protected":false},"excerpt":{"rendered":"<p>Plotis (cm): 59,8<br \/>\n\u016agis (cm): 198,1<br \/>\nGylis (cm): 42<\/p>","protected":false},"featured_media":163707,"comment_status":"open","ping_status":"open","template":"","meta":[],"product_brand":[],"product_cat":[9487,4107,2006],"product_tag":[],"class_list":{"0":"post-163706","1":"product","2":"type-product","3":"status-publish","4":"has-post-thumbnail","6":"product_cat-furniture-system-lyon-white-wojcik-meble","7":"product_cat-meble-wojcik","8":"product_cat-vitrines","10":"first","11":"instock","12":"purchasable","13":"product-type-simple"},"_links":{"self":[{"href":"https:\/\/baldumarket.lt\/lt\/wp-json\/wp\/v2\/product\/163706","targetHints":{"allow":["GET"]}}],"collection":[{"href":"https:\/\/baldumarket.lt\/lt\/wp-json\/wp\/v2\/product"}],"about":[{"href":"https:\/\/baldumarket.lt\/lt\/wp-json\/wp\/v2\/types\/product"}],"replies":[{"embeddable":true,"href":"https:\/\/baldumarket.lt\/lt\/wp-json\/wp\/v2\/comments?post=163706"}],"wp:featuredmedia":[{"embeddable":true,"href":"https:\/\/baldumarket.lt\/lt\/wp-json\/wp\/v2\/media\/163707"}],"wp:attachment":[{"href":"https:\/\/baldumarket.lt\/lt\/wp-json\/wp\/v2\/media?parent=163706"}],"wp:term":[{"taxonomy":"product_brand","embeddable":true,"href":"https:\/\/baldumarket.lt\/lt\/wp-json\/wp\/v2\/product_brand?post=163706"},{"taxonomy":"product_cat","embeddable":true,"href":"https:\/\/baldumarket.lt\/lt\/wp-json\/wp\/v2\/product_cat?post=163706"},{"taxonomy":"product_tag","embeddable":true,"href":"https:\/\/baldumarket.lt\/lt\/wp-json\/wp\/v2\/product_tag?post=163706"}],"curies":[{"name":"wp","href":"https:\/\/api.w.org\/{rel}","templated":true}]}}