{"id":163700,"date":"2025-12-19T12:58:02","date_gmt":"2025-12-19T09:58:02","guid":{"rendered":"https:\/\/baldumarket.lt\/product\/lyon-bialy-lyov01l-witryna-lewostronna-1-drzwiowa-biala\/"},"modified":"2026-04-06T19:20:25","modified_gmt":"2026-04-06T16:20:25","slug":"lyon-bialy-lyov01l-witryna-lewostronna-1-drzwiowa-biala","status":"publish","type":"product","link":"https:\/\/baldumarket.lt\/lt\/product\/lyon-bialy-lyov01l-witryna-lewostronna-1-drzwiowa-biala\/","title":{"rendered":"Lyon White LYOV01L \u2013 Kairin\u0117 1 dur\u0173 vitrina, balta"},"content":{"rendered":"<p>Kiekvienuose namuose tur\u0117t\u0173 b\u016bti vieta, kurioje gal\u0117tum\u0117te i\u0161did\u017eiai eksponuoti savo lobius ir kartu parodyti savo rafinuot\u0105 skon\u012f. Pristatome \u201eLyon White LYOV01L\u201c \u2013 balt\u0105 vitrin\u0105 su vienomis durimis \u2013 bald\u0105, kuris ne tik tarnauja kaip klasikin\u0117 interjero puo\u0161mena, bet ir i\u0161siskiria i\u0161skirtiniu funkcionalumu. Sukurta suteikti harmonijos svetainei ar valgomajam, balta vitrina i\u0161 \u201eLYON\u201c kolekcijos pasi\u017eymi puikiai subalansuotais matmenimis, kad b\u016bt\u0173 u\u017etikrinta optimali laikymo vieta neu\u017egriozdinant erdv\u0117s. 59,8 cm plo\u010dio, 164,1 cm auk\u0161\u010dio ir 42 cm gylio, ji idealiai tinka vertingiems daiktams ar m\u0117gstamiems stalo \u012frankiams eksponuoti. Apgalvotas dizainas pa\u0161alina netvark\u0105 ir i\u0161laiko ai\u0161k\u0173 i\u0161d\u0117stym\u0105. \u201eLYON\u201c kolekcijai b\u016bdinga minimalistin\u0117 estetika, kuri\u0105 pabr\u0117\u017eia balta vitrinos spalva, pagaminta i\u0161 auk\u0161tos kokyb\u0117s laminuotos med\u017eio dro\u017eli\u0173 plok\u0161t\u0117s. \u0160i nesenstanti spalv\u0173 gama papildo bet kok\u012f \u0161iuolaikin\u012f interjer\u0105, u\u017etikrindama patvarum\u0105 ir atsparum\u0105 \u012fbr\u0117\u017eimams bei kitiems pa\u017eeidimams, taip u\u017etikrindama jos ilgaam\u017ei\u0161kum\u0105.<\/p>","protected":false},"excerpt":{"rendered":"<p>Plotis (cm): 59,8<br \/>\n\u016agis (cm): 164,1<br \/>\nGylis (cm): 42<\/p>","protected":false},"featured_media":163701,"comment_status":"open","ping_status":"open","template":"","meta":[],"product_brand":[],"product_cat":[9487,4107,2006],"product_tag":[],"class_list":{"0":"post-163700","1":"product","2":"type-product","3":"status-publish","4":"has-post-thumbnail","6":"product_cat-furniture-system-lyon-white-wojcik-meble","7":"product_cat-meble-wojcik","8":"product_cat-vitrines","10":"first","11":"instock","12":"purchasable","13":"product-type-simple"},"_links":{"self":[{"href":"https:\/\/baldumarket.lt\/lt\/wp-json\/wp\/v2\/product\/163700","targetHints":{"allow":["GET"]}}],"collection":[{"href":"https:\/\/baldumarket.lt\/lt\/wp-json\/wp\/v2\/product"}],"about":[{"href":"https:\/\/baldumarket.lt\/lt\/wp-json\/wp\/v2\/types\/product"}],"replies":[{"embeddable":true,"href":"https:\/\/baldumarket.lt\/lt\/wp-json\/wp\/v2\/comments?post=163700"}],"wp:featuredmedia":[{"embeddable":true,"href":"https:\/\/baldumarket.lt\/lt\/wp-json\/wp\/v2\/media\/163701"}],"wp:attachment":[{"href":"https:\/\/baldumarket.lt\/lt\/wp-json\/wp\/v2\/media?parent=163700"}],"wp:term":[{"taxonomy":"product_brand","embeddable":true,"href":"https:\/\/baldumarket.lt\/lt\/wp-json\/wp\/v2\/product_brand?post=163700"},{"taxonomy":"product_cat","embeddable":true,"href":"https:\/\/baldumarket.lt\/lt\/wp-json\/wp\/v2\/product_cat?post=163700"},{"taxonomy":"product_tag","embeddable":true,"href":"https:\/\/baldumarket.lt\/lt\/wp-json\/wp\/v2\/product_tag?post=163700"}],"curies":[{"name":"wp","href":"https:\/\/api.w.org\/{rel}","templated":true}]}}