{"id":163694,"date":"2025-12-19T12:57:49","date_gmt":"2025-12-19T09:57:49","guid":{"rendered":"https:\/\/baldumarket.lt\/product\/lyon-bialy-lyot01-stolik-bialy\/"},"modified":"2026-04-06T19:20:25","modified_gmt":"2026-04-06T16:20:25","slug":"lyon-bialy-lyot01-stolik-bialy","status":"publish","type":"product","link":"https:\/\/baldumarket.lt\/lt\/product\/lyon-bialy-lyot01-stolik-bialy\/","title":{"rendered":"Lyon White LYOT01 \u2013 Baltas staliukas"},"content":{"rendered":"<p>Bendr\u0173 akimirk\u0173 centre, kur kasdienyb\u0117s magija susipina su \u0161vie\u017eiai malt\u0173 kavos pupeli\u0173 aromatu, atsiranda baltas kavos staliukas LYON LYOT01. Puikus kompanionas tiek rytinei stimuliacijai, tiek popietiniam poilsiui besileid\u017eian\u010dios saul\u0117s \u0161viesoje. Tai daugiau nei baldas \u2013 tai erdv\u0117 J\u016bs\u0173 komfortui ir stilingam pateikimui. Sukurtas galvojant apie formos ai\u0161kum\u0105 ir funkcionalum\u0105, LYON \u017eavi moderniu dizainu ir puikia apdailos kokybe. Jo matmenys yra 105,6 cm plo\u010dio, 37,3 cm auk\u0161\u010dio ir 68,1 cm gylio, tod\u0117l jame yra vietos ma\u017eam kavos staliukui, u\u017ekand\u017eiams ir poilsiui reikalingiems aksesuarams. LYON kolekcija sukuria erdv\u0119 su tobulai apgalvotomis detal\u0117mis. Balta spalva, pary\u0161kinta laminuotos med\u017eio dro\u017eli\u0173 plok\u0161t\u0117s tekst\u016bra, sukuria gaivumo poj\u016bt\u012f ir dera net su i\u0161rankiausiais interjero dizaino skoniais. Laminuota med\u017eio dro\u017eli\u0173 plok\u0161t\u0117, i\u0161 kurios pagamintas stalvir\u0161is, \u0161onai ir pagrindas, u\u017etikrina atsparum\u0105 nusid\u0117v\u0117jimui ir yra lengvai valoma \u2013 savyb\u0117s, kurias \u012fvertinsite kasdien naudodami.<\/p>","protected":false},"excerpt":{"rendered":"<p>Plotis (cm): 105,6<br \/>\n\u016agis (cm): 37,3<br \/>\nGylis (cm): 68,1<\/p>","protected":false},"featured_media":163695,"comment_status":"open","ping_status":"open","template":"","meta":[],"product_brand":[],"product_cat":[9487,866,4107],"product_tag":[],"class_list":{"0":"post-163694","1":"product","2":"type-product","3":"status-publish","4":"has-post-thumbnail","6":"product_cat-furniture-system-lyon-white-wojcik-meble","7":"product_cat-coffee-tables","8":"product_cat-meble-wojcik","10":"first","11":"instock","12":"purchasable","13":"product-type-simple"},"_links":{"self":[{"href":"https:\/\/baldumarket.lt\/lt\/wp-json\/wp\/v2\/product\/163694","targetHints":{"allow":["GET"]}}],"collection":[{"href":"https:\/\/baldumarket.lt\/lt\/wp-json\/wp\/v2\/product"}],"about":[{"href":"https:\/\/baldumarket.lt\/lt\/wp-json\/wp\/v2\/types\/product"}],"replies":[{"embeddable":true,"href":"https:\/\/baldumarket.lt\/lt\/wp-json\/wp\/v2\/comments?post=163694"}],"wp:featuredmedia":[{"embeddable":true,"href":"https:\/\/baldumarket.lt\/lt\/wp-json\/wp\/v2\/media\/163695"}],"wp:attachment":[{"href":"https:\/\/baldumarket.lt\/lt\/wp-json\/wp\/v2\/media?parent=163694"}],"wp:term":[{"taxonomy":"product_brand","embeddable":true,"href":"https:\/\/baldumarket.lt\/lt\/wp-json\/wp\/v2\/product_brand?post=163694"},{"taxonomy":"product_cat","embeddable":true,"href":"https:\/\/baldumarket.lt\/lt\/wp-json\/wp\/v2\/product_cat?post=163694"},{"taxonomy":"product_tag","embeddable":true,"href":"https:\/\/baldumarket.lt\/lt\/wp-json\/wp\/v2\/product_tag?post=163694"}],"curies":[{"name":"wp","href":"https:\/\/api.w.org\/{rel}","templated":true}]}}