{"id":163688,"date":"2025-12-19T12:57:36","date_gmt":"2025-12-19T09:57:36","guid":{"rendered":"https:\/\/baldumarket.lt\/product\/lyon-bialy-lyot03-stol-rozkladany-bialy\/"},"modified":"2026-04-06T19:20:25","modified_gmt":"2026-04-06T16:20:25","slug":"lyon-bialy-lyot03-stol-rozkladany-bialy","status":"publish","type":"product","link":"https:\/\/baldumarket.lt\/lt\/product\/lyon-bialy-lyot03-stol-rozkladany-bialy\/","title":{"rendered":"Lyon White LYOT03 \u2013 Baltas i\u0161traukiamas stalas"},"content":{"rendered":"<p>Baltas LYON i\u0161traukiamas stalas LYOT03 \u2013 tai funkcionalumo ir nepriekai\u0161tingos estetikos kvintesencija, \u017eavinti savo gryna forma ir universalumu. Sukurtas valgomajam, virtuvei ar svetainei, \u0161is stalas taps \u0161eimos gyvenimo centru, kur mylimi \u017emon\u0117s renkasi praleisti laik\u0105 kartu ir m\u0117gautis maistu. Pagamintas i\u0161 auk\u0161tos kokyb\u0117s laminuotos plok\u0161t\u0117s, LYON stalas ne tik atrodo gra\u017eiai, bet ir yra ne\u012ftik\u0117tinai patvarus. Laminuoti pavir\u0161iai yra atspar\u016bs trin\u010diai, auk\u0161tai temperat\u016brai ir dr\u0117gmei, tod\u0117l \u0161is stalas idealiai tinka u\u017eimtiems namams ir kasdieniams i\u0161\u0161\u016bkiams. \u0160is baldas skirtas da\u017enam naudojimui, daugel\u012f met\u0173 i\u0161laikantis savo blizges\u012f ir stabilum\u0105. Modernus balto LYON serijos LYOT03 stalo dizainas suteikia puik\u0173 fon\u0105 bet kokio tipo stalo serviravimui \u2013 nuo klasikinio iki modernaus. Stalas, kurio ilgis yra nuo 140 cm iki 180 cm, plotis \u2013 85 cm, o auk\u0161tis \u2013 76,6 cm, nereikalauja stalties\u0117s. Balta apdaila suteikia interjerui ry\u0161kumo ir erdv\u0117s poj\u016bt\u012f, o tuo pa\u010diu metu bald\u0173 \u0161varos palaikymo paprastumas yra did\u017eiulis privalumas.<\/p>","protected":false},"excerpt":{"rendered":"<p>Plotis (cm): 140\u2013180<br \/>\n\u016agis (cm): 76,6<br \/>\nGylis (cm): 85<\/p>","protected":false},"featured_media":163689,"comment_status":"open","ping_status":"open","template":"","meta":[],"product_brand":[],"product_cat":[9487,4107,1934],"product_tag":[],"class_list":{"0":"post-163688","1":"product","2":"type-product","3":"status-publish","4":"has-post-thumbnail","6":"product_cat-furniture-system-lyon-white-wojcik-meble","7":"product_cat-meble-wojcik","8":"product_cat-tables","10":"first","11":"instock","12":"purchasable","13":"product-type-simple"},"_links":{"self":[{"href":"https:\/\/baldumarket.lt\/lt\/wp-json\/wp\/v2\/product\/163688","targetHints":{"allow":["GET"]}}],"collection":[{"href":"https:\/\/baldumarket.lt\/lt\/wp-json\/wp\/v2\/product"}],"about":[{"href":"https:\/\/baldumarket.lt\/lt\/wp-json\/wp\/v2\/types\/product"}],"replies":[{"embeddable":true,"href":"https:\/\/baldumarket.lt\/lt\/wp-json\/wp\/v2\/comments?post=163688"}],"wp:featuredmedia":[{"embeddable":true,"href":"https:\/\/baldumarket.lt\/lt\/wp-json\/wp\/v2\/media\/163689"}],"wp:attachment":[{"href":"https:\/\/baldumarket.lt\/lt\/wp-json\/wp\/v2\/media?parent=163688"}],"wp:term":[{"taxonomy":"product_brand","embeddable":true,"href":"https:\/\/baldumarket.lt\/lt\/wp-json\/wp\/v2\/product_brand?post=163688"},{"taxonomy":"product_cat","embeddable":true,"href":"https:\/\/baldumarket.lt\/lt\/wp-json\/wp\/v2\/product_cat?post=163688"},{"taxonomy":"product_tag","embeddable":true,"href":"https:\/\/baldumarket.lt\/lt\/wp-json\/wp\/v2\/product_tag?post=163688"}],"curies":[{"name":"wp","href":"https:\/\/api.w.org\/{rel}","templated":true}]}}