{"id":163682,"date":"2025-12-19T12:57:23","date_gmt":"2025-12-19T09:57:23","guid":{"rendered":"https:\/\/baldumarket.lt\/product\/lyon-bialy-lyor01r-regal-prawostronny-bialy\/"},"modified":"2026-04-06T19:20:25","modified_gmt":"2026-04-06T16:20:25","slug":"lyon-bialy-lyor01r-regal-prawostronny-bialy","status":"publish","type":"product","link":"https:\/\/baldumarket.lt\/lt\/product\/lyon-bialy-lyor01r-regal-prawostronny-bialy\/","title":{"rendered":"Lyon White LYOR01R \u2013 De\u0161in\u0117 balta lentyna"},"content":{"rendered":"<p>Atraskite balt\u0105 \u201eLyon LYOR01R\u201c lentyn\u0173 blok\u0105 \u2013 bald\u0105, kuris papildys j\u016bs\u0173 namus eleganti\u0161ka i\u0161vaizda ir prakti\u0161ku funkcionalumu. \u0160is lentyn\u0173 blokas i\u0161siskiria moderniu dizainu ir i\u0161maniu daikt\u0173 laikymo sprendimu. Jo matmenys \u2013 plotis: 60 cm, auk\u0161tis: 198,5 cm ir gylis: 42 cm \u2013 yra idealus pasirinkimas tiems, kurie ie\u0161ko kompakti\u0161k\u0173, ta\u010diau erdvi\u0173 bald\u0173 savo svajoni\u0173 interjerui. Balta \u201eLYOR01R\u201c lentyn\u0173 bloko spalva suteikia kambariui gaivumo ir universalumo, tod\u0117l j\u012f lengva integruoti su \u012fvairiais dekoratyviniais stiliais. Pagamintas i\u0161 auk\u0161tos kokyb\u0117s laminuotos plok\u0161t\u0117s, jis garantuoja ir patvarum\u0105, ir lengv\u0105 valym\u0105. Laminuotos med\u017eio dro\u017eli\u0173 plok\u0161t\u0117s korpusas padidina atsparum\u0105 kasdieniam d\u0117v\u0117jimuisi, pavyzd\u017eiui, \u012fbr\u0117\u017eimams ir dr\u0117gmei. Be to, jo stabilum\u0105 u\u017etikrina tvirta konstrukcija, paremta plastikin\u0117mis kojel\u0117mis, kurios taip pat apsaugo grindis nuo galim\u0173 pa\u017eeidim\u0173. \u201eLyon\u201c knyg\u0173 lentyn\u0173 i\u0161d\u0117stymas yra asimetri\u0161kas, tod\u0117l bet koks interjeras \u012fgauna ner\u016bpestingumo ir modernumo. Tai idealus pasirinkimas svetainei, jaunimo kambariui ar nam\u0173 biurui, kur prakti\u0161kumas dera su estetika. Optimaliai i\u0161d\u0117stytos lentynos sukuria eleganti\u0161k\u0105 knyg\u0173, papuo\u0161al\u0173, nuotrauk\u0173 r\u0117meli\u0173 ar kit\u0173 daikt\u0173 ekspozicij\u0105, kuri suteiks interjerui asmeni\u0161kumo.<\/p>","protected":false},"excerpt":{"rendered":"<p>Plotis (cm): 60<br \/>\n\u016agis (cm): 198,5<br \/>\nGylis (cm): 42<\/p>","protected":false},"featured_media":163683,"comment_status":"open","ping_status":"open","template":"","meta":[],"product_brand":[],"product_cat":[9487,4107,1987],"product_tag":[],"class_list":{"0":"post-163682","1":"product","2":"type-product","3":"status-publish","4":"has-post-thumbnail","6":"product_cat-furniture-system-lyon-white-wojcik-meble","7":"product_cat-meble-wojcik","8":"product_cat-shelving-units","10":"first","11":"instock","12":"purchasable","13":"product-type-simple"},"_links":{"self":[{"href":"https:\/\/baldumarket.lt\/lt\/wp-json\/wp\/v2\/product\/163682","targetHints":{"allow":["GET"]}}],"collection":[{"href":"https:\/\/baldumarket.lt\/lt\/wp-json\/wp\/v2\/product"}],"about":[{"href":"https:\/\/baldumarket.lt\/lt\/wp-json\/wp\/v2\/types\/product"}],"replies":[{"embeddable":true,"href":"https:\/\/baldumarket.lt\/lt\/wp-json\/wp\/v2\/comments?post=163682"}],"wp:featuredmedia":[{"embeddable":true,"href":"https:\/\/baldumarket.lt\/lt\/wp-json\/wp\/v2\/media\/163683"}],"wp:attachment":[{"href":"https:\/\/baldumarket.lt\/lt\/wp-json\/wp\/v2\/media?parent=163682"}],"wp:term":[{"taxonomy":"product_brand","embeddable":true,"href":"https:\/\/baldumarket.lt\/lt\/wp-json\/wp\/v2\/product_brand?post=163682"},{"taxonomy":"product_cat","embeddable":true,"href":"https:\/\/baldumarket.lt\/lt\/wp-json\/wp\/v2\/product_cat?post=163682"},{"taxonomy":"product_tag","embeddable":true,"href":"https:\/\/baldumarket.lt\/lt\/wp-json\/wp\/v2\/product_tag?post=163682"}],"curies":[{"name":"wp","href":"https:\/\/api.w.org\/{rel}","templated":true}]}}