{"id":163676,"date":"2025-12-19T12:57:11","date_gmt":"2025-12-19T09:57:11","guid":{"rendered":"https:\/\/baldumarket.lt\/product\/lyon-bialy-lyop01-polka-wiszaca-120-biala\/"},"modified":"2026-04-06T19:20:14","modified_gmt":"2026-04-06T16:20:14","slug":"lyon-bialy-lyop01-polka-wiszaca-120-biala","status":"publish","type":"product","link":"https:\/\/baldumarket.lt\/lt\/product\/lyon-bialy-lyop01-polka-wiszaca-120-biala\/","title":{"rendered":"Lyon White LYOP01 \u2013 Pakabinama lentyna 120 balta"},"content":{"rendered":"<p>Funkcionalumo ir subtilios elegancijos derinys \u2013 tai apib\u016bdina pakabinam\u0105 lentyn\u0105 \u201eLyon White LYOP01\u201c \u2013 pagrindin\u012f modernaus interjero dizaino element\u0105, suteikiant\u012f gaivumo ir lengvumo bet kokiam kambariui. Pakabinama lentyna \u201eLYOP01\u201c yra ne tik puiki platforma j\u016bs\u0173 m\u0117gstamiausiems dekoravimams, bet ir b\u016bdas efektyviai i\u0161naudoti sienos erdv\u0119 aplinkai sutvarkyti. 119,9 cm ilgio ir 20 cm gylio lentyna puikiai dera prie sienos ir suteikia daug vietos vertingiems suvenyrams, knygoms ar nuotrauk\u0173 r\u0117meliams eksponuoti. 24,8 cm auk\u0161tis kartu su \u0161onine sienele, pagaminta i\u0161 laminuotos med\u017eio dro\u017eli\u0173 plok\u0161t\u0117s, sukuria stabili\u0105 konstrukcij\u0105, u\u017etikrinan\u010di\u0105 eksponuojam\u0173 daikt\u0173 saugum\u0105. Be to, lentynos med\u017eiaga yra puikiai atspari kasdieniams i\u0161oriniams veiksniams, tokiems kaip dr\u0117gmei ir UV spinduliams, tod\u0117l tai ilgalaik\u0117 investicija. Balta \u201eLYOP01\u201c lentynos spalva garantuoja lengv\u0105 integravim\u0105 \u012f bet kok\u012f interjer\u0105 ir daugyb\u0119 i\u0161d\u0117stymo galimybi\u0173. Baltas laminatas, i\u0161 kurio pagaminta lentyna, suteikia interjerui modernumo ir pabr\u0117\u017eia apgalvotas dizaino detales, kartu atitikdamas naujausias interjero dizaino tendencijas. Be to, balta yra universali spalva \u2013 ji gali papildyti tiek \u0161iltesnius med\u017eio akcentus, tiek v\u0117si\u0105 metalo ar stiklo elegancij\u0105.<\/p>","protected":false},"excerpt":{"rendered":"<p>Plotis (cm): 119,9<br \/>\n\u016agis (cm): 24,8<br \/>\nGylis (cm): 20<\/p>","protected":false},"featured_media":163677,"comment_status":"open","ping_status":"open","template":"","meta":[],"product_brand":[],"product_cat":[9487,1174,4107],"product_tag":[],"class_list":{"0":"post-163676","1":"product","2":"type-product","3":"status-publish","4":"has-post-thumbnail","6":"product_cat-furniture-system-lyon-white-wojcik-meble","7":"product_cat-hanging-shelves","8":"product_cat-meble-wojcik","10":"first","11":"instock","12":"purchasable","13":"product-type-simple"},"_links":{"self":[{"href":"https:\/\/baldumarket.lt\/lt\/wp-json\/wp\/v2\/product\/163676","targetHints":{"allow":["GET"]}}],"collection":[{"href":"https:\/\/baldumarket.lt\/lt\/wp-json\/wp\/v2\/product"}],"about":[{"href":"https:\/\/baldumarket.lt\/lt\/wp-json\/wp\/v2\/types\/product"}],"replies":[{"embeddable":true,"href":"https:\/\/baldumarket.lt\/lt\/wp-json\/wp\/v2\/comments?post=163676"}],"wp:featuredmedia":[{"embeddable":true,"href":"https:\/\/baldumarket.lt\/lt\/wp-json\/wp\/v2\/media\/163677"}],"wp:attachment":[{"href":"https:\/\/baldumarket.lt\/lt\/wp-json\/wp\/v2\/media?parent=163676"}],"wp:term":[{"taxonomy":"product_brand","embeddable":true,"href":"https:\/\/baldumarket.lt\/lt\/wp-json\/wp\/v2\/product_brand?post=163676"},{"taxonomy":"product_cat","embeddable":true,"href":"https:\/\/baldumarket.lt\/lt\/wp-json\/wp\/v2\/product_cat?post=163676"},{"taxonomy":"product_tag","embeddable":true,"href":"https:\/\/baldumarket.lt\/lt\/wp-json\/wp\/v2\/product_tag?post=163676"}],"curies":[{"name":"wp","href":"https:\/\/api.w.org\/{rel}","templated":true}]}}