{"id":163670,"date":"2025-12-19T12:56:58","date_gmt":"2025-12-19T09:56:58","guid":{"rendered":"https:\/\/baldumarket.lt\/product\/lyon-bialy-lyop02-polka-wiszaca-140-biala\/"},"modified":"2026-04-06T19:20:14","modified_gmt":"2026-04-06T16:20:14","slug":"lyon-bialy-lyop02-polka-wiszaca-140-biala","status":"publish","type":"product","link":"https:\/\/baldumarket.lt\/lt\/product\/lyon-bialy-lyop02-polka-wiszaca-140-biala\/","title":{"rendered":"Lyon White LYOP02 \u2013 Pakabinama lentyna 140 balta"},"content":{"rendered":"<p>Atraskite lentyn\u0105, kuri kei\u010dia prakti\u0161ko gro\u017eio koncepcij\u0105 \u2013 \u201eLyon White LYOP02\u201c. Tai ne tik dar vienas interjero dizaino elementas; tai grynas taikomosios dail\u0117s k\u016brinys. 140 cm plo\u010dio, 25 cm auk\u0161\u010dio ir 20,1 cm gylio lentyna yra modernaus dizaino ir i\u0161skirtinio funkcionalumo kvintesencija. Unikali, asimetri\u0161ka forma leid\u017eia eleganti\u0161kai eksponuoti m\u0117gstamiausius daiktus, o atvirk\u0161tinio montavimo galimyb\u0117 suteikia laisv\u0119 formuoti erdv\u0119. Laminuota plok\u0161t\u0117, i\u0161 kurios pagaminta lentyna, u\u017etikrina patvarum\u0105 ir lengv\u0105 valym\u0105. Balta spalva kartu su stilizuotais kra\u0161tais paver\u010dia \u201eLYON\u201c lentyn\u0105 tikru bald\u0173 perlu. \u0160onin\u0117s ir galin\u0117s plok\u0161t\u0117s, pagamintos i\u0161 laminuotos med\u017eio dro\u017eli\u0173 plok\u0161t\u0117s, garantuoja stabilum\u0105 ir saugum\u0105 net ir ma\u017eiausiems dekoro elementams. \u201eLYON White\u201c kolekcija \u2013 tai bald\u0173 linija, kurioje kiekvienas elementas nusipelno b\u016bti vadinamas meno k\u016briniu. D\u0117l unikalios formos \u201eLYOP02\u201c lentyna puikiai dera prie modernios estetikos ir suteikia unikal\u0173 papildym\u0105, kuris papuo\u0161ia bet kok\u012f interjer\u0105. Nesvarbu, ar pastatytas \u0161alia komodos, vir\u0161 vitrinos ar \u0161alia televizoriaus staliuko, jis visur atrodo stulbinamai ir tampa dizaino akcentu.<\/p>","protected":false},"excerpt":{"rendered":"<p>Plotis (cm): 140<br \/>\n\u016agis (cm): 25<br \/>\nGylis (cm): 20,1<\/p>","protected":false},"featured_media":163671,"comment_status":"open","ping_status":"open","template":"","meta":[],"product_brand":[],"product_cat":[9487,1174,4107],"product_tag":[],"class_list":{"0":"post-163670","1":"product","2":"type-product","3":"status-publish","4":"has-post-thumbnail","6":"product_cat-furniture-system-lyon-white-wojcik-meble","7":"product_cat-hanging-shelves","8":"product_cat-meble-wojcik","10":"first","11":"instock","12":"purchasable","13":"product-type-simple"},"_links":{"self":[{"href":"https:\/\/baldumarket.lt\/lt\/wp-json\/wp\/v2\/product\/163670","targetHints":{"allow":["GET"]}}],"collection":[{"href":"https:\/\/baldumarket.lt\/lt\/wp-json\/wp\/v2\/product"}],"about":[{"href":"https:\/\/baldumarket.lt\/lt\/wp-json\/wp\/v2\/types\/product"}],"replies":[{"embeddable":true,"href":"https:\/\/baldumarket.lt\/lt\/wp-json\/wp\/v2\/comments?post=163670"}],"wp:featuredmedia":[{"embeddable":true,"href":"https:\/\/baldumarket.lt\/lt\/wp-json\/wp\/v2\/media\/163671"}],"wp:attachment":[{"href":"https:\/\/baldumarket.lt\/lt\/wp-json\/wp\/v2\/media?parent=163670"}],"wp:term":[{"taxonomy":"product_brand","embeddable":true,"href":"https:\/\/baldumarket.lt\/lt\/wp-json\/wp\/v2\/product_brand?post=163670"},{"taxonomy":"product_cat","embeddable":true,"href":"https:\/\/baldumarket.lt\/lt\/wp-json\/wp\/v2\/product_cat?post=163670"},{"taxonomy":"product_tag","embeddable":true,"href":"https:\/\/baldumarket.lt\/lt\/wp-json\/wp\/v2\/product_tag?post=163670"}],"curies":[{"name":"wp","href":"https:\/\/api.w.org\/{rel}","templated":true}]}}