{"id":163664,"date":"2025-12-19T12:56:44","date_gmt":"2025-12-19T09:56:44","guid":{"rendered":"https:\/\/baldumarket.lt\/product\/lyon-bialy-lyob101-biurko-1d1s-biale\/"},"modified":"2026-04-06T19:20:14","modified_gmt":"2026-04-06T16:20:14","slug":"lyon-bialy-lyob101-biurko-1d1s-biale","status":"publish","type":"product","link":"https:\/\/baldumarket.lt\/lt\/product\/lyon-bialy-lyob101-biurko-1d1s-biale\/","title":{"rendered":"Lyon White LYOB101 \u2013 Ra\u0161omasis stalas 1D1S baltas"},"content":{"rendered":"<p>1D1S baltas Lyon ra\u0161omasis stalas (LYOB101) \u2013 tai baldas, kuris gerokai padidins j\u016bs\u0173 darbo vietos funkcionalum\u0105 ir estetik\u0105. Derindamas modernius sprendimus su eleganti\u0161ku dizainu, jis sukuria tobul\u0105 darbo viet\u0105 tiek nam\u0173 biurui, tiek priva\u010diam kampeliui j\u016bs\u0173 svetain\u0117je. \u0160is dizainerio sukurtas 135 cm plo\u010dio, 65 cm gylio ir 75 cm auk\u0161\u010dio ra\u0161omasis stalas suteikia daug darbo vietos ir patogiai talpina visus b\u016btinus biuro reikmenis. Universalios baltos spalvos apdaila puikiai der\u0117s prie bet kokio interjero dizaino, i\u0161laikydama gaiv\u0173 ir modern\u0173 poj\u016bt\u012f. Stalo pagrindas \u2013 auk\u0161tos kokyb\u0117s laminuota plok\u0161t\u0117, kuri yra itin patvari, lengvai valoma ir pri\u017ei\u016brima. \u0160i med\u017eiaga buvo kruop\u0161\u010diai parinkta, kad atlaikyt\u0173 aplinkos veiksnius \u2013 ji atspari UV spinduliams, auk\u0161tai temperat\u016brai, dr\u0117gmei ir \u012fbr\u0117\u017eimams, u\u017etikrinant ilg\u0105 tarnavimo laik\u0105 nepakenkiant gro\u017eiui ir funkcionalumui.<\/p>","protected":false},"excerpt":{"rendered":"<p>Plotis (cm): 135<br \/>\n\u016agis (cm): 75<br \/>\nGylis (cm): 65<\/p>","protected":false},"featured_media":163665,"comment_status":"open","ping_status":"open","template":"","meta":[],"product_brand":[],"product_cat":[9487,1312,4107],"product_tag":[],"class_list":{"0":"post-163664","1":"product","2":"type-product","3":"status-publish","4":"has-post-thumbnail","6":"product_cat-furniture-system-lyon-white-wojcik-meble","7":"product_cat-desks","8":"product_cat-meble-wojcik","10":"first","11":"instock","12":"purchasable","13":"product-type-simple"},"_links":{"self":[{"href":"https:\/\/baldumarket.lt\/lt\/wp-json\/wp\/v2\/product\/163664","targetHints":{"allow":["GET"]}}],"collection":[{"href":"https:\/\/baldumarket.lt\/lt\/wp-json\/wp\/v2\/product"}],"about":[{"href":"https:\/\/baldumarket.lt\/lt\/wp-json\/wp\/v2\/types\/product"}],"replies":[{"embeddable":true,"href":"https:\/\/baldumarket.lt\/lt\/wp-json\/wp\/v2\/comments?post=163664"}],"wp:featuredmedia":[{"embeddable":true,"href":"https:\/\/baldumarket.lt\/lt\/wp-json\/wp\/v2\/media\/163665"}],"wp:attachment":[{"href":"https:\/\/baldumarket.lt\/lt\/wp-json\/wp\/v2\/media?parent=163664"}],"wp:term":[{"taxonomy":"product_brand","embeddable":true,"href":"https:\/\/baldumarket.lt\/lt\/wp-json\/wp\/v2\/product_brand?post=163664"},{"taxonomy":"product_cat","embeddable":true,"href":"https:\/\/baldumarket.lt\/lt\/wp-json\/wp\/v2\/product_cat?post=163664"},{"taxonomy":"product_tag","embeddable":true,"href":"https:\/\/baldumarket.lt\/lt\/wp-json\/wp\/v2\/product_tag?post=163664"}],"curies":[{"name":"wp","href":"https:\/\/api.w.org\/{rel}","templated":true}]}}