{"id":163658,"date":"2025-12-19T12:56:31","date_gmt":"2025-12-19T09:56:31","guid":{"rendered":"https:\/\/baldumarket.lt\/product\/linate-typ-97-lozko-140-ze-stelazem-biale-dab-truflowy\/"},"modified":"2026-04-06T19:20:14","modified_gmt":"2026-04-06T16:20:14","slug":"linate-typ-97-lozko-140-ze-stelazem-biale-dab-truflowy","status":"publish","type":"product","link":"https:\/\/baldumarket.lt\/lt\/product\/linate-typ-97-lozko-140-ze-stelazem-biale-dab-truflowy\/","title":{"rendered":"Linate TYPE 97 \u2013 Lova 140 su r\u0117mu, balta\/trufeli\u0173 spalvos \u0105\u017euolas"},"content":{"rendered":"<p>\u012esikurkite komforto ir modernaus dizaino pasaulyje su m\u016bs\u0173 \u201eLinate TYPE 97\u201c lova. \u0160i eleganti\u0161ka ir funkcionali lovos perlas yra ne tik esteti\u0161kai patrauklus, bet ir prakti\u0161kas j\u016bs\u0173 miegamajam. Optimal\u016bs matmenys: plotis: 145,2 cm, auk\u0161tis: 88,5 cm, gylis: 206,4 cm garantuoja komfort\u0105 ir harmonij\u0105 net ir ma\u017eiausiuose kambariuose. \u201eLinate\u201c lova stebina ne tik tvirta konstrukcija, pagaminta i\u0161 patvarios laminuotos plok\u0161t\u0117s ir MDF, bet ir subtiliu triufeli\u0173 ir baltos spalv\u0173 deriniu, suteikian\u010diu interjerui lengvumo ir modernumo. Spalv\u0173 gama ypa\u010d ry\u0161ki \u2013 klasikin\u0117 balta spalva kartu su \u0161iltu nat\u016bralios medienos atspalviu daro \u0161\u012f bald\u0105 puikiai tinkant\u012f bet kokiam interjerui, tiek moderniam, tiek tradiciniam. \u201eLinate\u201c lovos patvarum\u0105 ir tvirtum\u0105 u\u017etikrina naudojamos med\u017eiagos: galv\u016bgaliai pagaminti i\u0161 MDF, o \u0161onai ir aplikacijos \u2013 i\u0161 laminuotos med\u017eio dro\u017eli\u0173 plok\u0161t\u0117s \u2013 visa tai u\u017etikrina gaminio stabilum\u0105 ir ilgaam\u017ei\u0161kum\u0105. Papildomas privalumas \u2013 moderni pak\u0117limo sistema su saugiais dujiniais keltuvais, kuri \u017eymiai palengvina prieig\u0105 prie patalyn\u0117s skyriaus. D\u0117l j\u0173 galite lengvai pakelti r\u0117m\u0105, u\u017etikrindami greit\u0105 ir patogi\u0105 prieig\u0105 prie saugom\u0173 daikt\u0173.<\/p>","protected":false},"excerpt":{"rendered":"<p>Plotis (cm): 145,2<br \/>\n\u016agis (cm): 88,5<br \/>\nGylis (cm): 206,4<\/p>","protected":false},"featured_media":163659,"comment_status":"open","ping_status":"open","template":"","meta":[],"product_brand":[],"product_cat":[9486,505,4107],"product_tag":[],"class_list":{"0":"post-163658","1":"product","2":"type-product","3":"status-publish","4":"has-post-thumbnail","6":"product_cat-furniture-system-linate-wojcik-meble","7":"product_cat-bedroom-beds","8":"product_cat-meble-wojcik","10":"first","11":"instock","12":"purchasable","13":"product-type-simple"},"_links":{"self":[{"href":"https:\/\/baldumarket.lt\/lt\/wp-json\/wp\/v2\/product\/163658","targetHints":{"allow":["GET"]}}],"collection":[{"href":"https:\/\/baldumarket.lt\/lt\/wp-json\/wp\/v2\/product"}],"about":[{"href":"https:\/\/baldumarket.lt\/lt\/wp-json\/wp\/v2\/types\/product"}],"replies":[{"embeddable":true,"href":"https:\/\/baldumarket.lt\/lt\/wp-json\/wp\/v2\/comments?post=163658"}],"wp:featuredmedia":[{"embeddable":true,"href":"https:\/\/baldumarket.lt\/lt\/wp-json\/wp\/v2\/media\/163659"}],"wp:attachment":[{"href":"https:\/\/baldumarket.lt\/lt\/wp-json\/wp\/v2\/media?parent=163658"}],"wp:term":[{"taxonomy":"product_brand","embeddable":true,"href":"https:\/\/baldumarket.lt\/lt\/wp-json\/wp\/v2\/product_brand?post=163658"},{"taxonomy":"product_cat","embeddable":true,"href":"https:\/\/baldumarket.lt\/lt\/wp-json\/wp\/v2\/product_cat?post=163658"},{"taxonomy":"product_tag","embeddable":true,"href":"https:\/\/baldumarket.lt\/lt\/wp-json\/wp\/v2\/product_tag?post=163658"}],"curies":[{"name":"wp","href":"https:\/\/api.w.org\/{rel}","templated":true}]}}