{"id":163652,"date":"2025-12-19T12:56:18","date_gmt":"2025-12-19T09:56:18","guid":{"rendered":"https:\/\/baldumarket.lt\/product\/linate-typ-94-lozko-160-ze-stelazem-biale-dab-truflowy\/"},"modified":"2026-04-06T19:20:14","modified_gmt":"2026-04-06T16:20:14","slug":"linate-typ-94-lozko-160-ze-stelazem-biale-dab-truflowy","status":"publish","type":"product","link":"https:\/\/baldumarket.lt\/lt\/product\/linate-typ-94-lozko-160-ze-stelazem-biale-dab-truflowy\/","title":{"rendered":"Linate TYPE 94 \u2013 Lova 160 su r\u0117mu, balta\/trufeli\u0173 spalvos \u0105\u017euolas"},"content":{"rendered":"<p>Atraskite komfort\u0105 ir modernum\u0105 i\u0161 naujo su eleganti\u0161ka \u201eLinate TYPE 94\u201c lova, kuri ne tik praturtins j\u016bs\u0173 miegamojo erdv\u0119, bet ir pasi\u016blys prakti\u0161kus sprendimus, puikiai pritaikytus j\u016bs\u0173 poreikiams. Sukurta kruop\u0161\u010diai atkreipiant d\u0117mes\u012f \u012f detales, ji i\u0161pildo svajon\u0119 apie ideali\u0105 viet\u0105 poilsiui ir atsipalaidavimui. Baltos ir \u0161iltos triufeli\u0173 spalvos derinys sukuria raminan\u010di\u0105 harmonij\u0105 ir puikiai dera su \u012fvairiais interjero dizainais, pabr\u0117\u017edamas modern\u0173 j\u016bs\u0173 miegamojo stili\u0173. \u012esp\u016bding\u0173 165,2 x 88,5 x 206,4 cm matmen\u0173 \u201eLinate TYPE 94\u201c lova suteikia erdv\u0117s poj\u016bt\u012f, idealiai tinkant\u012f patogiam nakties miegui ir atpalaiduojan\u010diam poilsiui. Patvarios med\u017eiagos, tokios kaip laminuota plok\u0161t\u0117 ir MDF, garantuoja tvirtum\u0105 ir ilgaam\u017ei\u0161kum\u0105, be to, jas lengva valyti. Laminuotos med\u017eio dro\u017eli\u0173 plok\u0161t\u0117s akcentai yra ne tik estetin\u0117 detal\u0117, bet ir garantuoja visos konstrukcijos stabilum\u0105. \u0160ios lovos \u017eaves\u012f sustiprina skoningi MDF galv\u016bgaliai ir laminuotos med\u017eio dro\u017eli\u0173 plok\u0161t\u0117s \u0161onai, kurie atrodo itin stilingi ir novatori\u0161ki.<\/p>","protected":false},"excerpt":{"rendered":"<p>Plotis (cm): 165,2<br \/>\n\u016agis (cm): 88,5<br \/>\nGylis (cm): 206,4<\/p>","protected":false},"featured_media":163653,"comment_status":"open","ping_status":"open","template":"","meta":[],"product_brand":[],"product_cat":[9486,505,4107],"product_tag":[],"class_list":{"0":"post-163652","1":"product","2":"type-product","3":"status-publish","4":"has-post-thumbnail","6":"product_cat-furniture-system-linate-wojcik-meble","7":"product_cat-bedroom-beds","8":"product_cat-meble-wojcik","10":"first","11":"instock","12":"purchasable","13":"product-type-simple"},"_links":{"self":[{"href":"https:\/\/baldumarket.lt\/lt\/wp-json\/wp\/v2\/product\/163652","targetHints":{"allow":["GET"]}}],"collection":[{"href":"https:\/\/baldumarket.lt\/lt\/wp-json\/wp\/v2\/product"}],"about":[{"href":"https:\/\/baldumarket.lt\/lt\/wp-json\/wp\/v2\/types\/product"}],"replies":[{"embeddable":true,"href":"https:\/\/baldumarket.lt\/lt\/wp-json\/wp\/v2\/comments?post=163652"}],"wp:featuredmedia":[{"embeddable":true,"href":"https:\/\/baldumarket.lt\/lt\/wp-json\/wp\/v2\/media\/163653"}],"wp:attachment":[{"href":"https:\/\/baldumarket.lt\/lt\/wp-json\/wp\/v2\/media?parent=163652"}],"wp:term":[{"taxonomy":"product_brand","embeddable":true,"href":"https:\/\/baldumarket.lt\/lt\/wp-json\/wp\/v2\/product_brand?post=163652"},{"taxonomy":"product_cat","embeddable":true,"href":"https:\/\/baldumarket.lt\/lt\/wp-json\/wp\/v2\/product_cat?post=163652"},{"taxonomy":"product_tag","embeddable":true,"href":"https:\/\/baldumarket.lt\/lt\/wp-json\/wp\/v2\/product_tag?post=163652"}],"curies":[{"name":"wp","href":"https:\/\/api.w.org\/{rel}","templated":true}]}}