{"id":163646,"date":"2025-12-19T12:56:05","date_gmt":"2025-12-19T09:56:05","guid":{"rendered":"https:\/\/baldumarket.lt\/product\/linate-typ-80-biurko-1d-1s-biale-dab-truflowy\/"},"modified":"2026-04-06T19:20:14","modified_gmt":"2026-04-06T16:20:14","slug":"linate-typ-80-biurko-1d-1s-biale-dab-truflowy","status":"publish","type":"product","link":"https:\/\/baldumarket.lt\/lt\/product\/linate-typ-80-biurko-1d-1s-biale-dab-truflowy\/","title":{"rendered":"Linate TYPE 80 \u2013 Ra\u0161omasis stalas 1D-1S baltas\/trufeli\u0173 spalvos \u0105\u017euolas"},"content":{"rendered":"<p>Atraskite funkcionalum\u0105 ir modern\u0173 dizain\u0105 su \u201eLinate TYPE 80 \u2013 1D-1S\u201c baltos\/triufeli\u0173 spalvos stalu \u2013 modernaus stiliaus ir unikalios estetikos kvintesencija nam\u0173 biure ar studij\u0173 erdv\u0117je. \u0160is stalas \u2013 tai tobulas elegancijos ir prakti\u0161kumo derinys, skirtas tiems, kurie vertina auk\u0161t\u0105 darbo ir mokymosi standart\u0105 savo nam\u0173 komforte. 125 cm plo\u010dio, 72,8 cm auk\u0161\u010dio ir 61,9 cm gylio \u201eLinate\u201c stalas suteikia patogi\u0105 darbo viet\u0105, tuo pa\u010diu suma\u017einant vietos suvartojim\u0105. Stalo korpusas pagamintas i\u0161 patvarios laminuotos med\u017eio dro\u017eli\u0173 plok\u0161t\u0117s, kuri yra ne tik patvari, bet ir lengvai valoma. Priekin\u0117 dalis pagaminta i\u0161 auk\u0161tos kokyb\u0117s MDF plok\u0161t\u0117s, kuri puikiai dera su \u0161iltais triufeli\u0173 atspalviais ir prislopinta balta spalva. \u0160ios dvi spalvos kartu suteikia stalui eleganti\u0161k\u0105 charakter\u012f ir leid\u017eia j\u012f lengvai \u012fsilieti \u012f \u012fvairius interjerus. \u201eLinate\u201c i\u0161siskiria savo ergonomika d\u0117l novatori\u0161k\u0173 sprendim\u0173, toki\u0173 kaip sistema be ranken\u0117li\u0173, u\u017etikrinanti lygias ir esteti\u0161kas bald\u0173 linijas. Be to, \u0161velnaus u\u017edarymo priedai, tiek b\u0117geliuose, tiek vyriuose, garantuoja komfort\u0105 kiekvien\u0105 dien\u0105. \u0160velnaus u\u017edarymo sistema leid\u017eia \u0161velniai u\u017edaryti stal\u010dius ir dureles, suma\u017einti triuk\u0161m\u0105 ir pailginti bald\u0173 tarnavimo laik\u0105.<\/p>","protected":false},"excerpt":{"rendered":"<p>Plotis (cm): 125<br \/>\n\u016agis (cm): 72,8<br \/>\nGylis (cm): 61,9<\/p>","protected":false},"featured_media":163647,"comment_status":"open","ping_status":"open","template":"","meta":[],"product_brand":[],"product_cat":[9486,1312,4107],"product_tag":[],"class_list":{"0":"post-163646","1":"product","2":"type-product","3":"status-publish","4":"has-post-thumbnail","6":"product_cat-furniture-system-linate-wojcik-meble","7":"product_cat-desks","8":"product_cat-meble-wojcik","10":"first","11":"instock","12":"purchasable","13":"product-type-simple"},"_links":{"self":[{"href":"https:\/\/baldumarket.lt\/lt\/wp-json\/wp\/v2\/product\/163646","targetHints":{"allow":["GET"]}}],"collection":[{"href":"https:\/\/baldumarket.lt\/lt\/wp-json\/wp\/v2\/product"}],"about":[{"href":"https:\/\/baldumarket.lt\/lt\/wp-json\/wp\/v2\/types\/product"}],"replies":[{"embeddable":true,"href":"https:\/\/baldumarket.lt\/lt\/wp-json\/wp\/v2\/comments?post=163646"}],"wp:featuredmedia":[{"embeddable":true,"href":"https:\/\/baldumarket.lt\/lt\/wp-json\/wp\/v2\/media\/163647"}],"wp:attachment":[{"href":"https:\/\/baldumarket.lt\/lt\/wp-json\/wp\/v2\/media?parent=163646"}],"wp:term":[{"taxonomy":"product_brand","embeddable":true,"href":"https:\/\/baldumarket.lt\/lt\/wp-json\/wp\/v2\/product_brand?post=163646"},{"taxonomy":"product_cat","embeddable":true,"href":"https:\/\/baldumarket.lt\/lt\/wp-json\/wp\/v2\/product_cat?post=163646"},{"taxonomy":"product_tag","embeddable":true,"href":"https:\/\/baldumarket.lt\/lt\/wp-json\/wp\/v2\/product_tag?post=163646"}],"curies":[{"name":"wp","href":"https:\/\/api.w.org\/{rel}","templated":true}]}}